{"id":947,"date":"2025-05-17T16:51:46","date_gmt":"2025-05-17T14:51:46","guid":{"rendered":"https:\/\/sloncejewelry.pl\/?post_type=product&#038;p=947"},"modified":"2025-05-17T16:50:10","modified_gmt":"2025-05-17T14:50:10","slug":"orange-juice","status":"publish","type":"product","link":"https:\/\/sloncejewelry.pl\/?product=orange-juice","title":{"rendered":"Orange juice."},"content":{"rendered":"<h2 id=\"\" class=\"mb-2 mt-6 text-lg font-[500] first:mt-0 dark:font-[475]\"><button class=\"hover:duration-80 duration-800 cursor-pointer text-left align-baseline inline underline decoration-textOff\/25 decoration-1 underline-offset-[5px] animate-underlineFade after:content-[&quot;&quot;] hover:text-super hover:decoration-super\/80 hover:underline-offset-[7px] dark:decoration-textOffDark\/30 dark:hover:text-superDark dark:hover:decoration-superDark\/80 transition-all motion-reduce:transition-none appearance-none bg-transparent border-0 p-0 m-0 [td_&amp;]:table-cell align-baseline inline-block align-top\" type=\"button\" data-state=\"closed\">Zestaw naszyjnik\u00f3w w pastelowych kolorach z soczyst\u0105 pomara\u0144czk\u0105 \u2013 letnia \u015bwie\u017co\u015b\u0107 i rado\u015b\u0107<\/button><\/h2>\n<p class=\"my-0\">Wprowad\u017a do swojej bi\u017cuterii powiew lata i wiosennej lekko\u015bci dzi\u0119ki wyj\u0105tkowemu zestawowi naszyjnik\u00f3w, kt\u00f3ry zachwyca pastelowymi barwami i energetycznymi akcentami. To idealna propozycja na s\u0142oneczne dni, kt\u00f3ra roz\u015bwietli ka\u017cd\u0105 stylizacj\u0119 i doda jej wyj\u0105tkowego charakteru.<\/p>\n<h2 class=\"mb-xs mt-5 text-base font-[500] first:mt-0 dark:font-[475]\"><button class=\"hover:duration-80 duration-800 cursor-pointer text-left align-baseline inline underline decoration-textOff\/25 decoration-1 underline-offset-[5px] animate-underlineFade after:content-[&quot;&quot;] hover:text-super hover:decoration-super\/80 hover:underline-offset-[7px] dark:decoration-textOffDark\/30 dark:hover:text-superDark dark:hover:decoration-superDark\/80 transition-all motion-reduce:transition-none appearance-none bg-transparent border-0 p-0 m-0 [td_&amp;]:table-cell align-baseline inline-block align-top\" type=\"button\" data-state=\"closed\">Co znajdziesz w zestawie?<\/button><\/h2>\n<ul class=\"marker:text-textOff list-disc\">\n<li>\n<p class=\"my-0\"><strong><button class=\"hover:duration-80 duration-800 cursor-pointer text-left align-baseline inline underline decoration-textOff\/25 decoration-1 underline-offset-[5px] animate-underlineFade after:content-[&quot;&quot;] hover:text-super hover:decoration-super\/80 hover:underline-offset-[7px] dark:decoration-textOffDark\/30 dark:hover:text-superDark dark:hover:decoration-superDark\/80 transition-all motion-reduce:transition-none appearance-none bg-transparent border-0 p-0 m-0 [td_&amp;]:table-cell align-baseline inline-block align-top\" type=\"button\" data-state=\"closed\">Okr\u0105g\u0142y naszyjnik w pastelowych kolorach<\/button><\/strong><br \/>\nDelikatny, subtelny i niezwykle efektowny \u2013 pi\u0119knie prezentuje si\u0119 zar\u00f3wno solo, jak i w zestawie, podkre\u015blaj\u0105c wakacyjny klimat.<\/p>\n<\/li>\n<li>\n<p class=\"my-0\"><strong><button class=\"hover:duration-80 duration-800 cursor-pointer text-left align-baseline inline underline decoration-textOff\/25 decoration-1 underline-offset-[5px] animate-underlineFade after:content-[&quot;&quot;] hover:text-super hover:decoration-super\/80 hover:underline-offset-[7px] dark:decoration-textOffDark\/30 dark:hover:text-superDark dark:hover:decoration-superDark\/80 transition-all motion-reduce:transition-none appearance-none bg-transparent border-0 p-0 m-0 [td_&amp;]:table-cell align-baseline inline-block align-top\" type=\"button\" data-state=\"closed\">Naszyjnik z kolorowymi r\u0119cznie robionymi kwiatuszkami<\/button><\/strong><br \/>\nKa\u017cdy kwiatuszek to ma\u0142e dzie\u0142o sztuki, a ich wyj\u0105tkowa, pastelowa kolorystyka przywo\u0142uje na my\u015bl kwitn\u0105ce \u0142\u0105ki i beztroskie, letnie dni.<\/p>\n<\/li>\n<li>\n<p class=\"my-0\"><strong><button class=\"hover:duration-80 duration-800 cursor-pointer text-left align-baseline inline underline decoration-textOff\/25 decoration-1 underline-offset-[5px] animate-underlineFade after:content-[&quot;&quot;] hover:text-super hover:decoration-super\/80 hover:underline-offset-[7px] dark:decoration-textOffDark\/30 dark:hover:text-superDark dark:hover:decoration-superDark\/80 transition-all motion-reduce:transition-none appearance-none bg-transparent border-0 p-0 m-0 [td_&amp;]:table-cell align-baseline inline-block align-top\" type=\"button\" data-state=\"closed\">Naszyjnik z soczyst\u0105 pomara\u0144czk\u0105<\/button><\/strong><br \/>\nUtrzymany w be\u017cowo-r\u00f3\u017cowej tonacji, z r\u0119cznie wykonan\u0105 pomara\u0144czk\u0105, kt\u00f3ra dodaje ca\u0142o\u015bci \u015bwie\u017co\u015bci i energetycznego akcentu. To idealne po\u0142\u0105czenie kolor\u00f3w na lato i wiosn\u0119.<\/p>\n<\/li>\n<\/ul>\n<h2 class=\"mb-xs mt-5 text-base font-[500] first:mt-0 dark:font-[475]\"><button class=\"hover:duration-80 duration-800 cursor-pointer text-left align-baseline inline underline decoration-textOff\/25 decoration-1 underline-offset-[5px] animate-underlineFade after:content-[&quot;&quot;] hover:text-super hover:decoration-super\/80 hover:underline-offset-[7px] dark:decoration-textOffDark\/30 dark:hover:text-superDark dark:hover:decoration-superDark\/80 transition-all motion-reduce:transition-none appearance-none bg-transparent border-0 p-0 m-0 [td_&amp;]:table-cell align-baseline inline-block align-top\" type=\"button\" data-state=\"closed\">Dlaczego pokochasz ten zestaw?<\/button><\/h2>\n<ul class=\"marker:text-textOff list-disc\">\n<li>\n<p class=\"my-0\">R\u0119cznie wykonane elementy z dba\u0142o\u015bci\u0105 o ka\u017cdy szczeg\u00f3\u0142<\/p>\n<\/li>\n<li>\n<p class=\"my-0\">Pastelowe barwy w po\u0142\u0105czeniu z soczyst\u0105 pomara\u0144cz\u0105 tworz\u0105 wyj\u0105tkow\u0105 kompozycj\u0119<\/p>\n<\/li>\n<li>\n<p class=\"my-0\">Idealny na s\u0142oneczne, letnie i wiosenne dni<\/p>\n<\/li>\n<li>\n<p class=\"my-0\">Mo\u017cliwo\u015b\u0107 noszenia ka\u017cdego naszyjnika osobno lub w zestawie<\/p>\n<\/li>\n<li>\n<p class=\"my-0\">Dodaje lekko\u015bci, \u015bwie\u017co\u015bci i rado\u015bci ka\u017cdej stylizacji<\/p>\n<\/li>\n<\/ul>\n<p class=\"my-0\">No\u015b ten zestaw, by ka\u017cdego dnia cieszy\u0107 si\u0119 s\u0142o\u0144cem i pozytywn\u0105 energi\u0105 wakacji!<\/p>\n<p class=\"my-0\"><span style=\"font-family: var(--global-body-font-family);\">Jak dba\u0107 o bi\u017cuteri\u0119:<\/span><\/p>\n<p class=\"my-0\"><span style=\"font-family: var(--global-body-font-family);\">1.Zdejmuj bi\u017cuteri\u0119 do snu oraz k\u0105pieli.<\/span><\/p>\n<p class=\"my-0\"><span style=\"font-family: var(--global-body-font-family);\">2.Unikaj kontaktu z detergentami, balsamami, perfumami.<\/span><\/p>\n<p class=\"my-0\"><span style=\"font-family: var(--global-body-font-family);\">3.Przechowuj bi\u017cuteri\u0119 w zamkni\u0119tym pude\u0142eczku.<\/span><\/p>\n<p class=\"my-0\"><span style=\"font-family: var(--global-body-font-family);\">4.Przecieraj specjalnie do tego przeznaczon\u0105 szmatk\u0105.<\/span><\/p>\n<p class=\"my-0\"><span style=\"font-family: var(--global-body-font-family);\">5.Zdejmuj podczas opalania i ograniczaj d\u0142ugotrwa\u0142y kontakt z promieniami s\u0142onecznymi.<\/span><\/p>\n<p class=\"my-0\"><span style=\"font-family: var(--global-body-font-family);\">Stosowanie si\u0119 do powy\u017cszych zasad pozwoli si\u0119 d\u0142ugo cieszy\u0107 pi\u0119kn\u0105 bi\u017cuteri\u0105.<\/span><\/p>\n","protected":false},"excerpt":{"rendered":"<p>Zestaw naszyjnik\u00f3w w pastelowych kolorach z soczyst\u0105 pomara\u0144czk\u0105 \u2013 letnia \u015bwie\u017co\u015b\u0107 i rado\u015b\u0107 Wprowad\u017a do swojej bi\u017cuterii powiew lata i wiosennej lekko\u015bci dzi\u0119ki wyj\u0105tkowemu zestawowi naszyjnik\u00f3w, kt\u00f3ry zachwyca pastelowymi barwami i energetycznymi akcentami. To idealna propozycja na s\u0142oneczne dni, kt\u00f3ra roz\u015bwietli ka\u017cd\u0105 stylizacj\u0119 i doda jej wyj\u0105tkowego charakteru. Co znajdziesz w zestawie? Okr\u0105g\u0142y naszyjnik w&#8230;<\/p>\n","protected":false},"featured_media":948,"comment_status":"open","ping_status":"closed","template":"","meta":{"_kadence_starter_templates_imported_post":false,"_kad_post_transparent":"default","_kad_post_title":"","_kad_post_layout":"default","_kad_post_sidebar_id":"","_kad_post_content_style":"default","_kad_post_vertical_padding":"default","_kad_post_feature":"","_kad_post_feature_position":"","_kad_post_header":false,"_kad_post_footer":false},"product_brand":[],"product_cat":[19],"product_tag":[46,40,50,55,51],"class_list":{"0":"post-947","1":"product","2":"type-product","3":"status-publish","4":"has-post-thumbnail","6":"product_cat-naszyjniki","7":"product_tag-bizuteria","8":"product_tag-kolorowy-naszyjnik","9":"product_tag-naszyjnik-z-kwiatuszkami","10":"product_tag-naszyjnik-z-pomaranczka","11":"product_tag-wiosenny-set","13":"first","14":"onbackorder","15":"shipping-taxable","16":"purchasable","17":"product-type-variable","18":"entry","19":"content-bg","20":"loop-entry"},"yoast_head":"<!-- This site is optimized with the Yoast SEO plugin v27.4 - https:\/\/yoast.com\/product\/yoast-seo-wordpress\/ -->\n<title>Orange juice. -<\/title>\n<meta name=\"robots\" content=\"index, follow, max-snippet:-1, max-image-preview:large, max-video-preview:-1\" \/>\n<link rel=\"canonical\" href=\"https:\/\/sloncejewelry.pl\/?product=orange-juice\" \/>\n<meta property=\"og:locale\" content=\"pl_PL\" \/>\n<meta property=\"og:type\" content=\"article\" \/>\n<meta property=\"og:title\" content=\"Orange juice. -\" \/>\n<meta property=\"og:description\" content=\"Zestaw naszyjnik\u00f3w w pastelowych kolorach z soczyst\u0105 pomara\u0144czk\u0105 \u2013 letnia \u015bwie\u017co\u015b\u0107 i rado\u015b\u0107 Wprowad\u017a do swojej bi\u017cuterii powiew lata i wiosennej lekko\u015bci dzi\u0119ki wyj\u0105tkowemu zestawowi naszyjnik\u00f3w, kt\u00f3ry zachwyca pastelowymi barwami i energetycznymi akcentami. To idealna propozycja na s\u0142oneczne dni, kt\u00f3ra roz\u015bwietli ka\u017cd\u0105 stylizacj\u0119 i doda jej wyj\u0105tkowego charakteru. Co znajdziesz w zestawie? Okr\u0105g\u0142y naszyjnik w...\" \/>\n<meta property=\"og:url\" content=\"https:\/\/sloncejewelry.pl\/?product=orange-juice\" \/>\n<meta name=\"twitter:card\" content=\"summary_large_image\" \/>\n<meta name=\"twitter:label1\" content=\"Szacowany czas czytania\" \/>\n\t<meta name=\"twitter:data1\" content=\"2 minuty\" \/>\n<script type=\"application\/ld+json\" class=\"yoast-schema-graph\">{\"@context\":\"https:\\\/\\\/schema.org\",\"@graph\":[{\"@type\":\"WebPage\",\"@id\":\"https:\\\/\\\/sloncejewelry.pl\\\/?product=orange-juice\",\"url\":\"https:\\\/\\\/sloncejewelry.pl\\\/?product=orange-juice\",\"name\":\"Orange juice. -\",\"isPartOf\":{\"@id\":\"https:\\\/\\\/sloncejewelry.pl\\\/#website\"},\"primaryImageOfPage\":{\"@id\":\"https:\\\/\\\/sloncejewelry.pl\\\/?product=orange-juice#primaryimage\"},\"image\":{\"@id\":\"https:\\\/\\\/sloncejewelry.pl\\\/?product=orange-juice#primaryimage\"},\"thumbnailUrl\":\"https:\\\/\\\/sloncejewelry.pl\\\/wp-content\\\/uploads\\\/2025\\\/05\\\/IMG_7872-scaled.jpg\",\"datePublished\":\"2025-05-17T14:51:46+00:00\",\"breadcrumb\":{\"@id\":\"https:\\\/\\\/sloncejewelry.pl\\\/?product=orange-juice#breadcrumb\"},\"inLanguage\":\"pl-PL\",\"potentialAction\":[{\"@type\":\"ReadAction\",\"target\":[\"https:\\\/\\\/sloncejewelry.pl\\\/?product=orange-juice\"]}]},{\"@type\":\"ImageObject\",\"inLanguage\":\"pl-PL\",\"@id\":\"https:\\\/\\\/sloncejewelry.pl\\\/?product=orange-juice#primaryimage\",\"url\":\"https:\\\/\\\/sloncejewelry.pl\\\/wp-content\\\/uploads\\\/2025\\\/05\\\/IMG_7872-scaled.jpg\",\"contentUrl\":\"https:\\\/\\\/sloncejewelry.pl\\\/wp-content\\\/uploads\\\/2025\\\/05\\\/IMG_7872-scaled.jpg\",\"width\":1920,\"height\":2560,\"caption\":\"okr\u0105g\u0142y pastelowy naszyjnik, naszyjnik z kwiatuszkami, naszyjnik z pomara\u0144czk\u0105\"},{\"@type\":\"BreadcrumbList\",\"@id\":\"https:\\\/\\\/sloncejewelry.pl\\\/?product=orange-juice#breadcrumb\",\"itemListElement\":[{\"@type\":\"ListItem\",\"position\":1,\"name\":\"Strona g\u0142\u00f3wna\",\"item\":\"https:\\\/\\\/sloncejewelry.pl\\\/\"},{\"@type\":\"ListItem\",\"position\":2,\"name\":\"Sklep\",\"item\":\"https:\\\/\\\/sloncejewelry.pl\\\/?page_id=408\"},{\"@type\":\"ListItem\",\"position\":3,\"name\":\"Orange juice.\"}]},{\"@type\":\"WebSite\",\"@id\":\"https:\\\/\\\/sloncejewelry.pl\\\/#website\",\"url\":\"https:\\\/\\\/sloncejewelry.pl\\\/\",\"name\":\"\",\"description\":\"\",\"potentialAction\":[{\"@type\":\"SearchAction\",\"target\":{\"@type\":\"EntryPoint\",\"urlTemplate\":\"https:\\\/\\\/sloncejewelry.pl\\\/?s={search_term_string}\"},\"query-input\":{\"@type\":\"PropertyValueSpecification\",\"valueRequired\":true,\"valueName\":\"search_term_string\"}}],\"inLanguage\":\"pl-PL\"}]}<\/script>\n<!-- \/ Yoast SEO plugin. -->","yoast_head_json":{"title":"Orange juice. -","robots":{"index":"index","follow":"follow","max-snippet":"max-snippet:-1","max-image-preview":"max-image-preview:large","max-video-preview":"max-video-preview:-1"},"canonical":"https:\/\/sloncejewelry.pl\/?product=orange-juice","og_locale":"pl_PL","og_type":"article","og_title":"Orange juice. -","og_description":"Zestaw naszyjnik\u00f3w w pastelowych kolorach z soczyst\u0105 pomara\u0144czk\u0105 \u2013 letnia \u015bwie\u017co\u015b\u0107 i rado\u015b\u0107 Wprowad\u017a do swojej bi\u017cuterii powiew lata i wiosennej lekko\u015bci dzi\u0119ki wyj\u0105tkowemu zestawowi naszyjnik\u00f3w, kt\u00f3ry zachwyca pastelowymi barwami i energetycznymi akcentami. To idealna propozycja na s\u0142oneczne dni, kt\u00f3ra roz\u015bwietli ka\u017cd\u0105 stylizacj\u0119 i doda jej wyj\u0105tkowego charakteru. Co znajdziesz w zestawie? Okr\u0105g\u0142y naszyjnik w...","og_url":"https:\/\/sloncejewelry.pl\/?product=orange-juice","twitter_card":"summary_large_image","twitter_misc":{"Szacowany czas czytania":"2 minuty"},"schema":{"@context":"https:\/\/schema.org","@graph":[{"@type":"WebPage","@id":"https:\/\/sloncejewelry.pl\/?product=orange-juice","url":"https:\/\/sloncejewelry.pl\/?product=orange-juice","name":"Orange juice. -","isPartOf":{"@id":"https:\/\/sloncejewelry.pl\/#website"},"primaryImageOfPage":{"@id":"https:\/\/sloncejewelry.pl\/?product=orange-juice#primaryimage"},"image":{"@id":"https:\/\/sloncejewelry.pl\/?product=orange-juice#primaryimage"},"thumbnailUrl":"https:\/\/sloncejewelry.pl\/wp-content\/uploads\/2025\/05\/IMG_7872-scaled.jpg","datePublished":"2025-05-17T14:51:46+00:00","breadcrumb":{"@id":"https:\/\/sloncejewelry.pl\/?product=orange-juice#breadcrumb"},"inLanguage":"pl-PL","potentialAction":[{"@type":"ReadAction","target":["https:\/\/sloncejewelry.pl\/?product=orange-juice"]}]},{"@type":"ImageObject","inLanguage":"pl-PL","@id":"https:\/\/sloncejewelry.pl\/?product=orange-juice#primaryimage","url":"https:\/\/sloncejewelry.pl\/wp-content\/uploads\/2025\/05\/IMG_7872-scaled.jpg","contentUrl":"https:\/\/sloncejewelry.pl\/wp-content\/uploads\/2025\/05\/IMG_7872-scaled.jpg","width":1920,"height":2560,"caption":"okr\u0105g\u0142y pastelowy naszyjnik, naszyjnik z kwiatuszkami, naszyjnik z pomara\u0144czk\u0105"},{"@type":"BreadcrumbList","@id":"https:\/\/sloncejewelry.pl\/?product=orange-juice#breadcrumb","itemListElement":[{"@type":"ListItem","position":1,"name":"Strona g\u0142\u00f3wna","item":"https:\/\/sloncejewelry.pl\/"},{"@type":"ListItem","position":2,"name":"Sklep","item":"https:\/\/sloncejewelry.pl\/?page_id=408"},{"@type":"ListItem","position":3,"name":"Orange juice."}]},{"@type":"WebSite","@id":"https:\/\/sloncejewelry.pl\/#website","url":"https:\/\/sloncejewelry.pl\/","name":"","description":"","potentialAction":[{"@type":"SearchAction","target":{"@type":"EntryPoint","urlTemplate":"https:\/\/sloncejewelry.pl\/?s={search_term_string}"},"query-input":{"@type":"PropertyValueSpecification","valueRequired":true,"valueName":"search_term_string"}}],"inLanguage":"pl-PL"}]}},"jetpack_sharing_enabled":true,"_links":{"self":[{"href":"https:\/\/sloncejewelry.pl\/index.php?rest_route=\/wp\/v2\/product\/947","targetHints":{"allow":["GET"]}}],"collection":[{"href":"https:\/\/sloncejewelry.pl\/index.php?rest_route=\/wp\/v2\/product"}],"about":[{"href":"https:\/\/sloncejewelry.pl\/index.php?rest_route=\/wp\/v2\/types\/product"}],"replies":[{"embeddable":true,"href":"https:\/\/sloncejewelry.pl\/index.php?rest_route=%2Fwp%2Fv2%2Fcomments&post=947"}],"wp:featuredmedia":[{"embeddable":true,"href":"https:\/\/sloncejewelry.pl\/index.php?rest_route=\/wp\/v2\/media\/948"}],"wp:attachment":[{"href":"https:\/\/sloncejewelry.pl\/index.php?rest_route=%2Fwp%2Fv2%2Fmedia&parent=947"}],"wp:term":[{"taxonomy":"product_brand","embeddable":true,"href":"https:\/\/sloncejewelry.pl\/index.php?rest_route=%2Fwp%2Fv2%2Fproduct_brand&post=947"},{"taxonomy":"product_cat","embeddable":true,"href":"https:\/\/sloncejewelry.pl\/index.php?rest_route=%2Fwp%2Fv2%2Fproduct_cat&post=947"},{"taxonomy":"product_tag","embeddable":true,"href":"https:\/\/sloncejewelry.pl\/index.php?rest_route=%2Fwp%2Fv2%2Fproduct_tag&post=947"}],"curies":[{"name":"wp","href":"https:\/\/api.w.org\/{rel}","templated":true}]}}