{"id":840,"date":"2025-05-07T19:29:41","date_gmt":"2025-05-07T17:29:41","guid":{"rendered":"https:\/\/sloncejewelry.pl\/?post_type=product&#038;p=840"},"modified":"2025-05-12T20:55:55","modified_gmt":"2025-05-12T18:55:55","slug":"blueberry-island","status":"publish","type":"product","link":"https:\/\/sloncejewelry.pl\/?product=blueberry-island","title":{"rendered":"Blueberry island."},"content":{"rendered":"<h2 id=\"wyjtkowy-naszyjnik-z-owocami-serduszkami-i-rcznie\" class=\"mb-2 mt-6 text-lg font-[500] first:mt-0 dark:font-[475]\">Wyj\u0105tkowy naszyjnik z owocami, serduszkami i r\u0119cznie robionymi cudami \u2013 soczysta podr\u00f3\u017c pe\u0142na kolor\u00f3w<\/h2>\n<p class=\"my-0\">Zapraszamy Ci\u0119 w niezwyk\u0142\u0105, soczyst\u0105 podr\u00f3\u017c dzi\u0119ki naszyjnikowi, kt\u00f3ry zachwyca bogactwem detali i odwa\u017cn\u0105, a zarazem harmonijn\u0105 kompozycj\u0105. Ka\u017cdy r\u0119cznie wykonany dodatek \u2013 owoc, serduszko czy inny uroczy element \u2013 zosta\u0142 starannie dobrany, by tworzy\u0107 razem wyj\u0105tkow\u0105, pe\u0142n\u0105 \u017cycia ca\u0142o\u015b\u0107.<\/p>\n<p class=\"my-0\">Naszyjnik \u0142\u0105czy r\u00f3\u017cnorodne odcienie niebieskiego z ciep\u0142ym mase\u0142kowym kolorem oraz naturalnym br\u0105zem, co nadaje mu unikalnego charakteru i g\u0142\u0119bi. To bi\u017cuteria dla os\u00f3b, kt\u00f3re nie boj\u0105 si\u0119 wyr\u00f3\u017cnia\u0107 i ceni\u0105 sobie oryginalno\u015b\u0107.<\/p>\n<h2 class=\"mb-xs mt-5 text-base font-[500] first:mt-0 dark:font-[475]\">Dlaczego warto wybra\u0107 ten naszyjnik?<\/h2>\n<ul class=\"marker:text-textOff list-disc\">\n<li>\n<p class=\"my-0\">R\u0119cznie wykonane, unikatowe dodatki pe\u0142ne detali<\/p>\n<\/li>\n<li>\n<p class=\"my-0\">Odwa\u017cna, a zarazem sp\u00f3jna kolorystyka \u2013 niebieskie tony po\u0142\u0105czone z mase\u0142kiem i br\u0105zem<\/p>\n<\/li>\n<li>\n<p class=\"my-0\">Idealny dla mi\u0142o\u015bniczek niebanalnych, artystycznych akcent\u00f3w<\/p>\n<\/li>\n<li>\n<p class=\"my-0\">Doskonale komponuje si\u0119 z r\u00f3\u017cnymi stylizacjami, dodaj\u0105c im charakteru<\/p>\n<\/li>\n<li>\n<p class=\"my-0\">Soczysta, pe\u0142na energii podr\u00f3\u017c zamkni\u0119ta w jednej bi\u017cuterii<\/p>\n<\/li>\n<\/ul>\n<p class=\"my-0\">Dodaj swojej kolekcji wyj\u0105tkowy naszyjnik, kt\u00f3ry opowiada histori\u0119 i przyci\u0105ga spojrzenia!<\/p>\n<p class=\"my-0\">Jak dba\u0107 o bi\u017cuteri\u0119:<\/p>\n<p class=\"my-0\">1.Zdejmuj bi\u017cuteri\u0119 do snu oraz k\u0105pieli.<\/p>\n<p class=\"my-0\">2.Unikaj kontaktu z detergentami, balsamami, perfumami.<\/p>\n<p class=\"my-0\">3.Przechowuj bi\u017cuteri\u0119 w zamkni\u0119tym pude\u0142eczku.<\/p>\n<p class=\"my-0\">4.Przecieraj specjalnie do tego przeznaczon\u0105 szmatk\u0105.<\/p>\n<p class=\"my-0\">5.Zdejmuj podczas opalania i ograniczaj d\u0142ugotrwa\u0142y kontakt z promieniami s\u0142onecznymi.<\/p>\n<p class=\"my-0\">Stosowanie si\u0119 do powy\u017cszych zasad pozwoli si\u0119 d\u0142ugo cieszy\u0107 pi\u0119kn\u0105 bi\u017cuteri\u0105.<\/p>\n","protected":false},"excerpt":{"rendered":"<p>Wyj\u0105tkowy naszyjnik z owocami, serduszkami i r\u0119cznie robionymi cudami \u2013 soczysta podr\u00f3\u017c pe\u0142na kolor\u00f3w Zapraszamy Ci\u0119 w niezwyk\u0142\u0105, soczyst\u0105 podr\u00f3\u017c dzi\u0119ki naszyjnikowi, kt\u00f3ry zachwyca bogactwem detali i odwa\u017cn\u0105, a zarazem harmonijn\u0105 kompozycj\u0105. Ka\u017cdy r\u0119cznie wykonany dodatek \u2013 owoc, serduszko czy inny uroczy element \u2013 zosta\u0142 starannie dobrany, by tworzy\u0107 razem wyj\u0105tkow\u0105, pe\u0142n\u0105 \u017cycia ca\u0142o\u015b\u0107. Naszyjnik&#8230;<\/p>\n","protected":false},"featured_media":841,"comment_status":"open","ping_status":"closed","template":"","meta":{"_kadence_starter_templates_imported_post":false,"_kad_post_transparent":"default","_kad_post_title":"","_kad_post_layout":"default","_kad_post_sidebar_id":"","_kad_post_content_style":"default","_kad_post_vertical_padding":"default","_kad_post_feature":"","_kad_post_feature_position":"","_kad_post_header":false,"_kad_post_footer":false},"product_brand":[],"product_cat":[19],"product_tag":[46,31,53,26,25],"class_list":{"0":"post-840","1":"product","2":"type-product","3":"status-publish","4":"has-post-thumbnail","6":"product_cat-naszyjniki","7":"product_tag-bizuteria","8":"product_tag-naszyjnik-owoce","9":"product_tag-naszyjnik-perlowy","10":"product_tag-naszyjnik-serce","11":"product_tag-naszyjnik-z-owockami","13":"first","14":"onbackorder","15":"shipping-taxable","16":"purchasable","17":"product-type-simple","18":"entry","19":"content-bg","20":"loop-entry"},"yoast_head":"<!-- This site is optimized with the Yoast SEO plugin v27.4 - https:\/\/yoast.com\/product\/yoast-seo-wordpress\/ -->\n<title>Blueberry island. -<\/title>\n<meta name=\"robots\" content=\"index, follow, max-snippet:-1, max-image-preview:large, max-video-preview:-1\" \/>\n<link rel=\"canonical\" href=\"https:\/\/sloncejewelry.pl\/?product=blueberry-island\" \/>\n<meta property=\"og:locale\" content=\"pl_PL\" \/>\n<meta property=\"og:type\" content=\"article\" \/>\n<meta property=\"og:title\" content=\"Blueberry island. -\" \/>\n<meta property=\"og:description\" content=\"Wyj\u0105tkowy naszyjnik z owocami, serduszkami i r\u0119cznie robionymi cudami \u2013 soczysta podr\u00f3\u017c pe\u0142na kolor\u00f3w Zapraszamy Ci\u0119 w niezwyk\u0142\u0105, soczyst\u0105 podr\u00f3\u017c dzi\u0119ki naszyjnikowi, kt\u00f3ry zachwyca bogactwem detali i odwa\u017cn\u0105, a zarazem harmonijn\u0105 kompozycj\u0105. Ka\u017cdy r\u0119cznie wykonany dodatek \u2013 owoc, serduszko czy inny uroczy element \u2013 zosta\u0142 starannie dobrany, by tworzy\u0107 razem wyj\u0105tkow\u0105, pe\u0142n\u0105 \u017cycia ca\u0142o\u015b\u0107. Naszyjnik...\" \/>\n<meta property=\"og:url\" content=\"https:\/\/sloncejewelry.pl\/?product=blueberry-island\" \/>\n<meta property=\"article:modified_time\" content=\"2025-05-12T18:55:55+00:00\" \/>\n<meta name=\"twitter:card\" content=\"summary_large_image\" \/>\n<meta name=\"twitter:label1\" content=\"Szacowany czas czytania\" \/>\n\t<meta name=\"twitter:data1\" content=\"2 minuty\" \/>\n<script type=\"application\/ld+json\" class=\"yoast-schema-graph\">{\"@context\":\"https:\\\/\\\/schema.org\",\"@graph\":[{\"@type\":\"WebPage\",\"@id\":\"https:\\\/\\\/sloncejewelry.pl\\\/?product=blueberry-island\",\"url\":\"https:\\\/\\\/sloncejewelry.pl\\\/?product=blueberry-island\",\"name\":\"Blueberry island. -\",\"isPartOf\":{\"@id\":\"https:\\\/\\\/sloncejewelry.pl\\\/#website\"},\"primaryImageOfPage\":{\"@id\":\"https:\\\/\\\/sloncejewelry.pl\\\/?product=blueberry-island#primaryimage\"},\"image\":{\"@id\":\"https:\\\/\\\/sloncejewelry.pl\\\/?product=blueberry-island#primaryimage\"},\"thumbnailUrl\":\"https:\\\/\\\/sloncejewelry.pl\\\/wp-content\\\/uploads\\\/2025\\\/05\\\/IMG_7204-scaled.jpg\",\"datePublished\":\"2025-05-07T17:29:41+00:00\",\"dateModified\":\"2025-05-12T18:55:55+00:00\",\"breadcrumb\":{\"@id\":\"https:\\\/\\\/sloncejewelry.pl\\\/?product=blueberry-island#breadcrumb\"},\"inLanguage\":\"pl-PL\",\"potentialAction\":[{\"@type\":\"ReadAction\",\"target\":[\"https:\\\/\\\/sloncejewelry.pl\\\/?product=blueberry-island\"]}]},{\"@type\":\"ImageObject\",\"inLanguage\":\"pl-PL\",\"@id\":\"https:\\\/\\\/sloncejewelry.pl\\\/?product=blueberry-island#primaryimage\",\"url\":\"https:\\\/\\\/sloncejewelry.pl\\\/wp-content\\\/uploads\\\/2025\\\/05\\\/IMG_7204-scaled.jpg\",\"contentUrl\":\"https:\\\/\\\/sloncejewelry.pl\\\/wp-content\\\/uploads\\\/2025\\\/05\\\/IMG_7204-scaled.jpg\",\"width\":1920,\"height\":2560,\"caption\":\"naszyjnik z r\u0119cznie szytymi owockami i sercami\"},{\"@type\":\"BreadcrumbList\",\"@id\":\"https:\\\/\\\/sloncejewelry.pl\\\/?product=blueberry-island#breadcrumb\",\"itemListElement\":[{\"@type\":\"ListItem\",\"position\":1,\"name\":\"Strona g\u0142\u00f3wna\",\"item\":\"https:\\\/\\\/sloncejewelry.pl\\\/\"},{\"@type\":\"ListItem\",\"position\":2,\"name\":\"Sklep\",\"item\":\"https:\\\/\\\/sloncejewelry.pl\\\/?page_id=408\"},{\"@type\":\"ListItem\",\"position\":3,\"name\":\"Blueberry island.\"}]},{\"@type\":\"WebSite\",\"@id\":\"https:\\\/\\\/sloncejewelry.pl\\\/#website\",\"url\":\"https:\\\/\\\/sloncejewelry.pl\\\/\",\"name\":\"\",\"description\":\"\",\"potentialAction\":[{\"@type\":\"SearchAction\",\"target\":{\"@type\":\"EntryPoint\",\"urlTemplate\":\"https:\\\/\\\/sloncejewelry.pl\\\/?s={search_term_string}\"},\"query-input\":{\"@type\":\"PropertyValueSpecification\",\"valueRequired\":true,\"valueName\":\"search_term_string\"}}],\"inLanguage\":\"pl-PL\"}]}<\/script>\n<!-- \/ Yoast SEO plugin. -->","yoast_head_json":{"title":"Blueberry island. -","robots":{"index":"index","follow":"follow","max-snippet":"max-snippet:-1","max-image-preview":"max-image-preview:large","max-video-preview":"max-video-preview:-1"},"canonical":"https:\/\/sloncejewelry.pl\/?product=blueberry-island","og_locale":"pl_PL","og_type":"article","og_title":"Blueberry island. -","og_description":"Wyj\u0105tkowy naszyjnik z owocami, serduszkami i r\u0119cznie robionymi cudami \u2013 soczysta podr\u00f3\u017c pe\u0142na kolor\u00f3w Zapraszamy Ci\u0119 w niezwyk\u0142\u0105, soczyst\u0105 podr\u00f3\u017c dzi\u0119ki naszyjnikowi, kt\u00f3ry zachwyca bogactwem detali i odwa\u017cn\u0105, a zarazem harmonijn\u0105 kompozycj\u0105. Ka\u017cdy r\u0119cznie wykonany dodatek \u2013 owoc, serduszko czy inny uroczy element \u2013 zosta\u0142 starannie dobrany, by tworzy\u0107 razem wyj\u0105tkow\u0105, pe\u0142n\u0105 \u017cycia ca\u0142o\u015b\u0107. Naszyjnik...","og_url":"https:\/\/sloncejewelry.pl\/?product=blueberry-island","article_modified_time":"2025-05-12T18:55:55+00:00","twitter_card":"summary_large_image","twitter_misc":{"Szacowany czas czytania":"2 minuty"},"schema":{"@context":"https:\/\/schema.org","@graph":[{"@type":"WebPage","@id":"https:\/\/sloncejewelry.pl\/?product=blueberry-island","url":"https:\/\/sloncejewelry.pl\/?product=blueberry-island","name":"Blueberry island. -","isPartOf":{"@id":"https:\/\/sloncejewelry.pl\/#website"},"primaryImageOfPage":{"@id":"https:\/\/sloncejewelry.pl\/?product=blueberry-island#primaryimage"},"image":{"@id":"https:\/\/sloncejewelry.pl\/?product=blueberry-island#primaryimage"},"thumbnailUrl":"https:\/\/sloncejewelry.pl\/wp-content\/uploads\/2025\/05\/IMG_7204-scaled.jpg","datePublished":"2025-05-07T17:29:41+00:00","dateModified":"2025-05-12T18:55:55+00:00","breadcrumb":{"@id":"https:\/\/sloncejewelry.pl\/?product=blueberry-island#breadcrumb"},"inLanguage":"pl-PL","potentialAction":[{"@type":"ReadAction","target":["https:\/\/sloncejewelry.pl\/?product=blueberry-island"]}]},{"@type":"ImageObject","inLanguage":"pl-PL","@id":"https:\/\/sloncejewelry.pl\/?product=blueberry-island#primaryimage","url":"https:\/\/sloncejewelry.pl\/wp-content\/uploads\/2025\/05\/IMG_7204-scaled.jpg","contentUrl":"https:\/\/sloncejewelry.pl\/wp-content\/uploads\/2025\/05\/IMG_7204-scaled.jpg","width":1920,"height":2560,"caption":"naszyjnik z r\u0119cznie szytymi owockami i sercami"},{"@type":"BreadcrumbList","@id":"https:\/\/sloncejewelry.pl\/?product=blueberry-island#breadcrumb","itemListElement":[{"@type":"ListItem","position":1,"name":"Strona g\u0142\u00f3wna","item":"https:\/\/sloncejewelry.pl\/"},{"@type":"ListItem","position":2,"name":"Sklep","item":"https:\/\/sloncejewelry.pl\/?page_id=408"},{"@type":"ListItem","position":3,"name":"Blueberry island."}]},{"@type":"WebSite","@id":"https:\/\/sloncejewelry.pl\/#website","url":"https:\/\/sloncejewelry.pl\/","name":"","description":"","potentialAction":[{"@type":"SearchAction","target":{"@type":"EntryPoint","urlTemplate":"https:\/\/sloncejewelry.pl\/?s={search_term_string}"},"query-input":{"@type":"PropertyValueSpecification","valueRequired":true,"valueName":"search_term_string"}}],"inLanguage":"pl-PL"}]}},"jetpack_sharing_enabled":true,"_links":{"self":[{"href":"https:\/\/sloncejewelry.pl\/index.php?rest_route=\/wp\/v2\/product\/840","targetHints":{"allow":["GET"]}}],"collection":[{"href":"https:\/\/sloncejewelry.pl\/index.php?rest_route=\/wp\/v2\/product"}],"about":[{"href":"https:\/\/sloncejewelry.pl\/index.php?rest_route=\/wp\/v2\/types\/product"}],"replies":[{"embeddable":true,"href":"https:\/\/sloncejewelry.pl\/index.php?rest_route=%2Fwp%2Fv2%2Fcomments&post=840"}],"wp:featuredmedia":[{"embeddable":true,"href":"https:\/\/sloncejewelry.pl\/index.php?rest_route=\/wp\/v2\/media\/841"}],"wp:attachment":[{"href":"https:\/\/sloncejewelry.pl\/index.php?rest_route=%2Fwp%2Fv2%2Fmedia&parent=840"}],"wp:term":[{"taxonomy":"product_brand","embeddable":true,"href":"https:\/\/sloncejewelry.pl\/index.php?rest_route=%2Fwp%2Fv2%2Fproduct_brand&post=840"},{"taxonomy":"product_cat","embeddable":true,"href":"https:\/\/sloncejewelry.pl\/index.php?rest_route=%2Fwp%2Fv2%2Fproduct_cat&post=840"},{"taxonomy":"product_tag","embeddable":true,"href":"https:\/\/sloncejewelry.pl\/index.php?rest_route=%2Fwp%2Fv2%2Fproduct_tag&post=840"}],"curies":[{"name":"wp","href":"https:\/\/api.w.org\/{rel}","templated":true}]}}