{"id":561,"date":"2025-05-02T21:03:59","date_gmt":"2025-05-02T19:03:59","guid":{"rendered":"https:\/\/sloncejewelry.pl\/?post_type=product&#038;p=561"},"modified":"2025-05-04T17:12:31","modified_gmt":"2025-05-04T15:12:31","slug":"cherry-lady","status":"publish","type":"product","link":"https:\/\/sloncejewelry.pl\/?product=cherry-lady","title":{"rendered":"Cherry lady."},"content":{"rendered":"<p class=\"my-0\">Przenie\u015b si\u0119 na chwil\u0119 do sadu pe\u0142nego kwitn\u0105cych wi\u015bni dzi\u0119ki naszemu wyj\u0105tkowemu naszyjnikowi z r\u0119cznie robionymi, soczystymi wisienkami. Delikatne be\u017cowe koraliki zosta\u0142y uzupe\u0142nione kolorowymi akcentami oraz subtelnymi srebrnymi kuleczkami, kt\u00f3re dodaj\u0105 ca\u0142o\u015bci lekko\u015bci i elegancji.<\/p>\n<p class=\"my-0\">Ten naszyjnik to prawdziwy ho\u0142d dla wiosennych dni, pe\u0142nych \u015bwie\u017co\u015bci, zapachu kwiat\u00f3w i s\u0142onecznych promieni. Jego unikatowy, r\u0119cznie wykonany design sprawia, \u017ce stanie si\u0119 wyj\u0105tkowym dodatkiem do ka\u017cdej stylizacji &#8211; zar\u00f3wno codziennej, jak i bardziej wyj\u015bciowej.<\/p>\n<h2 class=\"mb-xs mt-5 text-base font-[525] first:mt-0\">Dlaczego pokochasz ten naszyjnik?<\/h2>\n<ul class=\"marker:text-textOff list-disc\">\n<li>\n<p class=\"my-0\">R\u0119cznie robione, soczyste wisienki pe\u0142ne detali<\/p>\n<\/li>\n<li>\n<p class=\"my-0\">Harmonijne po\u0142\u0105czenie be\u017cowych koralik\u00f3w, kolorowych akcent\u00f3w i srebrnych kuleczek<\/p>\n<\/li>\n<li>\n<p class=\"my-0\">Inspiracja wiosennym sadem wi\u015bniowym i jego magiczn\u0105 atmosfer\u0105<\/p>\n<\/li>\n<li>\n<p class=\"my-0\">Uniwersalny dodatek, kt\u00f3ry podkre\u015bli Tw\u00f3j styl i doda mu \u015bwie\u017co\u015bci<\/p>\n<\/li>\n<\/ul>\n<p class=\"my-0\">Dodaj swojej bi\u017cuterii nut\u0119 wiosennej rado\u015bci i naturalnego pi\u0119kna!<\/p>\n<p class=\"my-0\"><span style=\"font-family: var(--global-body-font-family);\">Jak dba\u0107 o bi\u017cuteri\u0119:<\/span><\/p>\n<p class=\"my-0\"><span style=\"font-family: var(--global-body-font-family);\">1.Zdejmuj bi\u017cuteri\u0119 do snu oraz k\u0105pieli.<\/span><\/p>\n<p class=\"my-0\"><span style=\"font-family: var(--global-body-font-family);\">2.Unikaj kontaktu z detergentami, balsamami, perfumami.<\/span><\/p>\n<p class=\"my-0\"><span style=\"font-family: var(--global-body-font-family);\">3.Przechowuj bi\u017cuteri\u0119 w zamkni\u0119tym pude\u0142eczku.<\/span><\/p>\n<p class=\"my-0\"><span style=\"font-family: var(--global-body-font-family);\">4.Przecieraj specjalnie do tego przeznaczon\u0105 szmatk\u0105.<\/span><\/p>\n<p class=\"my-0\"><span style=\"font-family: var(--global-body-font-family);\">5.Zdejmuj podczas opalania i ograniczaj d\u0142ugotrwa\u0142y kontakt z promieniami s\u0142onecznymi.<\/span><\/p>\n<p class=\"my-0\"><span style=\"font-family: var(--global-body-font-family);\">Stosowanie si\u0119 do powy\u017cszych zasad pozwoli si\u0119 d\u0142ugo cieszy\u0107 pi\u0119kn\u0105 bi\u017cuteri\u0105.<\/span><\/p>\n","protected":false},"excerpt":{"rendered":"<p>Przenie\u015b si\u0119 na chwil\u0119 do sadu pe\u0142nego kwitn\u0105cych wi\u015bni dzi\u0119ki naszemu wyj\u0105tkowemu naszyjnikowi z r\u0119cznie robionymi, soczystymi wisienkami. Delikatne be\u017cowe koraliki zosta\u0142y uzupe\u0142nione kolorowymi akcentami oraz subtelnymi srebrnymi kuleczkami, kt\u00f3re dodaj\u0105 ca\u0142o\u015bci lekko\u015bci i elegancji. Ten naszyjnik to prawdziwy ho\u0142d dla wiosennych dni, pe\u0142nych \u015bwie\u017co\u015bci, zapachu kwiat\u00f3w i s\u0142onecznych promieni. Jego unikatowy, r\u0119cznie wykonany design&#8230;<\/p>\n","protected":false},"featured_media":562,"comment_status":"open","ping_status":"closed","template":"","meta":{"_kadence_starter_templates_imported_post":false,"_kad_post_transparent":"default","_kad_post_title":"","_kad_post_layout":"default","_kad_post_sidebar_id":"","_kad_post_content_style":"default","_kad_post_vertical_padding":"default","_kad_post_feature":"","_kad_post_feature_position":"","_kad_post_header":false,"_kad_post_footer":false},"product_brand":[],"product_cat":[19],"product_tag":[40,37,38,39],"class_list":{"0":"post-561","1":"product","2":"type-product","3":"status-publish","4":"has-post-thumbnail","6":"product_cat-naszyjniki","7":"product_tag-kolorowy-naszyjnik","8":"product_tag-naszyjnik-z-wisienkami","9":"product_tag-sloneczny-naszyjnik","10":"product_tag-wisienki","12":"first","13":"onbackorder","14":"shipping-taxable","15":"purchasable","16":"product-type-simple","17":"entry","18":"content-bg","19":"loop-entry"},"yoast_head":"<!-- This site is optimized with the Yoast SEO plugin v27.4 - https:\/\/yoast.com\/product\/yoast-seo-wordpress\/ -->\n<title>Cherry lady. -<\/title>\n<meta name=\"robots\" content=\"index, follow, max-snippet:-1, max-image-preview:large, max-video-preview:-1\" \/>\n<link rel=\"canonical\" href=\"https:\/\/sloncejewelry.pl\/?product=cherry-lady\" \/>\n<meta property=\"og:locale\" content=\"pl_PL\" \/>\n<meta property=\"og:type\" content=\"article\" \/>\n<meta property=\"og:title\" content=\"Cherry lady. -\" \/>\n<meta property=\"og:description\" content=\"Przenie\u015b si\u0119 na chwil\u0119 do sadu pe\u0142nego kwitn\u0105cych wi\u015bni dzi\u0119ki naszemu wyj\u0105tkowemu naszyjnikowi z r\u0119cznie robionymi, soczystymi wisienkami. Delikatne be\u017cowe koraliki zosta\u0142y uzupe\u0142nione kolorowymi akcentami oraz subtelnymi srebrnymi kuleczkami, kt\u00f3re dodaj\u0105 ca\u0142o\u015bci lekko\u015bci i elegancji. Ten naszyjnik to prawdziwy ho\u0142d dla wiosennych dni, pe\u0142nych \u015bwie\u017co\u015bci, zapachu kwiat\u00f3w i s\u0142onecznych promieni. Jego unikatowy, r\u0119cznie wykonany design...\" \/>\n<meta property=\"og:url\" content=\"https:\/\/sloncejewelry.pl\/?product=cherry-lady\" \/>\n<meta property=\"article:modified_time\" content=\"2025-05-04T15:12:31+00:00\" \/>\n<meta name=\"twitter:card\" content=\"summary_large_image\" \/>\n<meta name=\"twitter:label1\" content=\"Szacowany czas czytania\" \/>\n\t<meta name=\"twitter:data1\" content=\"2 minuty\" \/>\n<script type=\"application\/ld+json\" class=\"yoast-schema-graph\">{\"@context\":\"https:\\\/\\\/schema.org\",\"@graph\":[{\"@type\":\"WebPage\",\"@id\":\"https:\\\/\\\/sloncejewelry.pl\\\/?product=cherry-lady\",\"url\":\"https:\\\/\\\/sloncejewelry.pl\\\/?product=cherry-lady\",\"name\":\"Cherry lady. -\",\"isPartOf\":{\"@id\":\"https:\\\/\\\/sloncejewelry.pl\\\/#website\"},\"primaryImageOfPage\":{\"@id\":\"https:\\\/\\\/sloncejewelry.pl\\\/?product=cherry-lady#primaryimage\"},\"image\":{\"@id\":\"https:\\\/\\\/sloncejewelry.pl\\\/?product=cherry-lady#primaryimage\"},\"thumbnailUrl\":\"https:\\\/\\\/sloncejewelry.pl\\\/wp-content\\\/uploads\\\/2025\\\/05\\\/IMG_6908-scaled.jpg\",\"datePublished\":\"2025-05-02T19:03:59+00:00\",\"dateModified\":\"2025-05-04T15:12:31+00:00\",\"breadcrumb\":{\"@id\":\"https:\\\/\\\/sloncejewelry.pl\\\/?product=cherry-lady#breadcrumb\"},\"inLanguage\":\"pl-PL\",\"potentialAction\":[{\"@type\":\"ReadAction\",\"target\":[\"https:\\\/\\\/sloncejewelry.pl\\\/?product=cherry-lady\"]}]},{\"@type\":\"ImageObject\",\"inLanguage\":\"pl-PL\",\"@id\":\"https:\\\/\\\/sloncejewelry.pl\\\/?product=cherry-lady#primaryimage\",\"url\":\"https:\\\/\\\/sloncejewelry.pl\\\/wp-content\\\/uploads\\\/2025\\\/05\\\/IMG_6908-scaled.jpg\",\"contentUrl\":\"https:\\\/\\\/sloncejewelry.pl\\\/wp-content\\\/uploads\\\/2025\\\/05\\\/IMG_6908-scaled.jpg\",\"width\":1920,\"height\":2560,\"caption\":\"r\u0119cznie robiony naszyjnik z wisienkami\"},{\"@type\":\"BreadcrumbList\",\"@id\":\"https:\\\/\\\/sloncejewelry.pl\\\/?product=cherry-lady#breadcrumb\",\"itemListElement\":[{\"@type\":\"ListItem\",\"position\":1,\"name\":\"Strona g\u0142\u00f3wna\",\"item\":\"https:\\\/\\\/sloncejewelry.pl\\\/\"},{\"@type\":\"ListItem\",\"position\":2,\"name\":\"Sklep\",\"item\":\"https:\\\/\\\/sloncejewelry.pl\\\/?page_id=408\"},{\"@type\":\"ListItem\",\"position\":3,\"name\":\"Cherry lady.\"}]},{\"@type\":\"WebSite\",\"@id\":\"https:\\\/\\\/sloncejewelry.pl\\\/#website\",\"url\":\"https:\\\/\\\/sloncejewelry.pl\\\/\",\"name\":\"\",\"description\":\"\",\"potentialAction\":[{\"@type\":\"SearchAction\",\"target\":{\"@type\":\"EntryPoint\",\"urlTemplate\":\"https:\\\/\\\/sloncejewelry.pl\\\/?s={search_term_string}\"},\"query-input\":{\"@type\":\"PropertyValueSpecification\",\"valueRequired\":true,\"valueName\":\"search_term_string\"}}],\"inLanguage\":\"pl-PL\"}]}<\/script>\n<!-- \/ Yoast SEO plugin. -->","yoast_head_json":{"title":"Cherry lady. -","robots":{"index":"index","follow":"follow","max-snippet":"max-snippet:-1","max-image-preview":"max-image-preview:large","max-video-preview":"max-video-preview:-1"},"canonical":"https:\/\/sloncejewelry.pl\/?product=cherry-lady","og_locale":"pl_PL","og_type":"article","og_title":"Cherry lady. -","og_description":"Przenie\u015b si\u0119 na chwil\u0119 do sadu pe\u0142nego kwitn\u0105cych wi\u015bni dzi\u0119ki naszemu wyj\u0105tkowemu naszyjnikowi z r\u0119cznie robionymi, soczystymi wisienkami. Delikatne be\u017cowe koraliki zosta\u0142y uzupe\u0142nione kolorowymi akcentami oraz subtelnymi srebrnymi kuleczkami, kt\u00f3re dodaj\u0105 ca\u0142o\u015bci lekko\u015bci i elegancji. Ten naszyjnik to prawdziwy ho\u0142d dla wiosennych dni, pe\u0142nych \u015bwie\u017co\u015bci, zapachu kwiat\u00f3w i s\u0142onecznych promieni. Jego unikatowy, r\u0119cznie wykonany design...","og_url":"https:\/\/sloncejewelry.pl\/?product=cherry-lady","article_modified_time":"2025-05-04T15:12:31+00:00","twitter_card":"summary_large_image","twitter_misc":{"Szacowany czas czytania":"2 minuty"},"schema":{"@context":"https:\/\/schema.org","@graph":[{"@type":"WebPage","@id":"https:\/\/sloncejewelry.pl\/?product=cherry-lady","url":"https:\/\/sloncejewelry.pl\/?product=cherry-lady","name":"Cherry lady. -","isPartOf":{"@id":"https:\/\/sloncejewelry.pl\/#website"},"primaryImageOfPage":{"@id":"https:\/\/sloncejewelry.pl\/?product=cherry-lady#primaryimage"},"image":{"@id":"https:\/\/sloncejewelry.pl\/?product=cherry-lady#primaryimage"},"thumbnailUrl":"https:\/\/sloncejewelry.pl\/wp-content\/uploads\/2025\/05\/IMG_6908-scaled.jpg","datePublished":"2025-05-02T19:03:59+00:00","dateModified":"2025-05-04T15:12:31+00:00","breadcrumb":{"@id":"https:\/\/sloncejewelry.pl\/?product=cherry-lady#breadcrumb"},"inLanguage":"pl-PL","potentialAction":[{"@type":"ReadAction","target":["https:\/\/sloncejewelry.pl\/?product=cherry-lady"]}]},{"@type":"ImageObject","inLanguage":"pl-PL","@id":"https:\/\/sloncejewelry.pl\/?product=cherry-lady#primaryimage","url":"https:\/\/sloncejewelry.pl\/wp-content\/uploads\/2025\/05\/IMG_6908-scaled.jpg","contentUrl":"https:\/\/sloncejewelry.pl\/wp-content\/uploads\/2025\/05\/IMG_6908-scaled.jpg","width":1920,"height":2560,"caption":"r\u0119cznie robiony naszyjnik z wisienkami"},{"@type":"BreadcrumbList","@id":"https:\/\/sloncejewelry.pl\/?product=cherry-lady#breadcrumb","itemListElement":[{"@type":"ListItem","position":1,"name":"Strona g\u0142\u00f3wna","item":"https:\/\/sloncejewelry.pl\/"},{"@type":"ListItem","position":2,"name":"Sklep","item":"https:\/\/sloncejewelry.pl\/?page_id=408"},{"@type":"ListItem","position":3,"name":"Cherry lady."}]},{"@type":"WebSite","@id":"https:\/\/sloncejewelry.pl\/#website","url":"https:\/\/sloncejewelry.pl\/","name":"","description":"","potentialAction":[{"@type":"SearchAction","target":{"@type":"EntryPoint","urlTemplate":"https:\/\/sloncejewelry.pl\/?s={search_term_string}"},"query-input":{"@type":"PropertyValueSpecification","valueRequired":true,"valueName":"search_term_string"}}],"inLanguage":"pl-PL"}]}},"jetpack_sharing_enabled":true,"_links":{"self":[{"href":"https:\/\/sloncejewelry.pl\/index.php?rest_route=\/wp\/v2\/product\/561","targetHints":{"allow":["GET"]}}],"collection":[{"href":"https:\/\/sloncejewelry.pl\/index.php?rest_route=\/wp\/v2\/product"}],"about":[{"href":"https:\/\/sloncejewelry.pl\/index.php?rest_route=\/wp\/v2\/types\/product"}],"replies":[{"embeddable":true,"href":"https:\/\/sloncejewelry.pl\/index.php?rest_route=%2Fwp%2Fv2%2Fcomments&post=561"}],"wp:featuredmedia":[{"embeddable":true,"href":"https:\/\/sloncejewelry.pl\/index.php?rest_route=\/wp\/v2\/media\/562"}],"wp:attachment":[{"href":"https:\/\/sloncejewelry.pl\/index.php?rest_route=%2Fwp%2Fv2%2Fmedia&parent=561"}],"wp:term":[{"taxonomy":"product_brand","embeddable":true,"href":"https:\/\/sloncejewelry.pl\/index.php?rest_route=%2Fwp%2Fv2%2Fproduct_brand&post=561"},{"taxonomy":"product_cat","embeddable":true,"href":"https:\/\/sloncejewelry.pl\/index.php?rest_route=%2Fwp%2Fv2%2Fproduct_cat&post=561"},{"taxonomy":"product_tag","embeddable":true,"href":"https:\/\/sloncejewelry.pl\/index.php?rest_route=%2Fwp%2Fv2%2Fproduct_tag&post=561"}],"curies":[{"name":"wp","href":"https:\/\/api.w.org\/{rel}","templated":true}]}}