{"id":478,"date":"2025-02-04T22:02:02","date_gmt":"2025-02-04T21:02:02","guid":{"rendered":"https:\/\/sloncejewelry.pl\/?post_type=product&#038;p=478"},"modified":"2025-05-03T10:36:09","modified_gmt":"2025-05-03T08:36:09","slug":"autumn","status":"publish","type":"product","link":"https:\/\/sloncejewelry.pl\/?product=autumn","title":{"rendered":"Autumn."},"content":{"rendered":"<p class=\"my-0\">Odkryj wyj\u0105tkow\u0105 kolekcj\u0119 r\u0119cznie szytych naszyjnik\u00f3w, kt\u00f3re powsta\u0142y z mi\u0142o\u015bci do detali i pasji do tworzenia niepowtarzalnej bi\u017cuterii. Ka\u017cdy naszyjnik zosta\u0142 wykonany w ma\u0142ej manufakturze, gdzie tradycja spotyka si\u0119 z nowoczesnym designem.<\/p>\n<p class=\"my-0\">W kolekcji znajdziesz trzy unikalne naszyjniki (ka\u017cdy mo\u017cesz zakupi\u0107 osobno):<\/p>\n<ul class=\"marker:text-textOff list-disc\">\n<li>\n<p class=\"my-0\"><strong>R\u0119cznie szyte serduszko<\/strong> \u2013 symbol mi\u0142o\u015bci i ciep\u0142a, idealny naszyjnik na prezent dla bliskiej osoby lub jako wyraz mi\u0142o\u015bci do samej siebie.<\/p>\n<\/li>\n<li><strong>Naszyjnik \u017cmijka z malutkich szklanych koralik\u00f3w<\/strong> &#8211; to subtelna, a zarazem wyrazista ozdoba, kt\u00f3ra pi\u0119knie uk\u0142ada si\u0119 na szyi.<\/li>\n<li>\n<p class=\"my-0\"><strong>Ma\u0142e, czerwone jab\u0142uszko<\/strong> \u2013 r\u0119cznie szyte, przywodz\u0105ce na my\u015bl letnie sady i s\u0142odycz zachodz\u0105cego s\u0142o\u0144ca.<\/p>\n<\/li>\n<\/ul>\n<p class=\"my-0\">Ka\u017cdy element powsta\u0142 z najwy\u017csz\u0105 staranno\u015bci\u0105, inspirowany magi\u0105 zachodu s\u0142o\u0144ca \u2013 jego ciep\u0142ymi barwami i niepowtarzaln\u0105 atmosfer\u0105. Naszyjniki doskonale sprawdz\u0105 si\u0119 zar\u00f3wno na co dzie\u0144, jak i na wyj\u0105tkowe okazje, podkre\u015blaj\u0105c Twoj\u0105 indywidualno\u015b\u0107.<\/p>\n<p class=\"my-0\"><strong>Dlaczego warto wybra\u0107 nasze naszyjniki?<\/strong><\/p>\n<ul class=\"marker:text-textOff list-disc\">\n<li>\n<p class=\"my-0\">R\u0119czne wykonanie w ma\u0142ej manufakturze<\/p>\n<\/li>\n<li>\n<p class=\"my-0\">Unikatowe, szyte z pasj\u0105 serduszka i jab\u0142uszka<\/p>\n<\/li>\n<li>\n<p class=\"my-0\">Szlachetne kuleczki ze z\u0142ota gold filled<\/p>\n<\/li>\n<li>\n<p class=\"my-0\">Inspiracja natur\u0105 i kolorami zachodz\u0105cego s\u0142o\u0144ca<\/p>\n<\/li>\n<li>\n<p class=\"my-0\">Idealne na prezent lub jako wyj\u0105tkowy dodatek do Twojej kolekcji<\/p>\n<\/li>\n<\/ul>\n<p class=\"my-0\">Podaruj sobie odrobin\u0119 magii zamkni\u0119tej w r\u0119cznie tworzonej bi\u017cuterii!<\/p>\n<p>Jak dba\u0107 o bi\u017cuteri\u0119:<\/p>\n<p>1.Zdejmuj bi\u017cuteri\u0119 do snu oraz k\u0105pieli.<\/p>\n<p>2.Unikaj kontaktu z detergentami, balsamami, perfumami.<\/p>\n<p>3.Przechowuj bi\u017cuteri\u0119 w zamkni\u0119tym pude\u0142eczku.<\/p>\n<p>4.Przecieraj specjalnie do tego przeznaczon\u0105 szmatk\u0105.<\/p>\n<p>5.Zdejmuj podczas opalania i ograniczaj d\u0142ugotrwa\u0142y kontakt z promieniami s\u0142onecznymi.<\/p>\n<p>Stosowanie si\u0119 do powy\u017cszych zasad pozwoli si\u0119 d\u0142ugo cieszy\u0107 pi\u0119kn\u0105 bi\u017cuteri\u0105.<\/p>\n","protected":false},"excerpt":{"rendered":"<p>Odkryj wyj\u0105tkow\u0105 kolekcj\u0119 r\u0119cznie szytych naszyjnik\u00f3w, kt\u00f3re powsta\u0142y z mi\u0142o\u015bci do detali i pasji do tworzenia niepowtarzalnej bi\u017cuterii. Ka\u017cdy naszyjnik zosta\u0142 wykonany w ma\u0142ej manufakturze, gdzie tradycja spotyka si\u0119 z nowoczesnym designem. W kolekcji znajdziesz trzy unikalne naszyjniki (ka\u017cdy mo\u017cesz zakupi\u0107 osobno): R\u0119cznie szyte serduszko \u2013 symbol mi\u0142o\u015bci i ciep\u0142a, idealny naszyjnik na prezent dla&#8230;<\/p>\n","protected":false},"featured_media":386,"comment_status":"open","ping_status":"closed","template":"","meta":{"_kadence_starter_templates_imported_post":false,"_kad_post_transparent":"default","_kad_post_title":"","_kad_post_layout":"default","_kad_post_sidebar_id":"","_kad_post_content_style":"default","_kad_post_vertical_padding":"default","_kad_post_feature":"","_kad_post_feature_position":"","_kad_post_header":false,"_kad_post_footer":false},"product_brand":[],"product_cat":[19],"product_tag":[31,30,28,29],"class_list":{"0":"post-478","1":"product","2":"type-product","3":"status-publish","4":"has-post-thumbnail","6":"product_cat-naszyjniki","7":"product_tag-naszyjnik-owoce","8":"product_tag-naszyjnik-z-jabluszkiem","9":"product_tag-naszyjnik-z-sercem","10":"product_tag-naszyjnik-zmijka","11":"product_shipping_class-klasyczna-paczka","13":"first","14":"onbackorder","15":"shipping-taxable","16":"purchasable","17":"product-type-variable","18":"entry","19":"content-bg","20":"loop-entry"},"yoast_head":"<!-- This site is optimized with the Yoast SEO plugin v27.4 - https:\/\/yoast.com\/product\/yoast-seo-wordpress\/ -->\n<title>Autumn. -<\/title>\n<meta name=\"robots\" content=\"index, follow, max-snippet:-1, max-image-preview:large, max-video-preview:-1\" \/>\n<link rel=\"canonical\" href=\"https:\/\/sloncejewelry.pl\/?product=autumn\" \/>\n<meta property=\"og:locale\" content=\"pl_PL\" \/>\n<meta property=\"og:type\" content=\"article\" \/>\n<meta property=\"og:title\" content=\"Autumn. -\" \/>\n<meta property=\"og:description\" content=\"Odkryj wyj\u0105tkow\u0105 kolekcj\u0119 r\u0119cznie szytych naszyjnik\u00f3w, kt\u00f3re powsta\u0142y z mi\u0142o\u015bci do detali i pasji do tworzenia niepowtarzalnej bi\u017cuterii. Ka\u017cdy naszyjnik zosta\u0142 wykonany w ma\u0142ej manufakturze, gdzie tradycja spotyka si\u0119 z nowoczesnym designem. W kolekcji znajdziesz trzy unikalne naszyjniki (ka\u017cdy mo\u017cesz zakupi\u0107 osobno): R\u0119cznie szyte serduszko \u2013 symbol mi\u0142o\u015bci i ciep\u0142a, idealny naszyjnik na prezent dla...\" \/>\n<meta property=\"og:url\" content=\"https:\/\/sloncejewelry.pl\/?product=autumn\" \/>\n<meta property=\"article:modified_time\" content=\"2025-05-03T08:36:09+00:00\" \/>\n<meta name=\"twitter:card\" content=\"summary_large_image\" \/>\n<meta name=\"twitter:label1\" content=\"Szacowany czas czytania\" \/>\n\t<meta name=\"twitter:data1\" content=\"1 minuta\" \/>\n<script type=\"application\/ld+json\" class=\"yoast-schema-graph\">{\"@context\":\"https:\\\/\\\/schema.org\",\"@graph\":[{\"@type\":\"WebPage\",\"@id\":\"https:\\\/\\\/sloncejewelry.pl\\\/?product=autumn\",\"url\":\"https:\\\/\\\/sloncejewelry.pl\\\/?product=autumn\",\"name\":\"Autumn. -\",\"isPartOf\":{\"@id\":\"https:\\\/\\\/sloncejewelry.pl\\\/#website\"},\"primaryImageOfPage\":{\"@id\":\"https:\\\/\\\/sloncejewelry.pl\\\/?product=autumn#primaryimage\"},\"image\":{\"@id\":\"https:\\\/\\\/sloncejewelry.pl\\\/?product=autumn#primaryimage\"},\"thumbnailUrl\":\"https:\\\/\\\/sloncejewelry.pl\\\/wp-content\\\/uploads\\\/2025\\\/01\\\/IMG_9341-scaled.jpg\",\"datePublished\":\"2025-02-04T21:02:02+00:00\",\"dateModified\":\"2025-05-03T08:36:09+00:00\",\"breadcrumb\":{\"@id\":\"https:\\\/\\\/sloncejewelry.pl\\\/?product=autumn#breadcrumb\"},\"inLanguage\":\"pl-PL\",\"potentialAction\":[{\"@type\":\"ReadAction\",\"target\":[\"https:\\\/\\\/sloncejewelry.pl\\\/?product=autumn\"]}]},{\"@type\":\"ImageObject\",\"inLanguage\":\"pl-PL\",\"@id\":\"https:\\\/\\\/sloncejewelry.pl\\\/?product=autumn#primaryimage\",\"url\":\"https:\\\/\\\/sloncejewelry.pl\\\/wp-content\\\/uploads\\\/2025\\\/01\\\/IMG_9341-scaled.jpg\",\"contentUrl\":\"https:\\\/\\\/sloncejewelry.pl\\\/wp-content\\\/uploads\\\/2025\\\/01\\\/IMG_9341-scaled.jpg\",\"width\":1920,\"height\":2560,\"caption\":\"naszyjnik z sercem, naszyjnik \u017cmijka, naszyjnik z jab\u0142uszkiem\"},{\"@type\":\"BreadcrumbList\",\"@id\":\"https:\\\/\\\/sloncejewelry.pl\\\/?product=autumn#breadcrumb\",\"itemListElement\":[{\"@type\":\"ListItem\",\"position\":1,\"name\":\"Strona g\u0142\u00f3wna\",\"item\":\"https:\\\/\\\/sloncejewelry.pl\\\/\"},{\"@type\":\"ListItem\",\"position\":2,\"name\":\"Sklep\",\"item\":\"https:\\\/\\\/sloncejewelry.pl\\\/?page_id=408\"},{\"@type\":\"ListItem\",\"position\":3,\"name\":\"Autumn.\"}]},{\"@type\":\"WebSite\",\"@id\":\"https:\\\/\\\/sloncejewelry.pl\\\/#website\",\"url\":\"https:\\\/\\\/sloncejewelry.pl\\\/\",\"name\":\"\",\"description\":\"\",\"potentialAction\":[{\"@type\":\"SearchAction\",\"target\":{\"@type\":\"EntryPoint\",\"urlTemplate\":\"https:\\\/\\\/sloncejewelry.pl\\\/?s={search_term_string}\"},\"query-input\":{\"@type\":\"PropertyValueSpecification\",\"valueRequired\":true,\"valueName\":\"search_term_string\"}}],\"inLanguage\":\"pl-PL\"}]}<\/script>\n<!-- \/ Yoast SEO plugin. -->","yoast_head_json":{"title":"Autumn. -","robots":{"index":"index","follow":"follow","max-snippet":"max-snippet:-1","max-image-preview":"max-image-preview:large","max-video-preview":"max-video-preview:-1"},"canonical":"https:\/\/sloncejewelry.pl\/?product=autumn","og_locale":"pl_PL","og_type":"article","og_title":"Autumn. -","og_description":"Odkryj wyj\u0105tkow\u0105 kolekcj\u0119 r\u0119cznie szytych naszyjnik\u00f3w, kt\u00f3re powsta\u0142y z mi\u0142o\u015bci do detali i pasji do tworzenia niepowtarzalnej bi\u017cuterii. Ka\u017cdy naszyjnik zosta\u0142 wykonany w ma\u0142ej manufakturze, gdzie tradycja spotyka si\u0119 z nowoczesnym designem. W kolekcji znajdziesz trzy unikalne naszyjniki (ka\u017cdy mo\u017cesz zakupi\u0107 osobno): R\u0119cznie szyte serduszko \u2013 symbol mi\u0142o\u015bci i ciep\u0142a, idealny naszyjnik na prezent dla...","og_url":"https:\/\/sloncejewelry.pl\/?product=autumn","article_modified_time":"2025-05-03T08:36:09+00:00","twitter_card":"summary_large_image","twitter_misc":{"Szacowany czas czytania":"1 minuta"},"schema":{"@context":"https:\/\/schema.org","@graph":[{"@type":"WebPage","@id":"https:\/\/sloncejewelry.pl\/?product=autumn","url":"https:\/\/sloncejewelry.pl\/?product=autumn","name":"Autumn. -","isPartOf":{"@id":"https:\/\/sloncejewelry.pl\/#website"},"primaryImageOfPage":{"@id":"https:\/\/sloncejewelry.pl\/?product=autumn#primaryimage"},"image":{"@id":"https:\/\/sloncejewelry.pl\/?product=autumn#primaryimage"},"thumbnailUrl":"https:\/\/sloncejewelry.pl\/wp-content\/uploads\/2025\/01\/IMG_9341-scaled.jpg","datePublished":"2025-02-04T21:02:02+00:00","dateModified":"2025-05-03T08:36:09+00:00","breadcrumb":{"@id":"https:\/\/sloncejewelry.pl\/?product=autumn#breadcrumb"},"inLanguage":"pl-PL","potentialAction":[{"@type":"ReadAction","target":["https:\/\/sloncejewelry.pl\/?product=autumn"]}]},{"@type":"ImageObject","inLanguage":"pl-PL","@id":"https:\/\/sloncejewelry.pl\/?product=autumn#primaryimage","url":"https:\/\/sloncejewelry.pl\/wp-content\/uploads\/2025\/01\/IMG_9341-scaled.jpg","contentUrl":"https:\/\/sloncejewelry.pl\/wp-content\/uploads\/2025\/01\/IMG_9341-scaled.jpg","width":1920,"height":2560,"caption":"naszyjnik z sercem, naszyjnik \u017cmijka, naszyjnik z jab\u0142uszkiem"},{"@type":"BreadcrumbList","@id":"https:\/\/sloncejewelry.pl\/?product=autumn#breadcrumb","itemListElement":[{"@type":"ListItem","position":1,"name":"Strona g\u0142\u00f3wna","item":"https:\/\/sloncejewelry.pl\/"},{"@type":"ListItem","position":2,"name":"Sklep","item":"https:\/\/sloncejewelry.pl\/?page_id=408"},{"@type":"ListItem","position":3,"name":"Autumn."}]},{"@type":"WebSite","@id":"https:\/\/sloncejewelry.pl\/#website","url":"https:\/\/sloncejewelry.pl\/","name":"","description":"","potentialAction":[{"@type":"SearchAction","target":{"@type":"EntryPoint","urlTemplate":"https:\/\/sloncejewelry.pl\/?s={search_term_string}"},"query-input":{"@type":"PropertyValueSpecification","valueRequired":true,"valueName":"search_term_string"}}],"inLanguage":"pl-PL"}]}},"jetpack_sharing_enabled":true,"_links":{"self":[{"href":"https:\/\/sloncejewelry.pl\/index.php?rest_route=\/wp\/v2\/product\/478","targetHints":{"allow":["GET"]}}],"collection":[{"href":"https:\/\/sloncejewelry.pl\/index.php?rest_route=\/wp\/v2\/product"}],"about":[{"href":"https:\/\/sloncejewelry.pl\/index.php?rest_route=\/wp\/v2\/types\/product"}],"replies":[{"embeddable":true,"href":"https:\/\/sloncejewelry.pl\/index.php?rest_route=%2Fwp%2Fv2%2Fcomments&post=478"}],"wp:featuredmedia":[{"embeddable":true,"href":"https:\/\/sloncejewelry.pl\/index.php?rest_route=\/wp\/v2\/media\/386"}],"wp:attachment":[{"href":"https:\/\/sloncejewelry.pl\/index.php?rest_route=%2Fwp%2Fv2%2Fmedia&parent=478"}],"wp:term":[{"taxonomy":"product_brand","embeddable":true,"href":"https:\/\/sloncejewelry.pl\/index.php?rest_route=%2Fwp%2Fv2%2Fproduct_brand&post=478"},{"taxonomy":"product_cat","embeddable":true,"href":"https:\/\/sloncejewelry.pl\/index.php?rest_route=%2Fwp%2Fv2%2Fproduct_cat&post=478"},{"taxonomy":"product_tag","embeddable":true,"href":"https:\/\/sloncejewelry.pl\/index.php?rest_route=%2Fwp%2Fv2%2Fproduct_tag&post=478"}],"curies":[{"name":"wp","href":"https:\/\/api.w.org\/{rel}","templated":true}]}}