{"id":1925,"date":"2026-01-26T18:00:01","date_gmt":"2026-01-26T17:00:01","guid":{"rendered":"https:\/\/sloncejewelry.pl\/?post_type=product&#038;p=1925"},"modified":"2026-01-27T19:07:06","modified_gmt":"2026-01-27T18:07:06","slug":"3-warsztaty-katowice-20-02-bransoletka-kostka","status":"publish","type":"product","link":"https:\/\/sloncejewelry.pl\/?product=3-warsztaty-katowice-20-02-bransoletka-kostka","title":{"rendered":"..3. WARSZTATY Katowice 20.02 BRANSOLETKA KOSTKA"},"content":{"rendered":"<p class=\"my-2 [&amp;+p]:mt-4 [&amp;_strong:has(+br)]:inline-block [&amp;_strong:has(+br)]:pb-2\">Warsztaty tworzenia bi\u017cuterii \u2013 r\u0119cznie szyta bransoletka kostka<\/p>\n<p class=\"my-2 [&amp;+p]:mt-4 [&amp;_strong:has(+br)]:inline-block [&amp;_strong:has(+br)]:pb-2\">Zapraszam na wyj\u0105tkowe warsztaty tworzenia r\u0119cznie szytej bransoletki kostki \u2013 to przepi\u0119kny, spokojny i do\u015b\u0107 d\u0142ugi proces, kt\u00f3ry daje spektakularny efekt ko\u0144cowy. Od pierwszego do ostatniego etapu sama tworzysz swoj\u0105 kolorystyk\u0119, inspirujesz si\u0119 tym, co lubisz i \u0142\u0105czysz nietypowe barwy, tworz\u0105c osobist\u0105 mozaik\u0119 kolor\u00f3w.<\/p>\n<p class=\"my-2 [&amp;+p]:mt-4 [&amp;_strong:has(+br)]:inline-block [&amp;_strong:has(+br)]:pb-2\">Na spotkaniu:<\/p>\n<ul class=\"marker:text-quiet list-disc\">\n<li class=\"py-0 my-0 prose-p:pt-0 prose-p:mb-2 prose-p:my-0 [&amp;&gt;p]:pt-0 [&amp;&gt;p]:mb-2 [&amp;&gt;p]:my-0\" style=\"box-sizing: border-box; scrollbar-width: initial; --tw-border-spacing-x: 0; --tw-border-spacing-y: 0; --tw-translate-x: 0; --tw-translate-y: 0; --tw-rotate: 0; --tw-skew-x: 0; --tw-skew-y: 0; --tw-scale-x: 1; --tw-scale-y: 1; --tw-scroll-snap-strictness: proximity; --tw-ring-offset-width: 0px; --tw-ring-offset-color: #fff; --tw-ring-color: rgb(59 130 246 \/ .5); --tw-ring-offset-shadow: 0 0 #0000; --tw-ring-shadow: 0 0 #0000; --tw-shadow: 0 0 #0000; --tw-shadow-colored: 0 0 #0000; margin-top: 0px; margin-bottom: 0px; padding-inline-start: 0.375em; padding-top: 0px; padding-bottom: 0px; border: 0px solid oklch(var(--foreground-subtler-color));\">\n<p class=\"my-2 [&amp;+p]:mt-4 [&amp;_strong:has(+br)]:inline-block [&amp;_strong:has(+br)]:pb-2\">poznasz technik\u0119 r\u0119cznego szycia bransoletki krok po kroku \u2013 od zupe\u0142nego zera,<\/p>\n<\/li>\n<li class=\"py-0 my-0 prose-p:pt-0 prose-p:mb-2 prose-p:my-0 [&amp;&gt;p]:pt-0 [&amp;&gt;p]:mb-2 [&amp;&gt;p]:my-0\" style=\"box-sizing: border-box; scrollbar-width: initial; --tw-border-spacing-x: 0; --tw-border-spacing-y: 0; --tw-translate-x: 0; --tw-translate-y: 0; --tw-rotate: 0; --tw-skew-x: 0; --tw-skew-y: 0; --tw-scale-x: 1; --tw-scale-y: 1; --tw-scroll-snap-strictness: proximity; --tw-ring-offset-width: 0px; --tw-ring-offset-color: #fff; --tw-ring-color: rgb(59 130 246 \/ .5); --tw-ring-offset-shadow: 0 0 #0000; --tw-ring-shadow: 0 0 #0000; --tw-shadow: 0 0 #0000; --tw-shadow-colored: 0 0 #0000; margin-top: 0px; margin-bottom: 0px; padding-inline-start: 0.375em; padding-top: 0px; padding-bottom: 0px; border: 0px solid oklch(var(--foreground-subtler-color));\">\n<p class=\"my-2 [&amp;+p]:mt-4 [&amp;_strong:has(+br)]:inline-block [&amp;_strong:has(+br)]:pb-2\">nauczysz si\u0119 samodzielnie dobiera\u0107 kolory i uk\u0142ada\u0107 z nich harmonijny wz\u00f3r,<\/p>\n<\/li>\n<li class=\"py-0 my-0 prose-p:pt-0 prose-p:mb-2 prose-p:my-0 [&amp;&gt;p]:pt-0 [&amp;&gt;p]:mb-2 [&amp;&gt;p]:my-0\" style=\"box-sizing: border-box; scrollbar-width: initial; --tw-border-spacing-x: 0; --tw-border-spacing-y: 0; --tw-translate-x: 0; --tw-translate-y: 0; --tw-rotate: 0; --tw-skew-x: 0; --tw-skew-y: 0; --tw-scale-x: 1; --tw-scale-y: 1; --tw-scroll-snap-strictness: proximity; --tw-ring-offset-width: 0px; --tw-ring-offset-color: #fff; --tw-ring-color: rgb(59 130 246 \/ .5); --tw-ring-offset-shadow: 0 0 #0000; --tw-ring-shadow: 0 0 #0000; --tw-shadow: 0 0 #0000; --tw-shadow-colored: 0 0 #0000; margin-top: 0px; margin-bottom: 0px; padding-inline-start: 0.375em; padding-top: 0px; padding-bottom: 0px; border: 0px solid oklch(var(--foreground-subtler-color));\">\n<p class=\"my-2 [&amp;+p]:mt-4 [&amp;_strong:has(+br)]:inline-block [&amp;_strong:has(+br)]:pb-2\">wykonasz swoj\u0105 bransoletk\u0119, kt\u00f3r\u0105 w razie potrzeby na spokojnie doko\u0144czysz w domu.<\/p>\n<\/li>\n<\/ul>\n<p class=\"my-2 [&amp;+p]:mt-4 [&amp;_strong:has(+br)]:inline-block [&amp;_strong:has(+br)]:pb-2\">Po warsztatach b\u0119dziesz mog\u0142a kontynuowa\u0107 przygod\u0119 w domu, tworz\u0105c naszyjnik do kompletu \u2013 z tymi samymi kolorami lub w zupe\u0142nie nowej ods\u0142onie. Przejdziemy wsp\u00f3lnie przez ka\u017cdy etap pracy, bez presji czasu, w kameralnym, babskim gronie pe\u0142nym rozm\u00f3w, \u015bmiechu i dobrej energii.<\/p>\n<p class=\"my-2 [&amp;+p]:mt-4 [&amp;_strong:has(+br)]:inline-block [&amp;_strong:has(+br)]:pb-2\">To idealna propozycja, je\u015bli chcesz:<\/p>\n<ul class=\"marker:text-quiet list-disc\">\n<li class=\"py-0 my-0 prose-p:pt-0 prose-p:mb-2 prose-p:my-0 [&amp;&gt;p]:pt-0 [&amp;&gt;p]:mb-2 [&amp;&gt;p]:my-0\" style=\"box-sizing: border-box; scrollbar-width: initial; --tw-border-spacing-x: 0; --tw-border-spacing-y: 0; --tw-translate-x: 0; --tw-translate-y: 0; --tw-rotate: 0; --tw-skew-x: 0; --tw-skew-y: 0; --tw-scale-x: 1; --tw-scale-y: 1; --tw-scroll-snap-strictness: proximity; --tw-ring-offset-width: 0px; --tw-ring-offset-color: #fff; --tw-ring-color: rgb(59 130 246 \/ .5); --tw-ring-offset-shadow: 0 0 #0000; --tw-ring-shadow: 0 0 #0000; --tw-shadow: 0 0 #0000; --tw-shadow-colored: 0 0 #0000; margin-top: 0px; margin-bottom: 0px; padding-inline-start: 0.375em; padding-top: 0px; padding-bottom: 0px; border: 0px solid oklch(var(--foreground-subtler-color));\">\n<p class=\"my-2 [&amp;+p]:mt-4 [&amp;_strong:has(+br)]:inline-block [&amp;_strong:has(+br)]:pb-2\">spr\u00f3bowa\u0107 czego\u015b nowego i kreatywnego tylko dla siebie,<\/p>\n<\/li>\n<li class=\"py-0 my-0 prose-p:pt-0 prose-p:mb-2 prose-p:my-0 [&amp;&gt;p]:pt-0 [&amp;&gt;p]:mb-2 [&amp;&gt;p]:my-0\" style=\"box-sizing: border-box; scrollbar-width: initial; --tw-border-spacing-x: 0; --tw-border-spacing-y: 0; --tw-translate-x: 0; --tw-translate-y: 0; --tw-rotate: 0; --tw-skew-x: 0; --tw-skew-y: 0; --tw-scale-x: 1; --tw-scale-y: 1; --tw-scroll-snap-strictness: proximity; --tw-ring-offset-width: 0px; --tw-ring-offset-color: #fff; --tw-ring-color: rgb(59 130 246 \/ .5); --tw-ring-offset-shadow: 0 0 #0000; --tw-ring-shadow: 0 0 #0000; --tw-shadow: 0 0 #0000; --tw-shadow-colored: 0 0 #0000; margin-top: 0px; margin-bottom: 0px; padding-inline-start: 0.375em; padding-top: 0px; padding-bottom: 0px; border: 0px solid oklch(var(--foreground-subtler-color));\">\n<p class=\"my-2 [&amp;+p]:mt-4 [&amp;_strong:has(+br)]:inline-block [&amp;_strong:has(+br)]:pb-2\">zrobi\u0107 sobie przerw\u0119 od codziennych obowi\u0105zk\u00f3w,<\/p>\n<\/li>\n<li class=\"py-0 my-0 prose-p:pt-0 prose-p:mb-2 prose-p:my-0 [&amp;&gt;p]:pt-0 [&amp;&gt;p]:mb-2 [&amp;&gt;p]:my-0\" style=\"box-sizing: border-box; scrollbar-width: initial; --tw-border-spacing-x: 0; --tw-border-spacing-y: 0; --tw-translate-x: 0; --tw-translate-y: 0; --tw-rotate: 0; --tw-skew-x: 0; --tw-skew-y: 0; --tw-scale-x: 1; --tw-scale-y: 1; --tw-scroll-snap-strictness: proximity; --tw-ring-offset-width: 0px; --tw-ring-offset-color: #fff; --tw-ring-color: rgb(59 130 246 \/ .5); --tw-ring-offset-shadow: 0 0 #0000; --tw-ring-shadow: 0 0 #0000; --tw-shadow: 0 0 #0000; --tw-shadow-colored: 0 0 #0000; margin-top: 0px; margin-bottom: 0px; padding-inline-start: 0.375em; padding-top: 0px; padding-bottom: 0px; border: 0px solid oklch(var(--foreground-subtler-color));\">\n<p class=\"my-2 [&amp;+p]:mt-4 [&amp;_strong:has(+br)]:inline-block [&amp;_strong:has(+br)]:pb-2\">stworzy\u0107 bi\u017cuteri\u0119, kt\u00f3r\u0105 p\u00f3\u017aniej b\u0119dziesz nosi\u0107 z dum\u0105 \u2013 bo powsta\u0142a w Twoich r\u0119kach.<\/p>\n<\/li>\n<\/ul>\n<p><strong>Termin: 20.02 (pi\u0105tek) g. 16.00 &#8211; 20.00\u00a0<\/strong><br \/>\n<strong>Miejsce: Komu Studio, Ul. Opolska 18\/3 , Katowice<\/strong><\/p>\n","protected":false},"excerpt":{"rendered":"<p>Warsztaty tworzenia bi\u017cuterii \u2013 r\u0119cznie szyta bransoletka kostka Zapraszam na wyj\u0105tkowe warsztaty tworzenia r\u0119cznie szytej bransoletki kostki \u2013 to przepi\u0119kny, spokojny i do\u015b\u0107 d\u0142ugi proces, kt\u00f3ry daje spektakularny efekt ko\u0144cowy. Od pierwszego do ostatniego etapu sama tworzysz swoj\u0105 kolorystyk\u0119, inspirujesz si\u0119 tym, co lubisz i \u0142\u0105czysz nietypowe barwy, tworz\u0105c osobist\u0105 mozaik\u0119 kolor\u00f3w. Na spotkaniu: poznasz&#8230;<\/p>\n","protected":false},"featured_media":1926,"comment_status":"open","ping_status":"closed","template":"","meta":{"_kadence_starter_templates_imported_post":false,"_kad_post_transparent":"default","_kad_post_title":"","_kad_post_layout":"default","_kad_post_sidebar_id":"","_kad_post_content_style":"default","_kad_post_vertical_padding":"default","_kad_post_feature":"","_kad_post_feature_position":"","_kad_post_header":false,"_kad_post_footer":false},"product_brand":[],"product_cat":[57],"product_tag":[],"class_list":{"0":"post-1925","1":"product","2":"type-product","3":"status-publish","4":"has-post-thumbnail","6":"product_cat-warsztaty","8":"first","9":"instock","10":"downloadable","11":"virtual","12":"purchasable","13":"product-type-simple","14":"entry","15":"content-bg","16":"loop-entry"},"yoast_head":"<!-- This site is optimized with the Yoast SEO plugin v27.4 - https:\/\/yoast.com\/product\/yoast-seo-wordpress\/ -->\n<title>..3. WARSZTATY Katowice 20.02 BRANSOLETKA KOSTKA -<\/title>\n<meta name=\"robots\" content=\"index, follow, max-snippet:-1, max-image-preview:large, max-video-preview:-1\" \/>\n<link rel=\"canonical\" href=\"https:\/\/sloncejewelry.pl\/?product=3-warsztaty-katowice-20-02-bransoletka-kostka\" \/>\n<meta property=\"og:locale\" content=\"pl_PL\" \/>\n<meta property=\"og:type\" content=\"article\" \/>\n<meta property=\"og:title\" content=\"..3. WARSZTATY Katowice 20.02 BRANSOLETKA KOSTKA -\" \/>\n<meta property=\"og:description\" content=\"Warsztaty tworzenia bi\u017cuterii \u2013 r\u0119cznie szyta bransoletka kostka Zapraszam na wyj\u0105tkowe warsztaty tworzenia r\u0119cznie szytej bransoletki kostki \u2013 to przepi\u0119kny, spokojny i do\u015b\u0107 d\u0142ugi proces, kt\u00f3ry daje spektakularny efekt ko\u0144cowy. Od pierwszego do ostatniego etapu sama tworzysz swoj\u0105 kolorystyk\u0119, inspirujesz si\u0119 tym, co lubisz i \u0142\u0105czysz nietypowe barwy, tworz\u0105c osobist\u0105 mozaik\u0119 kolor\u00f3w. Na spotkaniu: poznasz...\" \/>\n<meta property=\"og:url\" content=\"https:\/\/sloncejewelry.pl\/?product=3-warsztaty-katowice-20-02-bransoletka-kostka\" \/>\n<meta property=\"article:modified_time\" content=\"2026-01-27T18:07:06+00:00\" \/>\n<meta property=\"og:image\" content=\"https:\/\/sloncejewelry.pl\/wp-content\/uploads\/2026\/01\/Czerwony-Bezowy-Nowoczesny-Prosty-Nowa-Kolekcja-Plakat-8-724x1024.png\" \/>\n\t<meta property=\"og:image:width\" content=\"724\" \/>\n\t<meta property=\"og:image:height\" content=\"1024\" \/>\n\t<meta property=\"og:image:type\" content=\"image\/png\" \/>\n<meta name=\"twitter:card\" content=\"summary_large_image\" \/>\n<meta name=\"twitter:label1\" content=\"Szacowany czas czytania\" \/>\n\t<meta name=\"twitter:data1\" content=\"4 minuty\" \/>\n<script type=\"application\/ld+json\" class=\"yoast-schema-graph\">{\"@context\":\"https:\\\/\\\/schema.org\",\"@graph\":[{\"@type\":\"WebPage\",\"@id\":\"https:\\\/\\\/sloncejewelry.pl\\\/?product=3-warsztaty-katowice-20-02-bransoletka-kostka\",\"url\":\"https:\\\/\\\/sloncejewelry.pl\\\/?product=3-warsztaty-katowice-20-02-bransoletka-kostka\",\"name\":\"..3. WARSZTATY Katowice 20.02 BRANSOLETKA KOSTKA -\",\"isPartOf\":{\"@id\":\"https:\\\/\\\/sloncejewelry.pl\\\/#website\"},\"primaryImageOfPage\":{\"@id\":\"https:\\\/\\\/sloncejewelry.pl\\\/?product=3-warsztaty-katowice-20-02-bransoletka-kostka#primaryimage\"},\"image\":{\"@id\":\"https:\\\/\\\/sloncejewelry.pl\\\/?product=3-warsztaty-katowice-20-02-bransoletka-kostka#primaryimage\"},\"thumbnailUrl\":\"https:\\\/\\\/sloncejewelry.pl\\\/wp-content\\\/uploads\\\/2026\\\/01\\\/Czerwony-Bezowy-Nowoczesny-Prosty-Nowa-Kolekcja-Plakat-8.png\",\"datePublished\":\"2026-01-26T17:00:01+00:00\",\"dateModified\":\"2026-01-27T18:07:06+00:00\",\"breadcrumb\":{\"@id\":\"https:\\\/\\\/sloncejewelry.pl\\\/?product=3-warsztaty-katowice-20-02-bransoletka-kostka#breadcrumb\"},\"inLanguage\":\"pl-PL\",\"potentialAction\":[{\"@type\":\"ReadAction\",\"target\":[\"https:\\\/\\\/sloncejewelry.pl\\\/?product=3-warsztaty-katowice-20-02-bransoletka-kostka\"]}]},{\"@type\":\"ImageObject\",\"inLanguage\":\"pl-PL\",\"@id\":\"https:\\\/\\\/sloncejewelry.pl\\\/?product=3-warsztaty-katowice-20-02-bransoletka-kostka#primaryimage\",\"url\":\"https:\\\/\\\/sloncejewelry.pl\\\/wp-content\\\/uploads\\\/2026\\\/01\\\/Czerwony-Bezowy-Nowoczesny-Prosty-Nowa-Kolekcja-Plakat-8.png\",\"contentUrl\":\"https:\\\/\\\/sloncejewelry.pl\\\/wp-content\\\/uploads\\\/2026\\\/01\\\/Czerwony-Bezowy-Nowoczesny-Prosty-Nowa-Kolekcja-Plakat-8.png\",\"width\":1587,\"height\":2245},{\"@type\":\"BreadcrumbList\",\"@id\":\"https:\\\/\\\/sloncejewelry.pl\\\/?product=3-warsztaty-katowice-20-02-bransoletka-kostka#breadcrumb\",\"itemListElement\":[{\"@type\":\"ListItem\",\"position\":1,\"name\":\"Strona g\u0142\u00f3wna\",\"item\":\"https:\\\/\\\/sloncejewelry.pl\\\/\"},{\"@type\":\"ListItem\",\"position\":2,\"name\":\"Sklep\",\"item\":\"https:\\\/\\\/sloncejewelry.pl\\\/?page_id=408\"},{\"@type\":\"ListItem\",\"position\":3,\"name\":\"..3. WARSZTATY Katowice 20.02 BRANSOLETKA KOSTKA\"}]},{\"@type\":\"WebSite\",\"@id\":\"https:\\\/\\\/sloncejewelry.pl\\\/#website\",\"url\":\"https:\\\/\\\/sloncejewelry.pl\\\/\",\"name\":\"\",\"description\":\"\",\"potentialAction\":[{\"@type\":\"SearchAction\",\"target\":{\"@type\":\"EntryPoint\",\"urlTemplate\":\"https:\\\/\\\/sloncejewelry.pl\\\/?s={search_term_string}\"},\"query-input\":{\"@type\":\"PropertyValueSpecification\",\"valueRequired\":true,\"valueName\":\"search_term_string\"}}],\"inLanguage\":\"pl-PL\"}]}<\/script>\n<!-- \/ Yoast SEO plugin. -->","yoast_head_json":{"title":"..3. WARSZTATY Katowice 20.02 BRANSOLETKA KOSTKA -","robots":{"index":"index","follow":"follow","max-snippet":"max-snippet:-1","max-image-preview":"max-image-preview:large","max-video-preview":"max-video-preview:-1"},"canonical":"https:\/\/sloncejewelry.pl\/?product=3-warsztaty-katowice-20-02-bransoletka-kostka","og_locale":"pl_PL","og_type":"article","og_title":"..3. WARSZTATY Katowice 20.02 BRANSOLETKA KOSTKA -","og_description":"Warsztaty tworzenia bi\u017cuterii \u2013 r\u0119cznie szyta bransoletka kostka Zapraszam na wyj\u0105tkowe warsztaty tworzenia r\u0119cznie szytej bransoletki kostki \u2013 to przepi\u0119kny, spokojny i do\u015b\u0107 d\u0142ugi proces, kt\u00f3ry daje spektakularny efekt ko\u0144cowy. Od pierwszego do ostatniego etapu sama tworzysz swoj\u0105 kolorystyk\u0119, inspirujesz si\u0119 tym, co lubisz i \u0142\u0105czysz nietypowe barwy, tworz\u0105c osobist\u0105 mozaik\u0119 kolor\u00f3w. Na spotkaniu: poznasz...","og_url":"https:\/\/sloncejewelry.pl\/?product=3-warsztaty-katowice-20-02-bransoletka-kostka","article_modified_time":"2026-01-27T18:07:06+00:00","og_image":[{"width":724,"height":1024,"url":"https:\/\/sloncejewelry.pl\/wp-content\/uploads\/2026\/01\/Czerwony-Bezowy-Nowoczesny-Prosty-Nowa-Kolekcja-Plakat-8-724x1024.png","type":"image\/png"}],"twitter_card":"summary_large_image","twitter_misc":{"Szacowany czas czytania":"4 minuty"},"schema":{"@context":"https:\/\/schema.org","@graph":[{"@type":"WebPage","@id":"https:\/\/sloncejewelry.pl\/?product=3-warsztaty-katowice-20-02-bransoletka-kostka","url":"https:\/\/sloncejewelry.pl\/?product=3-warsztaty-katowice-20-02-bransoletka-kostka","name":"..3. WARSZTATY Katowice 20.02 BRANSOLETKA KOSTKA -","isPartOf":{"@id":"https:\/\/sloncejewelry.pl\/#website"},"primaryImageOfPage":{"@id":"https:\/\/sloncejewelry.pl\/?product=3-warsztaty-katowice-20-02-bransoletka-kostka#primaryimage"},"image":{"@id":"https:\/\/sloncejewelry.pl\/?product=3-warsztaty-katowice-20-02-bransoletka-kostka#primaryimage"},"thumbnailUrl":"https:\/\/sloncejewelry.pl\/wp-content\/uploads\/2026\/01\/Czerwony-Bezowy-Nowoczesny-Prosty-Nowa-Kolekcja-Plakat-8.png","datePublished":"2026-01-26T17:00:01+00:00","dateModified":"2026-01-27T18:07:06+00:00","breadcrumb":{"@id":"https:\/\/sloncejewelry.pl\/?product=3-warsztaty-katowice-20-02-bransoletka-kostka#breadcrumb"},"inLanguage":"pl-PL","potentialAction":[{"@type":"ReadAction","target":["https:\/\/sloncejewelry.pl\/?product=3-warsztaty-katowice-20-02-bransoletka-kostka"]}]},{"@type":"ImageObject","inLanguage":"pl-PL","@id":"https:\/\/sloncejewelry.pl\/?product=3-warsztaty-katowice-20-02-bransoletka-kostka#primaryimage","url":"https:\/\/sloncejewelry.pl\/wp-content\/uploads\/2026\/01\/Czerwony-Bezowy-Nowoczesny-Prosty-Nowa-Kolekcja-Plakat-8.png","contentUrl":"https:\/\/sloncejewelry.pl\/wp-content\/uploads\/2026\/01\/Czerwony-Bezowy-Nowoczesny-Prosty-Nowa-Kolekcja-Plakat-8.png","width":1587,"height":2245},{"@type":"BreadcrumbList","@id":"https:\/\/sloncejewelry.pl\/?product=3-warsztaty-katowice-20-02-bransoletka-kostka#breadcrumb","itemListElement":[{"@type":"ListItem","position":1,"name":"Strona g\u0142\u00f3wna","item":"https:\/\/sloncejewelry.pl\/"},{"@type":"ListItem","position":2,"name":"Sklep","item":"https:\/\/sloncejewelry.pl\/?page_id=408"},{"@type":"ListItem","position":3,"name":"..3. WARSZTATY Katowice 20.02 BRANSOLETKA KOSTKA"}]},{"@type":"WebSite","@id":"https:\/\/sloncejewelry.pl\/#website","url":"https:\/\/sloncejewelry.pl\/","name":"","description":"","potentialAction":[{"@type":"SearchAction","target":{"@type":"EntryPoint","urlTemplate":"https:\/\/sloncejewelry.pl\/?s={search_term_string}"},"query-input":{"@type":"PropertyValueSpecification","valueRequired":true,"valueName":"search_term_string"}}],"inLanguage":"pl-PL"}]}},"jetpack_sharing_enabled":true,"_links":{"self":[{"href":"https:\/\/sloncejewelry.pl\/index.php?rest_route=\/wp\/v2\/product\/1925","targetHints":{"allow":["GET"]}}],"collection":[{"href":"https:\/\/sloncejewelry.pl\/index.php?rest_route=\/wp\/v2\/product"}],"about":[{"href":"https:\/\/sloncejewelry.pl\/index.php?rest_route=\/wp\/v2\/types\/product"}],"replies":[{"embeddable":true,"href":"https:\/\/sloncejewelry.pl\/index.php?rest_route=%2Fwp%2Fv2%2Fcomments&post=1925"}],"wp:featuredmedia":[{"embeddable":true,"href":"https:\/\/sloncejewelry.pl\/index.php?rest_route=\/wp\/v2\/media\/1926"}],"wp:attachment":[{"href":"https:\/\/sloncejewelry.pl\/index.php?rest_route=%2Fwp%2Fv2%2Fmedia&parent=1925"}],"wp:term":[{"taxonomy":"product_brand","embeddable":true,"href":"https:\/\/sloncejewelry.pl\/index.php?rest_route=%2Fwp%2Fv2%2Fproduct_brand&post=1925"},{"taxonomy":"product_cat","embeddable":true,"href":"https:\/\/sloncejewelry.pl\/index.php?rest_route=%2Fwp%2Fv2%2Fproduct_cat&post=1925"},{"taxonomy":"product_tag","embeddable":true,"href":"https:\/\/sloncejewelry.pl\/index.php?rest_route=%2Fwp%2Fv2%2Fproduct_tag&post=1925"}],"curies":[{"name":"wp","href":"https:\/\/api.w.org\/{rel}","templated":true}]}}