{"id":1875,"date":"2025-12-15T12:30:39","date_gmt":"2025-12-15T11:30:39","guid":{"rendered":"https:\/\/sloncejewelry.pl\/?post_type=product&#038;p=1875"},"modified":"2025-12-15T12:30:39","modified_gmt":"2025-12-15T11:30:39","slug":"winter-is-colorful","status":"publish","type":"product","link":"https:\/\/sloncejewelry.pl\/?product=winter-is-colorful","title":{"rendered":".Winter is colorful"},"content":{"rendered":"<p class=\"my-2 [&amp;+p]:mt-4 [&amp;_strong:has(+br)]:inline-block [&amp;_strong:has(+br)]:pb-2\"><strong>Wyj\u0105tkowy naszyjnik \u2013 kolorowa zimowa mozaika<\/strong><\/p>\n<p class=\"my-2 [&amp;+p]:mt-4 [&amp;_strong:has(+br)]:inline-block [&amp;_strong:has(+br)]:pb-2\">Ten r\u0119cznie szyty naszyjnik to prawdziwe dzie\u0142o sztuki, stworzone koralik po koraliku z trosk\u0105 o ka\u017cdy detal. Jego forma przypomina sze\u015bciany u\u0142o\u017cone z mniejszych i wi\u0119kszych szklanych koralik\u00f3w, kt\u00f3re razem tworz\u0105 niepowtarzaln\u0105, pe\u0142n\u0105 barw kompozycj\u0119.<\/p>\n<p class=\"my-2 [&amp;+p]:mt-4 [&amp;_strong:has(+br)]:inline-block [&amp;_strong:has(+br)]:pb-2\">To bi\u017cuteria, kt\u00f3ra udowadnia, \u017ce zima te\u017c mo\u017ce by\u0107 kolorowa \u2013 pe\u0142na \u015bwiat\u0142a, rado\u015bci i energii. Idealny prezent dla weso\u0142ej duszy, kt\u00f3ra kocha oryginalne dodatki i wyj\u0105tkowe po\u0142\u0105czenia kolor\u00f3w. Ka\u017cdy naszyjnik to unikat, zachwycaj\u0105cy swoj\u0105 g\u0142\u0119bi\u0105, struktur\u0105 i blaskiem. Je\u015bli szukasz czego\u015b naprawd\u0119 niepowtarzalnego \u2013 w\u0142a\u015bnie to jest ten naszyjnik.<\/p>\n<p class=\"my-2 [&amp;+p]:mt-4 [&amp;_strong:has(+br)]:inline-block [&amp;_strong:has(+br)]:pb-2\"><span style=\"font-family: var(--global-body-font-family);\">Jak dba\u0107 o bi\u017cuteri\u0119:<br \/>\n<\/span><span style=\"font-family: var(--global-body-font-family);\">1.Zdejmuj bi\u017cuteri\u0119 do snu oraz k\u0105pieli.<br \/>\n<\/span><span style=\"font-family: var(--global-body-font-family);\">2.Unikaj kontaktu z detergentami, balsamami, perfumami.<br \/>\n<\/span><span style=\"font-family: var(--global-body-font-family);\">3.Przechowuj bi\u017cuteri\u0119 w zamkni\u0119tym pude\u0142eczku.<br \/>\n<\/span><span style=\"font-family: var(--global-body-font-family);\">4.Przecieraj specjalnie do tego przeznaczon\u0105 szmatk\u0105.<br \/>\n<\/span><span style=\"font-family: var(--global-body-font-family);\">5.Zdejmuj podczas opalania i ograniczaj d\u0142ugotrwa\u0142y kontakt z promieniami s\u0142onecznymi.<\/span><\/p>\n<p class=\"my-2 [&amp;+p]:mt-4 [&amp;_strong:has(+br)]:inline-block [&amp;_strong:has(+br)]:pb-2\"><span style=\"font-family: var(--global-body-font-family);\">Stosowanie si\u0119 do powy\u017cszych zasad pozwoli si\u0119 d\u0142ugo cieszy\u0107 pi\u0119kn\u0105 bi\u017cuteri\u0105.<\/span><\/p>\n","protected":false},"excerpt":{"rendered":"<p>Wyj\u0105tkowy naszyjnik \u2013 kolorowa zimowa mozaika Ten r\u0119cznie szyty naszyjnik to prawdziwe dzie\u0142o sztuki, stworzone koralik po koraliku z trosk\u0105 o ka\u017cdy detal. Jego forma przypomina sze\u015bciany u\u0142o\u017cone z mniejszych i wi\u0119kszych szklanych koralik\u00f3w, kt\u00f3re razem tworz\u0105 niepowtarzaln\u0105, pe\u0142n\u0105 barw kompozycj\u0119. To bi\u017cuteria, kt\u00f3ra udowadnia, \u017ce zima te\u017c mo\u017ce by\u0107 kolorowa \u2013 pe\u0142na \u015bwiat\u0142a, rado\u015bci&#8230;<\/p>\n","protected":false},"featured_media":1876,"comment_status":"open","ping_status":"closed","template":"","meta":{"_kadence_starter_templates_imported_post":false,"_kad_post_transparent":"default","_kad_post_title":"","_kad_post_layout":"default","_kad_post_sidebar_id":"","_kad_post_content_style":"default","_kad_post_vertical_padding":"default","_kad_post_feature":"","_kad_post_feature_position":"","_kad_post_header":false,"_kad_post_footer":false},"product_brand":[],"product_cat":[19],"product_tag":[40,36,45,48,38,27],"class_list":{"0":"post-1875","1":"product","2":"type-product","3":"status-publish","4":"has-post-thumbnail","6":"product_cat-naszyjniki","7":"product_tag-kolorowy-naszyjnik","8":"product_tag-prezent","9":"product_tag-recznie-szyty-naszyjnik","10":"product_tag-sloneczna-bizuteria","11":"product_tag-sloneczny-naszyjnik","12":"product_tag-szklana-bizuteria","14":"first","15":"instock","16":"shipping-taxable","17":"purchasable","18":"product-type-simple","19":"entry","20":"content-bg","21":"loop-entry"},"yoast_head":"<!-- This site is optimized with the Yoast SEO plugin v27.4 - https:\/\/yoast.com\/product\/yoast-seo-wordpress\/ -->\n<title>.Winter is colorful -<\/title>\n<meta name=\"robots\" content=\"index, follow, max-snippet:-1, max-image-preview:large, max-video-preview:-1\" \/>\n<link rel=\"canonical\" href=\"https:\/\/sloncejewelry.pl\/?product=winter-is-colorful\" \/>\n<meta property=\"og:locale\" content=\"pl_PL\" \/>\n<meta property=\"og:type\" content=\"article\" \/>\n<meta property=\"og:title\" content=\".Winter is colorful -\" \/>\n<meta property=\"og:description\" content=\"Wyj\u0105tkowy naszyjnik \u2013 kolorowa zimowa mozaika Ten r\u0119cznie szyty naszyjnik to prawdziwe dzie\u0142o sztuki, stworzone koralik po koraliku z trosk\u0105 o ka\u017cdy detal. Jego forma przypomina sze\u015bciany u\u0142o\u017cone z mniejszych i wi\u0119kszych szklanych koralik\u00f3w, kt\u00f3re razem tworz\u0105 niepowtarzaln\u0105, pe\u0142n\u0105 barw kompozycj\u0119. To bi\u017cuteria, kt\u00f3ra udowadnia, \u017ce zima te\u017c mo\u017ce by\u0107 kolorowa \u2013 pe\u0142na \u015bwiat\u0142a, rado\u015bci...\" \/>\n<meta property=\"og:url\" content=\"https:\/\/sloncejewelry.pl\/?product=winter-is-colorful\" \/>\n<meta name=\"twitter:card\" content=\"summary_large_image\" \/>\n<meta name=\"twitter:label1\" content=\"Szacowany czas czytania\" \/>\n\t<meta name=\"twitter:data1\" content=\"2 minuty\" \/>\n<script type=\"application\/ld+json\" class=\"yoast-schema-graph\">{\"@context\":\"https:\\\/\\\/schema.org\",\"@graph\":[{\"@type\":\"WebPage\",\"@id\":\"https:\\\/\\\/sloncejewelry.pl\\\/?product=winter-is-colorful\",\"url\":\"https:\\\/\\\/sloncejewelry.pl\\\/?product=winter-is-colorful\",\"name\":\".Winter is colorful -\",\"isPartOf\":{\"@id\":\"https:\\\/\\\/sloncejewelry.pl\\\/#website\"},\"primaryImageOfPage\":{\"@id\":\"https:\\\/\\\/sloncejewelry.pl\\\/?product=winter-is-colorful#primaryimage\"},\"image\":{\"@id\":\"https:\\\/\\\/sloncejewelry.pl\\\/?product=winter-is-colorful#primaryimage\"},\"thumbnailUrl\":\"https:\\\/\\\/sloncejewelry.pl\\\/wp-content\\\/uploads\\\/2025\\\/12\\\/IMG_7020-scaled.jpg\",\"datePublished\":\"2025-12-15T11:30:39+00:00\",\"breadcrumb\":{\"@id\":\"https:\\\/\\\/sloncejewelry.pl\\\/?product=winter-is-colorful#breadcrumb\"},\"inLanguage\":\"pl-PL\",\"potentialAction\":[{\"@type\":\"ReadAction\",\"target\":[\"https:\\\/\\\/sloncejewelry.pl\\\/?product=winter-is-colorful\"]}]},{\"@type\":\"ImageObject\",\"inLanguage\":\"pl-PL\",\"@id\":\"https:\\\/\\\/sloncejewelry.pl\\\/?product=winter-is-colorful#primaryimage\",\"url\":\"https:\\\/\\\/sloncejewelry.pl\\\/wp-content\\\/uploads\\\/2025\\\/12\\\/IMG_7020-scaled.jpg\",\"contentUrl\":\"https:\\\/\\\/sloncejewelry.pl\\\/wp-content\\\/uploads\\\/2025\\\/12\\\/IMG_7020-scaled.jpg\",\"width\":1920,\"height\":2560,\"caption\":\"naszyjnik sze\u015bcian\"},{\"@type\":\"BreadcrumbList\",\"@id\":\"https:\\\/\\\/sloncejewelry.pl\\\/?product=winter-is-colorful#breadcrumb\",\"itemListElement\":[{\"@type\":\"ListItem\",\"position\":1,\"name\":\"Strona g\u0142\u00f3wna\",\"item\":\"https:\\\/\\\/sloncejewelry.pl\\\/\"},{\"@type\":\"ListItem\",\"position\":2,\"name\":\"Sklep\",\"item\":\"https:\\\/\\\/sloncejewelry.pl\\\/?page_id=408\"},{\"@type\":\"ListItem\",\"position\":3,\"name\":\".Winter is colorful\"}]},{\"@type\":\"WebSite\",\"@id\":\"https:\\\/\\\/sloncejewelry.pl\\\/#website\",\"url\":\"https:\\\/\\\/sloncejewelry.pl\\\/\",\"name\":\"\",\"description\":\"\",\"potentialAction\":[{\"@type\":\"SearchAction\",\"target\":{\"@type\":\"EntryPoint\",\"urlTemplate\":\"https:\\\/\\\/sloncejewelry.pl\\\/?s={search_term_string}\"},\"query-input\":{\"@type\":\"PropertyValueSpecification\",\"valueRequired\":true,\"valueName\":\"search_term_string\"}}],\"inLanguage\":\"pl-PL\"}]}<\/script>\n<!-- \/ Yoast SEO plugin. -->","yoast_head_json":{"title":".Winter is colorful -","robots":{"index":"index","follow":"follow","max-snippet":"max-snippet:-1","max-image-preview":"max-image-preview:large","max-video-preview":"max-video-preview:-1"},"canonical":"https:\/\/sloncejewelry.pl\/?product=winter-is-colorful","og_locale":"pl_PL","og_type":"article","og_title":".Winter is colorful -","og_description":"Wyj\u0105tkowy naszyjnik \u2013 kolorowa zimowa mozaika Ten r\u0119cznie szyty naszyjnik to prawdziwe dzie\u0142o sztuki, stworzone koralik po koraliku z trosk\u0105 o ka\u017cdy detal. Jego forma przypomina sze\u015bciany u\u0142o\u017cone z mniejszych i wi\u0119kszych szklanych koralik\u00f3w, kt\u00f3re razem tworz\u0105 niepowtarzaln\u0105, pe\u0142n\u0105 barw kompozycj\u0119. To bi\u017cuteria, kt\u00f3ra udowadnia, \u017ce zima te\u017c mo\u017ce by\u0107 kolorowa \u2013 pe\u0142na \u015bwiat\u0142a, rado\u015bci...","og_url":"https:\/\/sloncejewelry.pl\/?product=winter-is-colorful","twitter_card":"summary_large_image","twitter_misc":{"Szacowany czas czytania":"2 minuty"},"schema":{"@context":"https:\/\/schema.org","@graph":[{"@type":"WebPage","@id":"https:\/\/sloncejewelry.pl\/?product=winter-is-colorful","url":"https:\/\/sloncejewelry.pl\/?product=winter-is-colorful","name":".Winter is colorful -","isPartOf":{"@id":"https:\/\/sloncejewelry.pl\/#website"},"primaryImageOfPage":{"@id":"https:\/\/sloncejewelry.pl\/?product=winter-is-colorful#primaryimage"},"image":{"@id":"https:\/\/sloncejewelry.pl\/?product=winter-is-colorful#primaryimage"},"thumbnailUrl":"https:\/\/sloncejewelry.pl\/wp-content\/uploads\/2025\/12\/IMG_7020-scaled.jpg","datePublished":"2025-12-15T11:30:39+00:00","breadcrumb":{"@id":"https:\/\/sloncejewelry.pl\/?product=winter-is-colorful#breadcrumb"},"inLanguage":"pl-PL","potentialAction":[{"@type":"ReadAction","target":["https:\/\/sloncejewelry.pl\/?product=winter-is-colorful"]}]},{"@type":"ImageObject","inLanguage":"pl-PL","@id":"https:\/\/sloncejewelry.pl\/?product=winter-is-colorful#primaryimage","url":"https:\/\/sloncejewelry.pl\/wp-content\/uploads\/2025\/12\/IMG_7020-scaled.jpg","contentUrl":"https:\/\/sloncejewelry.pl\/wp-content\/uploads\/2025\/12\/IMG_7020-scaled.jpg","width":1920,"height":2560,"caption":"naszyjnik sze\u015bcian"},{"@type":"BreadcrumbList","@id":"https:\/\/sloncejewelry.pl\/?product=winter-is-colorful#breadcrumb","itemListElement":[{"@type":"ListItem","position":1,"name":"Strona g\u0142\u00f3wna","item":"https:\/\/sloncejewelry.pl\/"},{"@type":"ListItem","position":2,"name":"Sklep","item":"https:\/\/sloncejewelry.pl\/?page_id=408"},{"@type":"ListItem","position":3,"name":".Winter is colorful"}]},{"@type":"WebSite","@id":"https:\/\/sloncejewelry.pl\/#website","url":"https:\/\/sloncejewelry.pl\/","name":"","description":"","potentialAction":[{"@type":"SearchAction","target":{"@type":"EntryPoint","urlTemplate":"https:\/\/sloncejewelry.pl\/?s={search_term_string}"},"query-input":{"@type":"PropertyValueSpecification","valueRequired":true,"valueName":"search_term_string"}}],"inLanguage":"pl-PL"}]}},"jetpack_sharing_enabled":true,"_links":{"self":[{"href":"https:\/\/sloncejewelry.pl\/index.php?rest_route=\/wp\/v2\/product\/1875","targetHints":{"allow":["GET"]}}],"collection":[{"href":"https:\/\/sloncejewelry.pl\/index.php?rest_route=\/wp\/v2\/product"}],"about":[{"href":"https:\/\/sloncejewelry.pl\/index.php?rest_route=\/wp\/v2\/types\/product"}],"replies":[{"embeddable":true,"href":"https:\/\/sloncejewelry.pl\/index.php?rest_route=%2Fwp%2Fv2%2Fcomments&post=1875"}],"wp:featuredmedia":[{"embeddable":true,"href":"https:\/\/sloncejewelry.pl\/index.php?rest_route=\/wp\/v2\/media\/1876"}],"wp:attachment":[{"href":"https:\/\/sloncejewelry.pl\/index.php?rest_route=%2Fwp%2Fv2%2Fmedia&parent=1875"}],"wp:term":[{"taxonomy":"product_brand","embeddable":true,"href":"https:\/\/sloncejewelry.pl\/index.php?rest_route=%2Fwp%2Fv2%2Fproduct_brand&post=1875"},{"taxonomy":"product_cat","embeddable":true,"href":"https:\/\/sloncejewelry.pl\/index.php?rest_route=%2Fwp%2Fv2%2Fproduct_cat&post=1875"},{"taxonomy":"product_tag","embeddable":true,"href":"https:\/\/sloncejewelry.pl\/index.php?rest_route=%2Fwp%2Fv2%2Fproduct_tag&post=1875"}],"curies":[{"name":"wp","href":"https:\/\/api.w.org\/{rel}","templated":true}]}}