{"id":1866,"date":"2025-12-15T11:29:51","date_gmt":"2025-12-15T10:29:51","guid":{"rendered":"https:\/\/sloncejewelry.pl\/?post_type=product&#038;p=1866"},"modified":"2026-01-27T21:03:18","modified_gmt":"2026-01-27T20:03:18","slug":"heart","status":"publish","type":"product","link":"https:\/\/sloncejewelry.pl\/?product=heart","title":{"rendered":".Heart"},"content":{"rendered":"<p class=\"my-2 [&amp;+p]:mt-4 [&amp;_strong:has(+br)]:inline-block [&amp;_strong:has(+br)]:pb-2\">Delikatny, a zarazem niezwykle wyrazisty naszyjnik z r\u0119cznie szytym burgundowym serduszkiem na z\u0142otym \u0142a\u0144cuszku. Ka\u017cdy detal zosta\u0142 wykonany w ca\u0142o\u015bci r\u0119cznie, z dba\u0142o\u015bci\u0105 o najmniejsze szczeg\u00f3\u0142y. Subtelne po\u0142\u0105czenie g\u0142\u0119bokiego burgundu ze z\u0142otem tworzy eleganck\u0105, romantyczn\u0105 ca\u0142o\u015b\u0107, kt\u00f3ra pasuje do ka\u017cdej stylizacji \u2014 od codziennej po wieczorow\u0105.<\/p>\n<p class=\"my-2 [&amp;+p]:mt-4 [&amp;_strong:has(+br)]:inline-block [&amp;_strong:has(+br)]:pb-2\">Ten naszyjnik to symbol czu\u0142o\u015bci i pi\u0119kna w najprostszej formie. Idealny, by podarowa\u0107 ukochanej osobie lub sprawi\u0107 rado\u015b\u0107 samej sobie. Lekki, kobiecy i pe\u0142en uroku \u2014 przykuwa wzrok i dodaje blasku ka\u017cdej chwili.<\/p>\n<p>R\u0119cznie szyta bransoletka \u201ekostka\u201d ze szklanych koralik\u00f3w, tworzy efektown\u0105, mozaikow\u0105 powierzchni\u0119 o perfekcyjnie przenikaj\u0105cych si\u0119 kolorach. To delikatna, a jednocze\u015bnie wyrazista ozdoba, kt\u00f3ra przykuwa wzrok swoj\u0105 oryginalno\u015bci\u0105 i starannym wyko\u0144czeniem.<\/p>\n<p class=\"my-2 [&amp;+p]:mt-4 [&amp;_strong:has(+br)]:inline-block [&amp;_strong:has(+br)]:pb-2\">Jak dba\u0107 o bi\u017cuteri\u0119:<br \/>\n1.Zdejmuj bi\u017cuteri\u0119 do snu oraz k\u0105pieli.<br \/>\n2.Unikaj kontaktu z detergentami, balsamami, perfumami.<br \/>\n3.Przechowuj bi\u017cuteri\u0119 w zamkni\u0119tym pude\u0142eczku.<br \/>\n4.Przecieraj specjalnie do tego przeznaczon\u0105 szmatk\u0105.<br \/>\n5.Zdejmuj podczas opalania i ograniczaj d\u0142ugotrwa\u0142y kontakt z promieniami s\u0142onecznymi.<\/p>\n<p class=\"my-2 [&amp;+p]:mt-4 [&amp;_strong:has(+br)]:inline-block [&amp;_strong:has(+br)]:pb-2\">Stosowanie si\u0119 do powy\u017cszych zasad pozwoli si\u0119 d\u0142ugo cieszy\u0107 pi\u0119kn\u0105 bi\u017cuteri\u0105.<\/p>\n<p>&nbsp;<\/p>\n","protected":false},"excerpt":{"rendered":"<p>Delikatny, a zarazem niezwykle wyrazisty naszyjnik z r\u0119cznie szytym burgundowym serduszkiem na z\u0142otym \u0142a\u0144cuszku. Ka\u017cdy detal zosta\u0142 wykonany w ca\u0142o\u015bci r\u0119cznie, z dba\u0142o\u015bci\u0105 o najmniejsze szczeg\u00f3\u0142y. Subtelne po\u0142\u0105czenie g\u0142\u0119bokiego burgundu ze z\u0142otem tworzy eleganck\u0105, romantyczn\u0105 ca\u0142o\u015b\u0107, kt\u00f3ra pasuje do ka\u017cdej stylizacji \u2014 od codziennej po wieczorow\u0105. Ten naszyjnik to symbol czu\u0142o\u015bci i pi\u0119kna w najprostszej&#8230;<\/p>\n","protected":false},"featured_media":1933,"comment_status":"open","ping_status":"closed","template":"","meta":{"_kadence_starter_templates_imported_post":false,"_kad_post_transparent":"default","_kad_post_title":"","_kad_post_layout":"default","_kad_post_sidebar_id":"","_kad_post_content_style":"default","_kad_post_vertical_padding":"default","_kad_post_feature":"","_kad_post_feature_position":"","_kad_post_header":false,"_kad_post_footer":false},"product_brand":[],"product_cat":[19],"product_tag":[46,20,26,28,36,48],"class_list":{"0":"post-1866","1":"product","2":"type-product","3":"status-publish","4":"has-post-thumbnail","6":"product_cat-naszyjniki","7":"product_tag-bizuteria","8":"product_tag-naszyjnik","9":"product_tag-naszyjnik-serce","10":"product_tag-naszyjnik-z-sercem","11":"product_tag-prezent","12":"product_tag-sloneczna-bizuteria","14":"first","15":"instock","16":"shipping-taxable","17":"purchasable","18":"product-type-variable","19":"entry","20":"content-bg","21":"loop-entry"},"yoast_head":"<!-- This site is optimized with the Yoast SEO plugin v27.4 - https:\/\/yoast.com\/product\/yoast-seo-wordpress\/ -->\n<title>.Heart -<\/title>\n<meta name=\"robots\" content=\"index, follow, max-snippet:-1, max-image-preview:large, max-video-preview:-1\" \/>\n<link rel=\"canonical\" href=\"https:\/\/sloncejewelry.pl\/?product=heart\" \/>\n<meta property=\"og:locale\" content=\"pl_PL\" \/>\n<meta property=\"og:type\" content=\"article\" \/>\n<meta property=\"og:title\" content=\".Heart -\" \/>\n<meta property=\"og:description\" content=\"Delikatny, a zarazem niezwykle wyrazisty naszyjnik z r\u0119cznie szytym burgundowym serduszkiem na z\u0142otym \u0142a\u0144cuszku. Ka\u017cdy detal zosta\u0142 wykonany w ca\u0142o\u015bci r\u0119cznie, z dba\u0142o\u015bci\u0105 o najmniejsze szczeg\u00f3\u0142y. Subtelne po\u0142\u0105czenie g\u0142\u0119bokiego burgundu ze z\u0142otem tworzy eleganck\u0105, romantyczn\u0105 ca\u0142o\u015b\u0107, kt\u00f3ra pasuje do ka\u017cdej stylizacji \u2014 od codziennej po wieczorow\u0105. Ten naszyjnik to symbol czu\u0142o\u015bci i pi\u0119kna w najprostszej...\" \/>\n<meta property=\"og:url\" content=\"https:\/\/sloncejewelry.pl\/?product=heart\" \/>\n<meta property=\"article:modified_time\" content=\"2026-01-27T20:03:18+00:00\" \/>\n<meta name=\"twitter:card\" content=\"summary_large_image\" \/>\n<meta name=\"twitter:label1\" content=\"Szacowany czas czytania\" \/>\n\t<meta name=\"twitter:data1\" content=\"2 minuty\" \/>\n<script type=\"application\/ld+json\" class=\"yoast-schema-graph\">{\"@context\":\"https:\\\/\\\/schema.org\",\"@graph\":[{\"@type\":\"WebPage\",\"@id\":\"https:\\\/\\\/sloncejewelry.pl\\\/?product=heart\",\"url\":\"https:\\\/\\\/sloncejewelry.pl\\\/?product=heart\",\"name\":\".Heart -\",\"isPartOf\":{\"@id\":\"https:\\\/\\\/sloncejewelry.pl\\\/#website\"},\"primaryImageOfPage\":{\"@id\":\"https:\\\/\\\/sloncejewelry.pl\\\/?product=heart#primaryimage\"},\"image\":{\"@id\":\"https:\\\/\\\/sloncejewelry.pl\\\/?product=heart#primaryimage\"},\"thumbnailUrl\":\"https:\\\/\\\/sloncejewelry.pl\\\/wp-content\\\/uploads\\\/2025\\\/12\\\/IMG_7107-scaled.jpg\",\"datePublished\":\"2025-12-15T10:29:51+00:00\",\"dateModified\":\"2026-01-27T20:03:18+00:00\",\"breadcrumb\":{\"@id\":\"https:\\\/\\\/sloncejewelry.pl\\\/?product=heart#breadcrumb\"},\"inLanguage\":\"pl-PL\",\"potentialAction\":[{\"@type\":\"ReadAction\",\"target\":[\"https:\\\/\\\/sloncejewelry.pl\\\/?product=heart\"]}]},{\"@type\":\"ImageObject\",\"inLanguage\":\"pl-PL\",\"@id\":\"https:\\\/\\\/sloncejewelry.pl\\\/?product=heart#primaryimage\",\"url\":\"https:\\\/\\\/sloncejewelry.pl\\\/wp-content\\\/uploads\\\/2025\\\/12\\\/IMG_7107-scaled.jpg\",\"contentUrl\":\"https:\\\/\\\/sloncejewelry.pl\\\/wp-content\\\/uploads\\\/2025\\\/12\\\/IMG_7107-scaled.jpg\",\"width\":1920,\"height\":2560},{\"@type\":\"BreadcrumbList\",\"@id\":\"https:\\\/\\\/sloncejewelry.pl\\\/?product=heart#breadcrumb\",\"itemListElement\":[{\"@type\":\"ListItem\",\"position\":1,\"name\":\"Strona g\u0142\u00f3wna\",\"item\":\"https:\\\/\\\/sloncejewelry.pl\\\/\"},{\"@type\":\"ListItem\",\"position\":2,\"name\":\"Sklep\",\"item\":\"https:\\\/\\\/sloncejewelry.pl\\\/?page_id=408\"},{\"@type\":\"ListItem\",\"position\":3,\"name\":\".Heart\"}]},{\"@type\":\"WebSite\",\"@id\":\"https:\\\/\\\/sloncejewelry.pl\\\/#website\",\"url\":\"https:\\\/\\\/sloncejewelry.pl\\\/\",\"name\":\"\",\"description\":\"\",\"potentialAction\":[{\"@type\":\"SearchAction\",\"target\":{\"@type\":\"EntryPoint\",\"urlTemplate\":\"https:\\\/\\\/sloncejewelry.pl\\\/?s={search_term_string}\"},\"query-input\":{\"@type\":\"PropertyValueSpecification\",\"valueRequired\":true,\"valueName\":\"search_term_string\"}}],\"inLanguage\":\"pl-PL\"}]}<\/script>\n<!-- \/ Yoast SEO plugin. -->","yoast_head_json":{"title":".Heart -","robots":{"index":"index","follow":"follow","max-snippet":"max-snippet:-1","max-image-preview":"max-image-preview:large","max-video-preview":"max-video-preview:-1"},"canonical":"https:\/\/sloncejewelry.pl\/?product=heart","og_locale":"pl_PL","og_type":"article","og_title":".Heart -","og_description":"Delikatny, a zarazem niezwykle wyrazisty naszyjnik z r\u0119cznie szytym burgundowym serduszkiem na z\u0142otym \u0142a\u0144cuszku. Ka\u017cdy detal zosta\u0142 wykonany w ca\u0142o\u015bci r\u0119cznie, z dba\u0142o\u015bci\u0105 o najmniejsze szczeg\u00f3\u0142y. Subtelne po\u0142\u0105czenie g\u0142\u0119bokiego burgundu ze z\u0142otem tworzy eleganck\u0105, romantyczn\u0105 ca\u0142o\u015b\u0107, kt\u00f3ra pasuje do ka\u017cdej stylizacji \u2014 od codziennej po wieczorow\u0105. Ten naszyjnik to symbol czu\u0142o\u015bci i pi\u0119kna w najprostszej...","og_url":"https:\/\/sloncejewelry.pl\/?product=heart","article_modified_time":"2026-01-27T20:03:18+00:00","twitter_card":"summary_large_image","twitter_misc":{"Szacowany czas czytania":"2 minuty"},"schema":{"@context":"https:\/\/schema.org","@graph":[{"@type":"WebPage","@id":"https:\/\/sloncejewelry.pl\/?product=heart","url":"https:\/\/sloncejewelry.pl\/?product=heart","name":".Heart -","isPartOf":{"@id":"https:\/\/sloncejewelry.pl\/#website"},"primaryImageOfPage":{"@id":"https:\/\/sloncejewelry.pl\/?product=heart#primaryimage"},"image":{"@id":"https:\/\/sloncejewelry.pl\/?product=heart#primaryimage"},"thumbnailUrl":"https:\/\/sloncejewelry.pl\/wp-content\/uploads\/2025\/12\/IMG_7107-scaled.jpg","datePublished":"2025-12-15T10:29:51+00:00","dateModified":"2026-01-27T20:03:18+00:00","breadcrumb":{"@id":"https:\/\/sloncejewelry.pl\/?product=heart#breadcrumb"},"inLanguage":"pl-PL","potentialAction":[{"@type":"ReadAction","target":["https:\/\/sloncejewelry.pl\/?product=heart"]}]},{"@type":"ImageObject","inLanguage":"pl-PL","@id":"https:\/\/sloncejewelry.pl\/?product=heart#primaryimage","url":"https:\/\/sloncejewelry.pl\/wp-content\/uploads\/2025\/12\/IMG_7107-scaled.jpg","contentUrl":"https:\/\/sloncejewelry.pl\/wp-content\/uploads\/2025\/12\/IMG_7107-scaled.jpg","width":1920,"height":2560},{"@type":"BreadcrumbList","@id":"https:\/\/sloncejewelry.pl\/?product=heart#breadcrumb","itemListElement":[{"@type":"ListItem","position":1,"name":"Strona g\u0142\u00f3wna","item":"https:\/\/sloncejewelry.pl\/"},{"@type":"ListItem","position":2,"name":"Sklep","item":"https:\/\/sloncejewelry.pl\/?page_id=408"},{"@type":"ListItem","position":3,"name":".Heart"}]},{"@type":"WebSite","@id":"https:\/\/sloncejewelry.pl\/#website","url":"https:\/\/sloncejewelry.pl\/","name":"","description":"","potentialAction":[{"@type":"SearchAction","target":{"@type":"EntryPoint","urlTemplate":"https:\/\/sloncejewelry.pl\/?s={search_term_string}"},"query-input":{"@type":"PropertyValueSpecification","valueRequired":true,"valueName":"search_term_string"}}],"inLanguage":"pl-PL"}]}},"jetpack_sharing_enabled":true,"_links":{"self":[{"href":"https:\/\/sloncejewelry.pl\/index.php?rest_route=\/wp\/v2\/product\/1866","targetHints":{"allow":["GET"]}}],"collection":[{"href":"https:\/\/sloncejewelry.pl\/index.php?rest_route=\/wp\/v2\/product"}],"about":[{"href":"https:\/\/sloncejewelry.pl\/index.php?rest_route=\/wp\/v2\/types\/product"}],"replies":[{"embeddable":true,"href":"https:\/\/sloncejewelry.pl\/index.php?rest_route=%2Fwp%2Fv2%2Fcomments&post=1866"}],"wp:featuredmedia":[{"embeddable":true,"href":"https:\/\/sloncejewelry.pl\/index.php?rest_route=\/wp\/v2\/media\/1933"}],"wp:attachment":[{"href":"https:\/\/sloncejewelry.pl\/index.php?rest_route=%2Fwp%2Fv2%2Fmedia&parent=1866"}],"wp:term":[{"taxonomy":"product_brand","embeddable":true,"href":"https:\/\/sloncejewelry.pl\/index.php?rest_route=%2Fwp%2Fv2%2Fproduct_brand&post=1866"},{"taxonomy":"product_cat","embeddable":true,"href":"https:\/\/sloncejewelry.pl\/index.php?rest_route=%2Fwp%2Fv2%2Fproduct_cat&post=1866"},{"taxonomy":"product_tag","embeddable":true,"href":"https:\/\/sloncejewelry.pl\/index.php?rest_route=%2Fwp%2Fv2%2Fproduct_tag&post=1866"}],"curies":[{"name":"wp","href":"https:\/\/api.w.org\/{rel}","templated":true}]}}