{"id":1851,"date":"2025-12-15T11:00:46","date_gmt":"2025-12-15T10:00:46","guid":{"rendered":"https:\/\/sloncejewelry.pl\/?post_type=product&#038;p=1851"},"modified":"2026-03-10T10:11:14","modified_gmt":"2026-03-10T09:11:14","slug":"pearl-lemon","status":"publish","type":"product","link":"https:\/\/sloncejewelry.pl\/?product=pearl-lemon","title":{"rendered":".Pearl lemon"},"content":{"rendered":"<p class=\"my-2 [&amp;+p]:mt-4 [&amp;_strong:has(+br)]:inline-block [&amp;_strong:has(+br)]:pb-2\"><strong>Per\u0142owy naszyjnik z cytrynk\u0105 i z\u0142otym listkiem<\/strong> to kwintesencja subtelnej elegancji i radosnej \u015bwie\u017co\u015bci. Delikatne per\u0142owe szklane koraliki tworz\u0105 klasyczn\u0105 baz\u0119, a soczysta \u017c\u00f3\u0142ta cytrynka \u2014 uzupe\u0142niona z\u0142otym listkiem \u2014 dodaje kompozycji blasku i charakteru. Ca\u0142o\u015b\u0107 tworzy harmonijne po\u0142\u0105czenie, kt\u00f3re pi\u0119knie dope\u0142ni zar\u00f3wno codzienne stylizacje, jak i wyj\u0105tkowe okazje.<\/p>\n<p class=\"my-2 [&amp;+p]:mt-4 [&amp;_strong:has(+br)]:inline-block [&amp;_strong:has(+br)]:pb-2\">Naszyjnik zosta\u0142 <strong>wykonany w ca\u0142o\u015bci r\u0119cznie<\/strong>, z ogromn\u0105 dba\u0142o\u015bci\u0105 o ka\u017cdy detal \u2014 od doboru barw, po precyzyjne wyko\u0144czenie. To bi\u017cuteria, kt\u00f3ra przyci\u0105ga spojrzenia i pasuje do wszystkiego.<\/p>\n<p class=\"my-2 [&amp;+p]:mt-4 [&amp;_strong:has(+br)]:inline-block [&amp;_strong:has(+br)]:pb-2\">Jak dba\u0107 o bi\u017cuteri\u0119:<br \/>\n1.Zdejmuj bi\u017cuteri\u0119 do snu oraz k\u0105pieli.<br \/>\n2.Unikaj kontaktu z detergentami, balsamami, perfumami.<br \/>\n3.Przechowuj bi\u017cuteri\u0119 w zamkni\u0119tym pude\u0142eczku.<br \/>\n4.Przecieraj specjalnie do tego przeznaczon\u0105 szmatk\u0105.<br \/>\n5.Zdejmuj podczas opalania i ograniczaj d\u0142ugotrwa\u0142y kontakt z promieniami s\u0142onecznymi.<\/p>\n<p class=\"my-2 [&amp;+p]:mt-4 [&amp;_strong:has(+br)]:inline-block [&amp;_strong:has(+br)]:pb-2\">Stosowanie si\u0119 do powy\u017cszych zasad pozwoli si\u0119 d\u0142ugo cieszy\u0107 pi\u0119kn\u0105 bi\u017cuteri\u0105.<\/p>\n","protected":false},"excerpt":{"rendered":"<p>Per\u0142owy naszyjnik z cytrynk\u0105 i z\u0142otym listkiem to kwintesencja subtelnej elegancji i radosnej \u015bwie\u017co\u015bci. Delikatne per\u0142owe szklane koraliki tworz\u0105 klasyczn\u0105 baz\u0119, a soczysta \u017c\u00f3\u0142ta cytrynka \u2014 uzupe\u0142niona z\u0142otym listkiem \u2014 dodaje kompozycji blasku i charakteru. Ca\u0142o\u015b\u0107 tworzy harmonijne po\u0142\u0105czenie, kt\u00f3re pi\u0119knie dope\u0142ni zar\u00f3wno codzienne stylizacje, jak i wyj\u0105tkowe okazje. Naszyjnik zosta\u0142 wykonany w ca\u0142o\u015bci r\u0119cznie,&#8230;<\/p>\n","protected":false},"featured_media":1852,"comment_status":"open","ping_status":"closed","template":"","meta":{"_kadence_starter_templates_imported_post":false,"_kad_post_transparent":"default","_kad_post_title":"","_kad_post_layout":"default","_kad_post_sidebar_id":"","_kad_post_content_style":"default","_kad_post_vertical_padding":"default","_kad_post_feature":"","_kad_post_feature_position":"","_kad_post_header":false,"_kad_post_footer":false},"product_brand":[],"product_cat":[19],"product_tag":[46,20,31,53,41,36],"class_list":{"0":"post-1851","1":"product","2":"type-product","3":"status-publish","4":"has-post-thumbnail","6":"product_cat-naszyjniki","7":"product_tag-bizuteria","8":"product_tag-naszyjnik","9":"product_tag-naszyjnik-owoce","10":"product_tag-naszyjnik-perlowy","11":"product_tag-naszyjnik-z-cytrynka","12":"product_tag-prezent","14":"first","15":"instock","16":"shipping-taxable","17":"purchasable","18":"product-type-simple","19":"entry","20":"content-bg","21":"loop-entry"},"yoast_head":"<!-- This site is optimized with the Yoast SEO plugin v27.4 - https:\/\/yoast.com\/product\/yoast-seo-wordpress\/ -->\n<title>.Pearl lemon -<\/title>\n<meta name=\"robots\" content=\"index, follow, max-snippet:-1, max-image-preview:large, max-video-preview:-1\" \/>\n<link rel=\"canonical\" href=\"https:\/\/sloncejewelry.pl\/?product=pearl-lemon\" \/>\n<meta property=\"og:locale\" content=\"pl_PL\" \/>\n<meta property=\"og:type\" content=\"article\" \/>\n<meta property=\"og:title\" content=\".Pearl lemon -\" \/>\n<meta property=\"og:description\" content=\"Per\u0142owy naszyjnik z cytrynk\u0105 i z\u0142otym listkiem to kwintesencja subtelnej elegancji i radosnej \u015bwie\u017co\u015bci. Delikatne per\u0142owe szklane koraliki tworz\u0105 klasyczn\u0105 baz\u0119, a soczysta \u017c\u00f3\u0142ta cytrynka \u2014 uzupe\u0142niona z\u0142otym listkiem \u2014 dodaje kompozycji blasku i charakteru. Ca\u0142o\u015b\u0107 tworzy harmonijne po\u0142\u0105czenie, kt\u00f3re pi\u0119knie dope\u0142ni zar\u00f3wno codzienne stylizacje, jak i wyj\u0105tkowe okazje. Naszyjnik zosta\u0142 wykonany w ca\u0142o\u015bci r\u0119cznie,...\" \/>\n<meta property=\"og:url\" content=\"https:\/\/sloncejewelry.pl\/?product=pearl-lemon\" \/>\n<meta property=\"article:modified_time\" content=\"2026-03-10T09:11:14+00:00\" \/>\n<meta name=\"twitter:card\" content=\"summary_large_image\" \/>\n<meta name=\"twitter:label1\" content=\"Szacowany czas czytania\" \/>\n\t<meta name=\"twitter:data1\" content=\"1 minuta\" \/>\n<script type=\"application\/ld+json\" class=\"yoast-schema-graph\">{\"@context\":\"https:\\\/\\\/schema.org\",\"@graph\":[{\"@type\":\"WebPage\",\"@id\":\"https:\\\/\\\/sloncejewelry.pl\\\/?product=pearl-lemon\",\"url\":\"https:\\\/\\\/sloncejewelry.pl\\\/?product=pearl-lemon\",\"name\":\".Pearl lemon -\",\"isPartOf\":{\"@id\":\"https:\\\/\\\/sloncejewelry.pl\\\/#website\"},\"primaryImageOfPage\":{\"@id\":\"https:\\\/\\\/sloncejewelry.pl\\\/?product=pearl-lemon#primaryimage\"},\"image\":{\"@id\":\"https:\\\/\\\/sloncejewelry.pl\\\/?product=pearl-lemon#primaryimage\"},\"thumbnailUrl\":\"https:\\\/\\\/sloncejewelry.pl\\\/wp-content\\\/uploads\\\/2025\\\/12\\\/IMG_6966-scaled.jpg\",\"datePublished\":\"2025-12-15T10:00:46+00:00\",\"dateModified\":\"2026-03-10T09:11:14+00:00\",\"breadcrumb\":{\"@id\":\"https:\\\/\\\/sloncejewelry.pl\\\/?product=pearl-lemon#breadcrumb\"},\"inLanguage\":\"pl-PL\",\"potentialAction\":[{\"@type\":\"ReadAction\",\"target\":[\"https:\\\/\\\/sloncejewelry.pl\\\/?product=pearl-lemon\"]}]},{\"@type\":\"ImageObject\",\"inLanguage\":\"pl-PL\",\"@id\":\"https:\\\/\\\/sloncejewelry.pl\\\/?product=pearl-lemon#primaryimage\",\"url\":\"https:\\\/\\\/sloncejewelry.pl\\\/wp-content\\\/uploads\\\/2025\\\/12\\\/IMG_6966-scaled.jpg\",\"contentUrl\":\"https:\\\/\\\/sloncejewelry.pl\\\/wp-content\\\/uploads\\\/2025\\\/12\\\/IMG_6966-scaled.jpg\",\"width\":1920,\"height\":2560,\"caption\":\"naszyjnik z cytrynk\u0105\"},{\"@type\":\"BreadcrumbList\",\"@id\":\"https:\\\/\\\/sloncejewelry.pl\\\/?product=pearl-lemon#breadcrumb\",\"itemListElement\":[{\"@type\":\"ListItem\",\"position\":1,\"name\":\"Strona g\u0142\u00f3wna\",\"item\":\"https:\\\/\\\/sloncejewelry.pl\\\/\"},{\"@type\":\"ListItem\",\"position\":2,\"name\":\"Sklep\",\"item\":\"https:\\\/\\\/sloncejewelry.pl\\\/?page_id=408\"},{\"@type\":\"ListItem\",\"position\":3,\"name\":\".Pearl lemon\"}]},{\"@type\":\"WebSite\",\"@id\":\"https:\\\/\\\/sloncejewelry.pl\\\/#website\",\"url\":\"https:\\\/\\\/sloncejewelry.pl\\\/\",\"name\":\"\",\"description\":\"\",\"potentialAction\":[{\"@type\":\"SearchAction\",\"target\":{\"@type\":\"EntryPoint\",\"urlTemplate\":\"https:\\\/\\\/sloncejewelry.pl\\\/?s={search_term_string}\"},\"query-input\":{\"@type\":\"PropertyValueSpecification\",\"valueRequired\":true,\"valueName\":\"search_term_string\"}}],\"inLanguage\":\"pl-PL\"}]}<\/script>\n<!-- \/ Yoast SEO plugin. -->","yoast_head_json":{"title":".Pearl lemon -","robots":{"index":"index","follow":"follow","max-snippet":"max-snippet:-1","max-image-preview":"max-image-preview:large","max-video-preview":"max-video-preview:-1"},"canonical":"https:\/\/sloncejewelry.pl\/?product=pearl-lemon","og_locale":"pl_PL","og_type":"article","og_title":".Pearl lemon -","og_description":"Per\u0142owy naszyjnik z cytrynk\u0105 i z\u0142otym listkiem to kwintesencja subtelnej elegancji i radosnej \u015bwie\u017co\u015bci. Delikatne per\u0142owe szklane koraliki tworz\u0105 klasyczn\u0105 baz\u0119, a soczysta \u017c\u00f3\u0142ta cytrynka \u2014 uzupe\u0142niona z\u0142otym listkiem \u2014 dodaje kompozycji blasku i charakteru. Ca\u0142o\u015b\u0107 tworzy harmonijne po\u0142\u0105czenie, kt\u00f3re pi\u0119knie dope\u0142ni zar\u00f3wno codzienne stylizacje, jak i wyj\u0105tkowe okazje. Naszyjnik zosta\u0142 wykonany w ca\u0142o\u015bci r\u0119cznie,...","og_url":"https:\/\/sloncejewelry.pl\/?product=pearl-lemon","article_modified_time":"2026-03-10T09:11:14+00:00","twitter_card":"summary_large_image","twitter_misc":{"Szacowany czas czytania":"1 minuta"},"schema":{"@context":"https:\/\/schema.org","@graph":[{"@type":"WebPage","@id":"https:\/\/sloncejewelry.pl\/?product=pearl-lemon","url":"https:\/\/sloncejewelry.pl\/?product=pearl-lemon","name":".Pearl lemon -","isPartOf":{"@id":"https:\/\/sloncejewelry.pl\/#website"},"primaryImageOfPage":{"@id":"https:\/\/sloncejewelry.pl\/?product=pearl-lemon#primaryimage"},"image":{"@id":"https:\/\/sloncejewelry.pl\/?product=pearl-lemon#primaryimage"},"thumbnailUrl":"https:\/\/sloncejewelry.pl\/wp-content\/uploads\/2025\/12\/IMG_6966-scaled.jpg","datePublished":"2025-12-15T10:00:46+00:00","dateModified":"2026-03-10T09:11:14+00:00","breadcrumb":{"@id":"https:\/\/sloncejewelry.pl\/?product=pearl-lemon#breadcrumb"},"inLanguage":"pl-PL","potentialAction":[{"@type":"ReadAction","target":["https:\/\/sloncejewelry.pl\/?product=pearl-lemon"]}]},{"@type":"ImageObject","inLanguage":"pl-PL","@id":"https:\/\/sloncejewelry.pl\/?product=pearl-lemon#primaryimage","url":"https:\/\/sloncejewelry.pl\/wp-content\/uploads\/2025\/12\/IMG_6966-scaled.jpg","contentUrl":"https:\/\/sloncejewelry.pl\/wp-content\/uploads\/2025\/12\/IMG_6966-scaled.jpg","width":1920,"height":2560,"caption":"naszyjnik z cytrynk\u0105"},{"@type":"BreadcrumbList","@id":"https:\/\/sloncejewelry.pl\/?product=pearl-lemon#breadcrumb","itemListElement":[{"@type":"ListItem","position":1,"name":"Strona g\u0142\u00f3wna","item":"https:\/\/sloncejewelry.pl\/"},{"@type":"ListItem","position":2,"name":"Sklep","item":"https:\/\/sloncejewelry.pl\/?page_id=408"},{"@type":"ListItem","position":3,"name":".Pearl lemon"}]},{"@type":"WebSite","@id":"https:\/\/sloncejewelry.pl\/#website","url":"https:\/\/sloncejewelry.pl\/","name":"","description":"","potentialAction":[{"@type":"SearchAction","target":{"@type":"EntryPoint","urlTemplate":"https:\/\/sloncejewelry.pl\/?s={search_term_string}"},"query-input":{"@type":"PropertyValueSpecification","valueRequired":true,"valueName":"search_term_string"}}],"inLanguage":"pl-PL"}]}},"jetpack_sharing_enabled":true,"_links":{"self":[{"href":"https:\/\/sloncejewelry.pl\/index.php?rest_route=\/wp\/v2\/product\/1851","targetHints":{"allow":["GET"]}}],"collection":[{"href":"https:\/\/sloncejewelry.pl\/index.php?rest_route=\/wp\/v2\/product"}],"about":[{"href":"https:\/\/sloncejewelry.pl\/index.php?rest_route=\/wp\/v2\/types\/product"}],"replies":[{"embeddable":true,"href":"https:\/\/sloncejewelry.pl\/index.php?rest_route=%2Fwp%2Fv2%2Fcomments&post=1851"}],"wp:featuredmedia":[{"embeddable":true,"href":"https:\/\/sloncejewelry.pl\/index.php?rest_route=\/wp\/v2\/media\/1852"}],"wp:attachment":[{"href":"https:\/\/sloncejewelry.pl\/index.php?rest_route=%2Fwp%2Fv2%2Fmedia&parent=1851"}],"wp:term":[{"taxonomy":"product_brand","embeddable":true,"href":"https:\/\/sloncejewelry.pl\/index.php?rest_route=%2Fwp%2Fv2%2Fproduct_brand&post=1851"},{"taxonomy":"product_cat","embeddable":true,"href":"https:\/\/sloncejewelry.pl\/index.php?rest_route=%2Fwp%2Fv2%2Fproduct_cat&post=1851"},{"taxonomy":"product_tag","embeddable":true,"href":"https:\/\/sloncejewelry.pl\/index.php?rest_route=%2Fwp%2Fv2%2Fproduct_tag&post=1851"}],"curies":[{"name":"wp","href":"https:\/\/api.w.org\/{rel}","templated":true}]}}