{"id":1840,"date":"2025-12-15T11:00:00","date_gmt":"2025-12-15T10:00:00","guid":{"rendered":"https:\/\/sloncejewelry.pl\/?post_type=product&#038;p=1840"},"modified":"2025-12-15T09:54:08","modified_gmt":"2025-12-15T08:54:08","slug":"snow-star","status":"publish","type":"product","link":"https:\/\/sloncejewelry.pl\/?product=snow-star","title":{"rendered":".Snow star"},"content":{"rendered":"<p style=\"text-align: center;\">Naszyjnik na per\u0142owych koralikach z r\u0119cznie szyt\u0105 z\u0142ot\u0105 gwiazdk\u0105 i kryszta\u0142kiem \u2013 wyj\u0105tkowy prezent dla ukochanej osoby<\/p>\n<p class=\"my-2 [&amp;+p]:mt-4 [&amp;_strong:has(+br)]:inline-block [&amp;_strong:has(+br)]:pb-2\">Delikatny naszyjnik na per\u0142owych, szklanych koralikach zako\u0144czony r\u0119cznie szyt\u0105 z\u0142ot\u0105 gwiazdk\u0105 z b\u0142yszcz\u0105cym kryszta\u0142kiem to bi\u017cuteria, kt\u00f3ra pi\u0119knie podkre\u015bla subtelno\u015b\u0107 i kobieco\u015b\u0107. To wyj\u0105tkowy pomys\u0142 na prezent dla ukochanej osoby \u2013 romantyczny, elegancki i pe\u0142en symboliki.<\/p>\n<p class=\"my-2 [&amp;+p]:mt-4 [&amp;_strong:has(+br)]:inline-block [&amp;_strong:has(+br)]:pb-2\">Dzi\u0119ki klasycznej formie i neutralnym kolorom naszyjnik jest bardzo uniwersalny, wi\u0119c bez trudu dopasuje si\u0119 do ka\u017cdej stylizacji: od codziennego T-shirtu, przez sweter, a\u017c po eleganck\u0105 sukienk\u0119 wieczorow\u0105. Z\u0142ota gwiazdka z kryszta\u0142kiem przyci\u0105ga wzrok, ale jednocze\u015bnie pozostaje delikatna, dzi\u0119ki czemu bi\u017cuteria dodaje charakteru, nie przyt\u0142aczaj\u0105c ca\u0142o\u015bci.<\/p>\n<p class=\"my-2 [&amp;+p]:mt-4 [&amp;_strong:has(+br)]:inline-block [&amp;_strong:has(+br)]:pb-2\">Ka\u017cdy element naszyjnika zosta\u0142 wykonany w ca\u0142o\u015bci r\u0119cznie, z dba\u0142o\u015bci\u0105 o najmniejsze szczeg\u00f3\u0142y, co czyni go niepowtarzalnym dodatkiem i pi\u0119knym przyk\u0142adem autorskiego r\u0119kodzie\u0142a.<\/p>\n<p class=\"my-2 [&amp;+p]:mt-4 [&amp;_strong:has(+br)]:inline-block [&amp;_strong:has(+br)]:pb-2\"><span style=\"font-family: var(--global-body-font-family);\">Jak dba\u0107 o bi\u017cuteri\u0119:<br \/>\n<\/span><span style=\"font-family: var(--global-body-font-family);\">1.Zdejmuj bi\u017cuteri\u0119 do snu oraz k\u0105pieli.<br \/>\n<\/span><span style=\"font-family: var(--global-body-font-family);\">2.Unikaj kontaktu z detergentami, balsamami, perfumami.<br \/>\n<\/span><span style=\"font-family: var(--global-body-font-family);\">3.Przechowuj bi\u017cuteri\u0119 w zamkni\u0119tym pude\u0142eczku.<br \/>\n<\/span><span style=\"font-family: var(--global-body-font-family);\">4.Przecieraj specjalnie do tego przeznaczon\u0105 szmatk\u0105.<br \/>\n<\/span><span style=\"font-family: var(--global-body-font-family);\">5.Zdejmuj podczas opalania i ograniczaj d\u0142ugotrwa\u0142y kontakt z promieniami s\u0142onecznymi.<\/span><\/p>\n<p class=\"my-2 [&amp;+p]:mt-4 [&amp;_strong:has(+br)]:inline-block [&amp;_strong:has(+br)]:pb-2\"><span style=\"font-family: var(--global-body-font-family);\">Stosowanie si\u0119 do powy\u017cszych zasad pozwoli si\u0119 d\u0142ugo cieszy\u0107 pi\u0119kn\u0105 bi\u017cuteri\u0105.<\/span><\/p>\n","protected":false},"excerpt":{"rendered":"<p>Naszyjnik na per\u0142owych koralikach z r\u0119cznie szyt\u0105 z\u0142ot\u0105 gwiazdk\u0105 i kryszta\u0142kiem \u2013 wyj\u0105tkowy prezent dla ukochanej osoby Delikatny naszyjnik na per\u0142owych, szklanych koralikach zako\u0144czony r\u0119cznie szyt\u0105 z\u0142ot\u0105 gwiazdk\u0105 z b\u0142yszcz\u0105cym kryszta\u0142kiem to bi\u017cuteria, kt\u00f3ra pi\u0119knie podkre\u015bla subtelno\u015b\u0107 i kobieco\u015b\u0107. To wyj\u0105tkowy pomys\u0142 na prezent dla ukochanej osoby \u2013 romantyczny, elegancki i pe\u0142en symboliki. Dzi\u0119ki klasycznej&#8230;<\/p>\n","protected":false},"featured_media":1841,"comment_status":"open","ping_status":"closed","template":"","meta":{"_kadence_starter_templates_imported_post":false,"_kad_post_transparent":"default","_kad_post_title":"","_kad_post_layout":"default","_kad_post_sidebar_id":"","_kad_post_content_style":"default","_kad_post_vertical_padding":"default","_kad_post_feature":"","_kad_post_feature_position":"","_kad_post_header":false,"_kad_post_footer":false},"product_brand":[],"product_cat":[19],"product_tag":[46,20,53,73,36,48,23],"class_list":{"0":"post-1840","1":"product","2":"type-product","3":"status-publish","4":"has-post-thumbnail","6":"product_cat-naszyjniki","7":"product_tag-bizuteria","8":"product_tag-naszyjnik","9":"product_tag-naszyjnik-perlowy","10":"product_tag-naszyjnik-z-gwiazdka","11":"product_tag-prezent","12":"product_tag-sloneczna-bizuteria","13":"product_tag-szklane-koraliki","15":"first","16":"instock","17":"shipping-taxable","18":"purchasable","19":"product-type-simple","20":"entry","21":"content-bg","22":"loop-entry"},"yoast_head":"<!-- This site is optimized with the Yoast SEO plugin v27.4 - https:\/\/yoast.com\/product\/yoast-seo-wordpress\/ -->\n<title>.Snow star -<\/title>\n<meta name=\"robots\" content=\"index, follow, max-snippet:-1, max-image-preview:large, max-video-preview:-1\" \/>\n<link rel=\"canonical\" href=\"https:\/\/sloncejewelry.pl\/?product=snow-star\" \/>\n<meta property=\"og:locale\" content=\"pl_PL\" \/>\n<meta property=\"og:type\" content=\"article\" \/>\n<meta property=\"og:title\" content=\".Snow star -\" \/>\n<meta property=\"og:description\" content=\"Naszyjnik na per\u0142owych koralikach z r\u0119cznie szyt\u0105 z\u0142ot\u0105 gwiazdk\u0105 i kryszta\u0142kiem \u2013 wyj\u0105tkowy prezent dla ukochanej osoby Delikatny naszyjnik na per\u0142owych, szklanych koralikach zako\u0144czony r\u0119cznie szyt\u0105 z\u0142ot\u0105 gwiazdk\u0105 z b\u0142yszcz\u0105cym kryszta\u0142kiem to bi\u017cuteria, kt\u00f3ra pi\u0119knie podkre\u015bla subtelno\u015b\u0107 i kobieco\u015b\u0107. To wyj\u0105tkowy pomys\u0142 na prezent dla ukochanej osoby \u2013 romantyczny, elegancki i pe\u0142en symboliki. Dzi\u0119ki klasycznej...\" \/>\n<meta property=\"og:url\" content=\"https:\/\/sloncejewelry.pl\/?product=snow-star\" \/>\n<meta name=\"twitter:card\" content=\"summary_large_image\" \/>\n<meta name=\"twitter:label1\" content=\"Szacowany czas czytania\" \/>\n\t<meta name=\"twitter:data1\" content=\"2 minuty\" \/>\n<script type=\"application\/ld+json\" class=\"yoast-schema-graph\">{\"@context\":\"https:\\\/\\\/schema.org\",\"@graph\":[{\"@type\":\"WebPage\",\"@id\":\"https:\\\/\\\/sloncejewelry.pl\\\/?product=snow-star\",\"url\":\"https:\\\/\\\/sloncejewelry.pl\\\/?product=snow-star\",\"name\":\".Snow star -\",\"isPartOf\":{\"@id\":\"https:\\\/\\\/sloncejewelry.pl\\\/#website\"},\"primaryImageOfPage\":{\"@id\":\"https:\\\/\\\/sloncejewelry.pl\\\/?product=snow-star#primaryimage\"},\"image\":{\"@id\":\"https:\\\/\\\/sloncejewelry.pl\\\/?product=snow-star#primaryimage\"},\"thumbnailUrl\":\"https:\\\/\\\/sloncejewelry.pl\\\/wp-content\\\/uploads\\\/2025\\\/12\\\/IMG_6958-scaled.jpg\",\"datePublished\":\"2025-12-15T10:00:00+00:00\",\"breadcrumb\":{\"@id\":\"https:\\\/\\\/sloncejewelry.pl\\\/?product=snow-star#breadcrumb\"},\"inLanguage\":\"pl-PL\",\"potentialAction\":[{\"@type\":\"ReadAction\",\"target\":[\"https:\\\/\\\/sloncejewelry.pl\\\/?product=snow-star\"]}]},{\"@type\":\"ImageObject\",\"inLanguage\":\"pl-PL\",\"@id\":\"https:\\\/\\\/sloncejewelry.pl\\\/?product=snow-star#primaryimage\",\"url\":\"https:\\\/\\\/sloncejewelry.pl\\\/wp-content\\\/uploads\\\/2025\\\/12\\\/IMG_6958-scaled.jpg\",\"contentUrl\":\"https:\\\/\\\/sloncejewelry.pl\\\/wp-content\\\/uploads\\\/2025\\\/12\\\/IMG_6958-scaled.jpg\",\"width\":1920,\"height\":2560,\"caption\":\"naszyjnik z gwiazdk\u0105\"},{\"@type\":\"BreadcrumbList\",\"@id\":\"https:\\\/\\\/sloncejewelry.pl\\\/?product=snow-star#breadcrumb\",\"itemListElement\":[{\"@type\":\"ListItem\",\"position\":1,\"name\":\"Strona g\u0142\u00f3wna\",\"item\":\"https:\\\/\\\/sloncejewelry.pl\\\/\"},{\"@type\":\"ListItem\",\"position\":2,\"name\":\"Sklep\",\"item\":\"https:\\\/\\\/sloncejewelry.pl\\\/?page_id=408\"},{\"@type\":\"ListItem\",\"position\":3,\"name\":\".Snow star\"}]},{\"@type\":\"WebSite\",\"@id\":\"https:\\\/\\\/sloncejewelry.pl\\\/#website\",\"url\":\"https:\\\/\\\/sloncejewelry.pl\\\/\",\"name\":\"\",\"description\":\"\",\"potentialAction\":[{\"@type\":\"SearchAction\",\"target\":{\"@type\":\"EntryPoint\",\"urlTemplate\":\"https:\\\/\\\/sloncejewelry.pl\\\/?s={search_term_string}\"},\"query-input\":{\"@type\":\"PropertyValueSpecification\",\"valueRequired\":true,\"valueName\":\"search_term_string\"}}],\"inLanguage\":\"pl-PL\"}]}<\/script>\n<!-- \/ Yoast SEO plugin. -->","yoast_head_json":{"title":".Snow star -","robots":{"index":"index","follow":"follow","max-snippet":"max-snippet:-1","max-image-preview":"max-image-preview:large","max-video-preview":"max-video-preview:-1"},"canonical":"https:\/\/sloncejewelry.pl\/?product=snow-star","og_locale":"pl_PL","og_type":"article","og_title":".Snow star -","og_description":"Naszyjnik na per\u0142owych koralikach z r\u0119cznie szyt\u0105 z\u0142ot\u0105 gwiazdk\u0105 i kryszta\u0142kiem \u2013 wyj\u0105tkowy prezent dla ukochanej osoby Delikatny naszyjnik na per\u0142owych, szklanych koralikach zako\u0144czony r\u0119cznie szyt\u0105 z\u0142ot\u0105 gwiazdk\u0105 z b\u0142yszcz\u0105cym kryszta\u0142kiem to bi\u017cuteria, kt\u00f3ra pi\u0119knie podkre\u015bla subtelno\u015b\u0107 i kobieco\u015b\u0107. To wyj\u0105tkowy pomys\u0142 na prezent dla ukochanej osoby \u2013 romantyczny, elegancki i pe\u0142en symboliki. Dzi\u0119ki klasycznej...","og_url":"https:\/\/sloncejewelry.pl\/?product=snow-star","twitter_card":"summary_large_image","twitter_misc":{"Szacowany czas czytania":"2 minuty"},"schema":{"@context":"https:\/\/schema.org","@graph":[{"@type":"WebPage","@id":"https:\/\/sloncejewelry.pl\/?product=snow-star","url":"https:\/\/sloncejewelry.pl\/?product=snow-star","name":".Snow star -","isPartOf":{"@id":"https:\/\/sloncejewelry.pl\/#website"},"primaryImageOfPage":{"@id":"https:\/\/sloncejewelry.pl\/?product=snow-star#primaryimage"},"image":{"@id":"https:\/\/sloncejewelry.pl\/?product=snow-star#primaryimage"},"thumbnailUrl":"https:\/\/sloncejewelry.pl\/wp-content\/uploads\/2025\/12\/IMG_6958-scaled.jpg","datePublished":"2025-12-15T10:00:00+00:00","breadcrumb":{"@id":"https:\/\/sloncejewelry.pl\/?product=snow-star#breadcrumb"},"inLanguage":"pl-PL","potentialAction":[{"@type":"ReadAction","target":["https:\/\/sloncejewelry.pl\/?product=snow-star"]}]},{"@type":"ImageObject","inLanguage":"pl-PL","@id":"https:\/\/sloncejewelry.pl\/?product=snow-star#primaryimage","url":"https:\/\/sloncejewelry.pl\/wp-content\/uploads\/2025\/12\/IMG_6958-scaled.jpg","contentUrl":"https:\/\/sloncejewelry.pl\/wp-content\/uploads\/2025\/12\/IMG_6958-scaled.jpg","width":1920,"height":2560,"caption":"naszyjnik z gwiazdk\u0105"},{"@type":"BreadcrumbList","@id":"https:\/\/sloncejewelry.pl\/?product=snow-star#breadcrumb","itemListElement":[{"@type":"ListItem","position":1,"name":"Strona g\u0142\u00f3wna","item":"https:\/\/sloncejewelry.pl\/"},{"@type":"ListItem","position":2,"name":"Sklep","item":"https:\/\/sloncejewelry.pl\/?page_id=408"},{"@type":"ListItem","position":3,"name":".Snow star"}]},{"@type":"WebSite","@id":"https:\/\/sloncejewelry.pl\/#website","url":"https:\/\/sloncejewelry.pl\/","name":"","description":"","potentialAction":[{"@type":"SearchAction","target":{"@type":"EntryPoint","urlTemplate":"https:\/\/sloncejewelry.pl\/?s={search_term_string}"},"query-input":{"@type":"PropertyValueSpecification","valueRequired":true,"valueName":"search_term_string"}}],"inLanguage":"pl-PL"}]}},"jetpack_sharing_enabled":true,"_links":{"self":[{"href":"https:\/\/sloncejewelry.pl\/index.php?rest_route=\/wp\/v2\/product\/1840","targetHints":{"allow":["GET"]}}],"collection":[{"href":"https:\/\/sloncejewelry.pl\/index.php?rest_route=\/wp\/v2\/product"}],"about":[{"href":"https:\/\/sloncejewelry.pl\/index.php?rest_route=\/wp\/v2\/types\/product"}],"replies":[{"embeddable":true,"href":"https:\/\/sloncejewelry.pl\/index.php?rest_route=%2Fwp%2Fv2%2Fcomments&post=1840"}],"wp:featuredmedia":[{"embeddable":true,"href":"https:\/\/sloncejewelry.pl\/index.php?rest_route=\/wp\/v2\/media\/1841"}],"wp:attachment":[{"href":"https:\/\/sloncejewelry.pl\/index.php?rest_route=%2Fwp%2Fv2%2Fmedia&parent=1840"}],"wp:term":[{"taxonomy":"product_brand","embeddable":true,"href":"https:\/\/sloncejewelry.pl\/index.php?rest_route=%2Fwp%2Fv2%2Fproduct_brand&post=1840"},{"taxonomy":"product_cat","embeddable":true,"href":"https:\/\/sloncejewelry.pl\/index.php?rest_route=%2Fwp%2Fv2%2Fproduct_cat&post=1840"},{"taxonomy":"product_tag","embeddable":true,"href":"https:\/\/sloncejewelry.pl\/index.php?rest_route=%2Fwp%2Fv2%2Fproduct_tag&post=1840"}],"curies":[{"name":"wp","href":"https:\/\/api.w.org\/{rel}","templated":true}]}}