{"id":1753,"date":"2025-10-26T10:05:50","date_gmt":"2025-10-26T09:05:50","guid":{"rendered":"https:\/\/sloncejewelry.pl\/?post_type=product&#038;p=1753"},"modified":"2025-10-27T09:10:38","modified_gmt":"2025-10-27T08:10:38","slug":"sunny-book-stworz-ze-mna-cytrynke-ze-szklanych-koralikow","status":"publish","type":"product","link":"https:\/\/sloncejewelry.pl\/?product=sunny-book-stworz-ze-mna-cytrynke-ze-szklanych-koralikow","title":{"rendered":"..Sunny Book &#8211; stw\u00f3rz ze mn\u0105 cytrynk\u0119 ze szklanych koralik\u00f3w."},"content":{"rendered":"<h2 class=\"mb-2 mt-4 font-display font-semimedium text-base first:mt-0\">E-book \u201eSunny Book\u201d \u2013 cytrynka ze szklanych koralik\u00f3w krok po kroku<\/h2>\n<p class=\"my-2 [&amp;+p]:mt-4 [&amp;_strong:has(+br)]:inline-block [&amp;_strong:has(+br)]:pb-2\">Poznaj wyj\u0105tkowy e-book, kt\u00f3ry wprowadzi Ci\u0119 w \u015bwiat bi\u017cuterii handmade! To kompletna, ilustrowana instrukcja tworzenia efektownej cytrynki ze szklanych koralik\u00f3w oraz wykonania naszyjnika z t\u0105 autorsk\u0105 ozdob\u0105.<\/p>\n<p class=\"my-2 [&amp;+p]:mt-4 [&amp;_strong:has(+br)]:inline-block [&amp;_strong:has(+br)]:pb-2\">Znajdziesz tu:<\/p>\n<ul class=\"marker:text-quiet list-disc\">\n<li class=\"py-0 my-0 prose-p:pt-0 prose-p:mb-2 prose-p:my-0 [&amp;&gt;p]:pt-0 [&amp;&gt;p]:mb-2 [&amp;&gt;p]:my-0\" style=\"box-sizing: border-box; scrollbar-width: initial; --tw-border-spacing-x: 0; --tw-border-spacing-y: 0; --tw-translate-x: 0; --tw-translate-y: 0; --tw-rotate: 0; --tw-skew-x: 0; --tw-skew-y: 0; --tw-scale-x: 1; --tw-scale-y: 1; --tw-scroll-snap-strictness: proximity; --tw-ring-offset-width: 0px; --tw-ring-offset-color: #fff; --tw-ring-color: rgb(59 130 246 \/ .5); --tw-ring-offset-shadow: 0 0 #0000; --tw-ring-shadow: 0 0 #0000; --tw-shadow: 0 0 #0000; --tw-shadow-colored: 0 0 #0000; margin-top: 0px; margin-bottom: 0px; padding-inline-start: 0.375em; padding-top: 0px; padding-bottom: 0px; border: 0px solid oklch(var(--foreground-subtler-color));\">\n<p class=\"my-2 [&amp;+p]:mt-4 [&amp;_strong:has(+br)]:inline-block [&amp;_strong:has(+br)]:pb-2\">jasne i przyst\u0119pne wyja\u015bnienia na ka\u017cdym etapie prac,<\/p>\n<\/li>\n<li class=\"py-0 my-0 prose-p:pt-0 prose-p:mb-2 prose-p:my-0 [&amp;&gt;p]:pt-0 [&amp;&gt;p]:mb-2 [&amp;&gt;p]:my-0\" style=\"box-sizing: border-box; scrollbar-width: initial; --tw-border-spacing-x: 0; --tw-border-spacing-y: 0; --tw-translate-x: 0; --tw-translate-y: 0; --tw-rotate: 0; --tw-skew-x: 0; --tw-skew-y: 0; --tw-scale-x: 1; --tw-scale-y: 1; --tw-scroll-snap-strictness: proximity; --tw-ring-offset-width: 0px; --tw-ring-offset-color: #fff; --tw-ring-color: rgb(59 130 246 \/ .5); --tw-ring-offset-shadow: 0 0 #0000; --tw-ring-shadow: 0 0 #0000; --tw-shadow: 0 0 #0000; --tw-shadow-colored: 0 0 #0000; margin-top: 0px; margin-bottom: 0px; padding-inline-start: 0.375em; padding-top: 0px; padding-bottom: 0px; border: 0px solid oklch(var(--foreground-subtler-color));\">\n<p class=\"my-2 [&amp;+p]:mt-4 [&amp;_strong:has(+br)]:inline-block [&amp;_strong:has(+br)]:pb-2\">dok\u0142adn\u0105 list\u0119 materia\u0142\u00f3w i praktyczne wskaz\u00f3wki zakupowe,<\/p>\n<\/li>\n<li class=\"py-0 my-0 prose-p:pt-0 prose-p:mb-2 prose-p:my-0 [&amp;&gt;p]:pt-0 [&amp;&gt;p]:mb-2 [&amp;&gt;p]:my-0\" style=\"box-sizing: border-box; scrollbar-width: initial; --tw-border-spacing-x: 0; --tw-border-spacing-y: 0; --tw-translate-x: 0; --tw-translate-y: 0; --tw-rotate: 0; --tw-skew-x: 0; --tw-skew-y: 0; --tw-scale-x: 1; --tw-scale-y: 1; --tw-scroll-snap-strictness: proximity; --tw-ring-offset-width: 0px; --tw-ring-offset-color: #fff; --tw-ring-color: rgb(59 130 246 \/ .5); --tw-ring-offset-shadow: 0 0 #0000; --tw-ring-shadow: 0 0 #0000; --tw-shadow: 0 0 #0000; --tw-shadow-colored: 0 0 #0000; margin-top: 0px; margin-bottom: 0px; padding-inline-start: 0.375em; padding-top: 0px; padding-bottom: 0px; border: 0px solid oklch(var(--foreground-subtler-color));\">\n<p class=\"my-2 [&amp;+p]:mt-4 [&amp;_strong:has(+br)]:inline-block [&amp;_strong:has(+br)]:pb-2\">fotograficzne instrukcje krok po kroku, dzi\u0119ki kt\u00f3rym nawet pocz\u0105tkuj\u0105cy \u0142atwo opanuj\u0105 technik\u0119,<\/p>\n<\/li>\n<li class=\"py-0 my-0 prose-p:pt-0 prose-p:mb-2 prose-p:my-0 [&amp;&gt;p]:pt-0 [&amp;&gt;p]:mb-2 [&amp;&gt;p]:my-0\" style=\"box-sizing: border-box; scrollbar-width: initial; --tw-border-spacing-x: 0; --tw-border-spacing-y: 0; --tw-translate-x: 0; --tw-translate-y: 0; --tw-rotate: 0; --tw-skew-x: 0; --tw-skew-y: 0; --tw-scale-x: 1; --tw-scale-y: 1; --tw-scroll-snap-strictness: proximity; --tw-ring-offset-width: 0px; --tw-ring-offset-color: #fff; --tw-ring-color: rgb(59 130 246 \/ .5); --tw-ring-offset-shadow: 0 0 #0000; --tw-ring-shadow: 0 0 #0000; --tw-shadow: 0 0 #0000; --tw-shadow-colored: 0 0 #0000; margin-top: 0px; margin-bottom: 0px; padding-inline-start: 0.375em; padding-top: 0px; padding-bottom: 0px; border: 0px solid oklch(var(--foreground-subtler-color));\">\n<p class=\"my-2 [&amp;+p]:mt-4 [&amp;_strong:has(+br)]:inline-block [&amp;_strong:has(+br)]:pb-2\">porady na temat montowania zapi\u0119cia oraz mo\u017cliwo\u015bci personalizacji projektu,<\/p>\n<\/li>\n<li class=\"py-0 my-0 prose-p:pt-0 prose-p:mb-2 prose-p:my-0 [&amp;&gt;p]:pt-0 [&amp;&gt;p]:mb-2 [&amp;&gt;p]:my-0\" style=\"box-sizing: border-box; scrollbar-width: initial; --tw-border-spacing-x: 0; --tw-border-spacing-y: 0; --tw-translate-x: 0; --tw-translate-y: 0; --tw-rotate: 0; --tw-skew-x: 0; --tw-skew-y: 0; --tw-scale-x: 1; --tw-scale-y: 1; --tw-scroll-snap-strictness: proximity; --tw-ring-offset-width: 0px; --tw-ring-offset-color: #fff; --tw-ring-color: rgb(59 130 246 \/ .5); --tw-ring-offset-shadow: 0 0 #0000; --tw-ring-shadow: 0 0 #0000; --tw-shadow: 0 0 #0000; --tw-shadow-colored: 0 0 #0000; margin-top: 0px; margin-bottom: 0px; padding-inline-start: 0.375em; padding-top: 0px; padding-bottom: 0px; border: 0px solid oklch(var(--foreground-subtler-color));\">\n<p class=\"my-2 [&amp;+p]:mt-4 [&amp;_strong:has(+br)]:inline-block [&amp;_strong:has(+br)]:pb-2\">wskaz\u00f3wki, jak radzi\u0107 sobie z najcz\u0119stszymi trudno\u015bciami,<\/p>\n<\/li>\n<li class=\"py-0 my-0 prose-p:pt-0 prose-p:mb-2 prose-p:my-0 [&amp;&gt;p]:pt-0 [&amp;&gt;p]:mb-2 [&amp;&gt;p]:my-0\" style=\"box-sizing: border-box; scrollbar-width: initial; --tw-border-spacing-x: 0; --tw-border-spacing-y: 0; --tw-translate-x: 0; --tw-translate-y: 0; --tw-rotate: 0; --tw-skew-x: 0; --tw-skew-y: 0; --tw-scale-x: 1; --tw-scale-y: 1; --tw-scroll-snap-strictness: proximity; --tw-ring-offset-width: 0px; --tw-ring-offset-color: #fff; --tw-ring-color: rgb(59 130 246 \/ .5); --tw-ring-offset-shadow: 0 0 #0000; --tw-ring-shadow: 0 0 #0000; --tw-shadow: 0 0 #0000; --tw-shadow-colored: 0 0 #0000; margin-top: 0px; margin-bottom: 0px; padding-inline-start: 0.375em; padding-top: 0px; padding-bottom: 0px; border: 0px solid oklch(var(--foreground-subtler-color));\">\n<p class=\"my-2 [&amp;+p]:mt-4 [&amp;_strong:has(+br)]:inline-block [&amp;_strong:has(+br)]:pb-2\">motywacj\u0119 do tw\u00f3rczego dzia\u0142ania i inspiracje na w\u0142asne projekty.<\/p>\n<\/li>\n<\/ul>\n<p class=\"my-2 [&amp;+p]:mt-4 [&amp;_strong:has(+br)]:inline-block [&amp;_strong:has(+br)]:pb-2\">Stw\u00f3rz z nami zachwycaj\u0105c\u0105 bi\u017cuteri\u0119! Dzi\u0119ki temu e-bookowi w\u0142asnor\u0119cznie wykonasz cytrynk\u0119 z koralik\u00f3w oraz dopasujesz j\u0105 do naszyjnika w Twoim stylu \u2013 satysfakcja gwarantowana!<\/p>\n<p class=\"my-2 [&amp;+p]:mt-4 [&amp;_strong:has(+br)]:inline-block [&amp;_strong:has(+br)]:pb-2\">Idealny dla mi\u0142o\u015bniczek kreatywno\u015bci, r\u0119kodzie\u0142a i kolorowych dodatk\u00f3w.<br \/>\nAle r\u00f3wnie\u017c dla os\u00f3b, kt\u00f3re nigdy nie pr\u00f3bowa\u0142y swojej przygody z r\u0119kodzie\u0142em, a marz\u0105 o tym by kto\u015b poprowadzi\u0142 ich krok po kroku przez ca\u0142y proces.<\/p>\n<p>To cudowny pomys\u0142 na wsp\u00f3lne sp\u0119dzanie czasu!<\/p>\n<p>&nbsp;<\/p>\n","protected":false},"excerpt":{"rendered":"<p>E-book \u201eSunny Book\u201d \u2013 cytrynka ze szklanych koralik\u00f3w krok po kroku Poznaj wyj\u0105tkowy e-book, kt\u00f3ry wprowadzi Ci\u0119 w \u015bwiat bi\u017cuterii handmade! To kompletna, ilustrowana instrukcja tworzenia efektownej cytrynki ze szklanych koralik\u00f3w oraz wykonania naszyjnika z t\u0105 autorsk\u0105 ozdob\u0105. Znajdziesz tu: jasne i przyst\u0119pne wyja\u015bnienia na ka\u017cdym etapie prac, dok\u0142adn\u0105 list\u0119 materia\u0142\u00f3w i praktyczne wskaz\u00f3wki zakupowe,&#8230;<\/p>\n","protected":false},"featured_media":1755,"comment_status":"open","ping_status":"closed","template":"","meta":{"_kadence_starter_templates_imported_post":false,"_kad_post_transparent":"default","_kad_post_title":"","_kad_post_layout":"default","_kad_post_sidebar_id":"","_kad_post_content_style":"default","_kad_post_vertical_padding":"default","_kad_post_feature":"","_kad_post_feature_position":"","_kad_post_header":false,"_kad_post_footer":false},"product_brand":[],"product_cat":[19,54,57],"product_tag":[],"class_list":{"0":"post-1753","1":"product","2":"type-product","3":"status-publish","4":"has-post-thumbnail","6":"product_cat-naszyjniki","7":"product_cat-nowosci","8":"product_cat-warsztaty","10":"first","11":"instock","12":"downloadable","13":"virtual","14":"purchasable","15":"product-type-simple","16":"entry","17":"content-bg","18":"loop-entry"},"yoast_head":"<!-- This site is optimized with the Yoast SEO plugin v27.4 - https:\/\/yoast.com\/product\/yoast-seo-wordpress\/ -->\n<title>..Sunny Book - stw\u00f3rz ze mn\u0105 cytrynk\u0119 ze szklanych koralik\u00f3w. -<\/title>\n<meta name=\"robots\" content=\"index, follow, max-snippet:-1, max-image-preview:large, max-video-preview:-1\" \/>\n<link rel=\"canonical\" href=\"https:\/\/sloncejewelry.pl\/?product=sunny-book-stworz-ze-mna-cytrynke-ze-szklanych-koralikow\" \/>\n<meta property=\"og:locale\" content=\"pl_PL\" \/>\n<meta property=\"og:type\" content=\"article\" \/>\n<meta property=\"og:title\" content=\"..Sunny Book - stw\u00f3rz ze mn\u0105 cytrynk\u0119 ze szklanych koralik\u00f3w. -\" \/>\n<meta property=\"og:description\" content=\"E-book \u201eSunny Book\u201d \u2013 cytrynka ze szklanych koralik\u00f3w krok po kroku Poznaj wyj\u0105tkowy e-book, kt\u00f3ry wprowadzi Ci\u0119 w \u015bwiat bi\u017cuterii handmade! To kompletna, ilustrowana instrukcja tworzenia efektownej cytrynki ze szklanych koralik\u00f3w oraz wykonania naszyjnika z t\u0105 autorsk\u0105 ozdob\u0105. Znajdziesz tu: jasne i przyst\u0119pne wyja\u015bnienia na ka\u017cdym etapie prac, dok\u0142adn\u0105 list\u0119 materia\u0142\u00f3w i praktyczne wskaz\u00f3wki zakupowe,...\" \/>\n<meta property=\"og:url\" content=\"https:\/\/sloncejewelry.pl\/?product=sunny-book-stworz-ze-mna-cytrynke-ze-szklanych-koralikow\" \/>\n<meta property=\"article:modified_time\" content=\"2025-10-27T08:10:38+00:00\" \/>\n<meta property=\"og:image\" content=\"https:\/\/sloncejewelry.pl\/wp-content\/uploads\/2025\/10\/IMG_5458.jpg\" \/>\n\t<meta property=\"og:image:width\" content=\"1062\" \/>\n\t<meta property=\"og:image:height\" content=\"1691\" \/>\n\t<meta property=\"og:image:type\" content=\"image\/jpeg\" \/>\n<meta name=\"twitter:card\" content=\"summary_large_image\" \/>\n<meta name=\"twitter:label1\" content=\"Szacowany czas czytania\" \/>\n\t<meta name=\"twitter:data1\" content=\"4 minuty\" \/>\n<script type=\"application\/ld+json\" class=\"yoast-schema-graph\">{\"@context\":\"https:\\\/\\\/schema.org\",\"@graph\":[{\"@type\":\"WebPage\",\"@id\":\"https:\\\/\\\/sloncejewelry.pl\\\/?product=sunny-book-stworz-ze-mna-cytrynke-ze-szklanych-koralikow\",\"url\":\"https:\\\/\\\/sloncejewelry.pl\\\/?product=sunny-book-stworz-ze-mna-cytrynke-ze-szklanych-koralikow\",\"name\":\"..Sunny Book - stw\u00f3rz ze mn\u0105 cytrynk\u0119 ze szklanych koralik\u00f3w. -\",\"isPartOf\":{\"@id\":\"https:\\\/\\\/sloncejewelry.pl\\\/#website\"},\"primaryImageOfPage\":{\"@id\":\"https:\\\/\\\/sloncejewelry.pl\\\/?product=sunny-book-stworz-ze-mna-cytrynke-ze-szklanych-koralikow#primaryimage\"},\"image\":{\"@id\":\"https:\\\/\\\/sloncejewelry.pl\\\/?product=sunny-book-stworz-ze-mna-cytrynke-ze-szklanych-koralikow#primaryimage\"},\"thumbnailUrl\":\"https:\\\/\\\/sloncejewelry.pl\\\/wp-content\\\/uploads\\\/2025\\\/10\\\/IMG_5458.jpg\",\"datePublished\":\"2025-10-26T09:05:50+00:00\",\"dateModified\":\"2025-10-27T08:10:38+00:00\",\"breadcrumb\":{\"@id\":\"https:\\\/\\\/sloncejewelry.pl\\\/?product=sunny-book-stworz-ze-mna-cytrynke-ze-szklanych-koralikow#breadcrumb\"},\"inLanguage\":\"pl-PL\",\"potentialAction\":[{\"@type\":\"ReadAction\",\"target\":[\"https:\\\/\\\/sloncejewelry.pl\\\/?product=sunny-book-stworz-ze-mna-cytrynke-ze-szklanych-koralikow\"]}]},{\"@type\":\"ImageObject\",\"inLanguage\":\"pl-PL\",\"@id\":\"https:\\\/\\\/sloncejewelry.pl\\\/?product=sunny-book-stworz-ze-mna-cytrynke-ze-szklanych-koralikow#primaryimage\",\"url\":\"https:\\\/\\\/sloncejewelry.pl\\\/wp-content\\\/uploads\\\/2025\\\/10\\\/IMG_5458.jpg\",\"contentUrl\":\"https:\\\/\\\/sloncejewelry.pl\\\/wp-content\\\/uploads\\\/2025\\\/10\\\/IMG_5458.jpg\",\"width\":1062,\"height\":1691,\"caption\":\"e-book tworzenia cytrynki ze szklanych koralik\u00f3w\"},{\"@type\":\"BreadcrumbList\",\"@id\":\"https:\\\/\\\/sloncejewelry.pl\\\/?product=sunny-book-stworz-ze-mna-cytrynke-ze-szklanych-koralikow#breadcrumb\",\"itemListElement\":[{\"@type\":\"ListItem\",\"position\":1,\"name\":\"Strona g\u0142\u00f3wna\",\"item\":\"https:\\\/\\\/sloncejewelry.pl\\\/\"},{\"@type\":\"ListItem\",\"position\":2,\"name\":\"Sklep\",\"item\":\"https:\\\/\\\/sloncejewelry.pl\\\/?page_id=408\"},{\"@type\":\"ListItem\",\"position\":3,\"name\":\"..Sunny Book &#8211; stw\u00f3rz ze mn\u0105 cytrynk\u0119 ze szklanych koralik\u00f3w.\"}]},{\"@type\":\"WebSite\",\"@id\":\"https:\\\/\\\/sloncejewelry.pl\\\/#website\",\"url\":\"https:\\\/\\\/sloncejewelry.pl\\\/\",\"name\":\"\",\"description\":\"\",\"potentialAction\":[{\"@type\":\"SearchAction\",\"target\":{\"@type\":\"EntryPoint\",\"urlTemplate\":\"https:\\\/\\\/sloncejewelry.pl\\\/?s={search_term_string}\"},\"query-input\":{\"@type\":\"PropertyValueSpecification\",\"valueRequired\":true,\"valueName\":\"search_term_string\"}}],\"inLanguage\":\"pl-PL\"}]}<\/script>\n<!-- \/ Yoast SEO plugin. -->","yoast_head_json":{"title":"..Sunny Book - stw\u00f3rz ze mn\u0105 cytrynk\u0119 ze szklanych koralik\u00f3w. -","robots":{"index":"index","follow":"follow","max-snippet":"max-snippet:-1","max-image-preview":"max-image-preview:large","max-video-preview":"max-video-preview:-1"},"canonical":"https:\/\/sloncejewelry.pl\/?product=sunny-book-stworz-ze-mna-cytrynke-ze-szklanych-koralikow","og_locale":"pl_PL","og_type":"article","og_title":"..Sunny Book - stw\u00f3rz ze mn\u0105 cytrynk\u0119 ze szklanych koralik\u00f3w. -","og_description":"E-book \u201eSunny Book\u201d \u2013 cytrynka ze szklanych koralik\u00f3w krok po kroku Poznaj wyj\u0105tkowy e-book, kt\u00f3ry wprowadzi Ci\u0119 w \u015bwiat bi\u017cuterii handmade! To kompletna, ilustrowana instrukcja tworzenia efektownej cytrynki ze szklanych koralik\u00f3w oraz wykonania naszyjnika z t\u0105 autorsk\u0105 ozdob\u0105. Znajdziesz tu: jasne i przyst\u0119pne wyja\u015bnienia na ka\u017cdym etapie prac, dok\u0142adn\u0105 list\u0119 materia\u0142\u00f3w i praktyczne wskaz\u00f3wki zakupowe,...","og_url":"https:\/\/sloncejewelry.pl\/?product=sunny-book-stworz-ze-mna-cytrynke-ze-szklanych-koralikow","article_modified_time":"2025-10-27T08:10:38+00:00","og_image":[{"width":1062,"height":1691,"url":"https:\/\/sloncejewelry.pl\/wp-content\/uploads\/2025\/10\/IMG_5458.jpg","type":"image\/jpeg"}],"twitter_card":"summary_large_image","twitter_misc":{"Szacowany czas czytania":"4 minuty"},"schema":{"@context":"https:\/\/schema.org","@graph":[{"@type":"WebPage","@id":"https:\/\/sloncejewelry.pl\/?product=sunny-book-stworz-ze-mna-cytrynke-ze-szklanych-koralikow","url":"https:\/\/sloncejewelry.pl\/?product=sunny-book-stworz-ze-mna-cytrynke-ze-szklanych-koralikow","name":"..Sunny Book - stw\u00f3rz ze mn\u0105 cytrynk\u0119 ze szklanych koralik\u00f3w. -","isPartOf":{"@id":"https:\/\/sloncejewelry.pl\/#website"},"primaryImageOfPage":{"@id":"https:\/\/sloncejewelry.pl\/?product=sunny-book-stworz-ze-mna-cytrynke-ze-szklanych-koralikow#primaryimage"},"image":{"@id":"https:\/\/sloncejewelry.pl\/?product=sunny-book-stworz-ze-mna-cytrynke-ze-szklanych-koralikow#primaryimage"},"thumbnailUrl":"https:\/\/sloncejewelry.pl\/wp-content\/uploads\/2025\/10\/IMG_5458.jpg","datePublished":"2025-10-26T09:05:50+00:00","dateModified":"2025-10-27T08:10:38+00:00","breadcrumb":{"@id":"https:\/\/sloncejewelry.pl\/?product=sunny-book-stworz-ze-mna-cytrynke-ze-szklanych-koralikow#breadcrumb"},"inLanguage":"pl-PL","potentialAction":[{"@type":"ReadAction","target":["https:\/\/sloncejewelry.pl\/?product=sunny-book-stworz-ze-mna-cytrynke-ze-szklanych-koralikow"]}]},{"@type":"ImageObject","inLanguage":"pl-PL","@id":"https:\/\/sloncejewelry.pl\/?product=sunny-book-stworz-ze-mna-cytrynke-ze-szklanych-koralikow#primaryimage","url":"https:\/\/sloncejewelry.pl\/wp-content\/uploads\/2025\/10\/IMG_5458.jpg","contentUrl":"https:\/\/sloncejewelry.pl\/wp-content\/uploads\/2025\/10\/IMG_5458.jpg","width":1062,"height":1691,"caption":"e-book tworzenia cytrynki ze szklanych koralik\u00f3w"},{"@type":"BreadcrumbList","@id":"https:\/\/sloncejewelry.pl\/?product=sunny-book-stworz-ze-mna-cytrynke-ze-szklanych-koralikow#breadcrumb","itemListElement":[{"@type":"ListItem","position":1,"name":"Strona g\u0142\u00f3wna","item":"https:\/\/sloncejewelry.pl\/"},{"@type":"ListItem","position":2,"name":"Sklep","item":"https:\/\/sloncejewelry.pl\/?page_id=408"},{"@type":"ListItem","position":3,"name":"..Sunny Book &#8211; stw\u00f3rz ze mn\u0105 cytrynk\u0119 ze szklanych koralik\u00f3w."}]},{"@type":"WebSite","@id":"https:\/\/sloncejewelry.pl\/#website","url":"https:\/\/sloncejewelry.pl\/","name":"","description":"","potentialAction":[{"@type":"SearchAction","target":{"@type":"EntryPoint","urlTemplate":"https:\/\/sloncejewelry.pl\/?s={search_term_string}"},"query-input":{"@type":"PropertyValueSpecification","valueRequired":true,"valueName":"search_term_string"}}],"inLanguage":"pl-PL"}]}},"jetpack_sharing_enabled":true,"_links":{"self":[{"href":"https:\/\/sloncejewelry.pl\/index.php?rest_route=\/wp\/v2\/product\/1753","targetHints":{"allow":["GET"]}}],"collection":[{"href":"https:\/\/sloncejewelry.pl\/index.php?rest_route=\/wp\/v2\/product"}],"about":[{"href":"https:\/\/sloncejewelry.pl\/index.php?rest_route=\/wp\/v2\/types\/product"}],"replies":[{"embeddable":true,"href":"https:\/\/sloncejewelry.pl\/index.php?rest_route=%2Fwp%2Fv2%2Fcomments&post=1753"}],"wp:featuredmedia":[{"embeddable":true,"href":"https:\/\/sloncejewelry.pl\/index.php?rest_route=\/wp\/v2\/media\/1755"}],"wp:attachment":[{"href":"https:\/\/sloncejewelry.pl\/index.php?rest_route=%2Fwp%2Fv2%2Fmedia&parent=1753"}],"wp:term":[{"taxonomy":"product_brand","embeddable":true,"href":"https:\/\/sloncejewelry.pl\/index.php?rest_route=%2Fwp%2Fv2%2Fproduct_brand&post=1753"},{"taxonomy":"product_cat","embeddable":true,"href":"https:\/\/sloncejewelry.pl\/index.php?rest_route=%2Fwp%2Fv2%2Fproduct_cat&post=1753"},{"taxonomy":"product_tag","embeddable":true,"href":"https:\/\/sloncejewelry.pl\/index.php?rest_route=%2Fwp%2Fv2%2Fproduct_tag&post=1753"}],"curies":[{"name":"wp","href":"https:\/\/api.w.org\/{rel}","templated":true}]}}