{"id":1656,"date":"2025-09-18T18:24:54","date_gmt":"2025-09-18T16:24:54","guid":{"rendered":"https:\/\/sloncejewelry.pl\/?post_type=product&#038;p=1656"},"modified":"2026-03-16T16:27:49","modified_gmt":"2026-03-16T15:27:49","slug":"sky-is-blue-2","status":"publish","type":"product","link":"https:\/\/sloncejewelry.pl\/?product=sky-is-blue-2","title":{"rendered":"Sky is blue"},"content":{"rendered":"<h2 class=\"mb-2 mt-4 font-display font-semimedium text-base first:mt-0\">Zestaw naszyjnik\u00f3w w modnym po\u0142\u0105czeniu niebieskiego i pomara\u0144czowego<\/h2>\n<p class=\"my-2 [&amp;+p]:mt-4 [&amp;_strong:has(+br)]:inline-block [&amp;_strong:has(+br)]:pb-2\">Ten wyj\u0105tkowy zestaw naszyjnik\u00f3w to idealna propozycja na jesie\u0144, \u0142\u0105cz\u0105ca energetyczny pomara\u0144cz z g\u0142\u0119bi\u0105 niebieskich odcieni. Zar\u00f3wno noszone osobno, jak i razem, naszyjniki zachwycaj\u0105 kolorystyczn\u0105 harmoni\u0105, kt\u00f3ra doda \u015bwie\u017co\u015bci i charakteru ka\u017cdej stylizacji.<\/p>\n<p class=\"my-2 [&amp;+p]:mt-4 [&amp;_strong:has(+br)]:inline-block [&amp;_strong:has(+br)]:pb-2\">Uniwersalny design pozwala dopasowa\u0107 je do wielu r\u00f3\u017cnych outfit\u00f3w \u2013 od casualowych po bardziej eleganckie, dzi\u0119ki czemu s\u0105 nie tylko ozdob\u0105, ale tak\u017ce modnym akcentem na co dzie\u0144. To tak\u017ce pi\u0119kny, pe\u0142en \u017cycia i energii prezent, kt\u00f3ry z pewno\u015bci\u0105 zachwyci obdarowan\u0105 osob\u0119.<\/p>\n<p class=\"my-2 [&amp;+p]:mt-4 [&amp;_strong:has(+br)]:inline-block [&amp;_strong:has(+br)]:pb-2\">Jak dba\u0107 o bi\u017cuteri\u0119:<br \/>\n1.Zdejmuj bi\u017cuteri\u0119 do snu oraz k\u0105pieli.<br \/>\n2.Unikaj kontaktu z detergentami, balsamami, perfumami.<br \/>\n3.Przechowuj bi\u017cuteri\u0119 w zamkni\u0119tym pude\u0142eczku.<br \/>\n4.Przecieraj specjalnie do tego przeznaczon\u0105 szmatk\u0105.<br \/>\n5.Zdejmuj podczas opalania i ograniczaj d\u0142ugotrwa\u0142y kontakt z promieniami s\u0142onecznymi.<\/p>\n<p class=\"my-2 [&amp;+p]:mt-4 [&amp;_strong:has(+br)]:inline-block [&amp;_strong:has(+br)]:pb-2\">Stosowanie si\u0119 do powy\u017cszych zasad pozwoli si\u0119 d\u0142ugo cieszy\u0107 pi\u0119kn\u0105 bi\u017cuteri\u0105.<\/p>\n","protected":false},"excerpt":{"rendered":"<p>Zestaw naszyjnik\u00f3w w modnym po\u0142\u0105czeniu niebieskiego i pomara\u0144czowego Ten wyj\u0105tkowy zestaw naszyjnik\u00f3w to idealna propozycja na jesie\u0144, \u0142\u0105cz\u0105ca energetyczny pomara\u0144cz z g\u0142\u0119bi\u0105 niebieskich odcieni. Zar\u00f3wno noszone osobno, jak i razem, naszyjniki zachwycaj\u0105 kolorystyczn\u0105 harmoni\u0105, kt\u00f3ra doda \u015bwie\u017co\u015bci i charakteru ka\u017cdej stylizacji. Uniwersalny design pozwala dopasowa\u0107 je do wielu r\u00f3\u017cnych outfit\u00f3w \u2013 od casualowych po bardziej&#8230;<\/p>\n","protected":false},"featured_media":1657,"comment_status":"open","ping_status":"closed","template":"","meta":{"_kadence_starter_templates_imported_post":false,"_kad_post_transparent":"default","_kad_post_title":"","_kad_post_layout":"default","_kad_post_sidebar_id":"","_kad_post_content_style":"default","_kad_post_vertical_padding":"default","_kad_post_feature":"","_kad_post_feature_position":"","_kad_post_header":false,"_kad_post_footer":false},"product_brand":[],"product_cat":[19],"product_tag":[40,25,55,48,27,47],"class_list":{"0":"post-1656","1":"product","2":"type-product","3":"status-publish","4":"has-post-thumbnail","6":"product_cat-naszyjniki","7":"product_tag-kolorowy-naszyjnik","8":"product_tag-naszyjnik-z-owockami","9":"product_tag-naszyjnik-z-pomaranczka","10":"product_tag-sloneczna-bizuteria","11":"product_tag-szklana-bizuteria","12":"product_tag-szklany-naszyjnik","14":"first","15":"instock","16":"shipping-taxable","17":"purchasable","18":"product-type-variable","19":"entry","20":"content-bg","21":"loop-entry"},"yoast_head":"<!-- This site is optimized with the Yoast SEO plugin v27.4 - https:\/\/yoast.com\/product\/yoast-seo-wordpress\/ -->\n<title>Sky is blue -<\/title>\n<meta name=\"robots\" content=\"index, follow, max-snippet:-1, max-image-preview:large, max-video-preview:-1\" \/>\n<link rel=\"canonical\" href=\"https:\/\/sloncejewelry.pl\/?product=sky-is-blue-2\" \/>\n<meta property=\"og:locale\" content=\"pl_PL\" \/>\n<meta property=\"og:type\" content=\"article\" \/>\n<meta property=\"og:title\" content=\"Sky is blue -\" \/>\n<meta property=\"og:description\" content=\"Zestaw naszyjnik\u00f3w w modnym po\u0142\u0105czeniu niebieskiego i pomara\u0144czowego Ten wyj\u0105tkowy zestaw naszyjnik\u00f3w to idealna propozycja na jesie\u0144, \u0142\u0105cz\u0105ca energetyczny pomara\u0144cz z g\u0142\u0119bi\u0105 niebieskich odcieni. Zar\u00f3wno noszone osobno, jak i razem, naszyjniki zachwycaj\u0105 kolorystyczn\u0105 harmoni\u0105, kt\u00f3ra doda \u015bwie\u017co\u015bci i charakteru ka\u017cdej stylizacji. Uniwersalny design pozwala dopasowa\u0107 je do wielu r\u00f3\u017cnych outfit\u00f3w \u2013 od casualowych po bardziej...\" \/>\n<meta property=\"og:url\" content=\"https:\/\/sloncejewelry.pl\/?product=sky-is-blue-2\" \/>\n<meta property=\"article:modified_time\" content=\"2026-03-16T15:27:49+00:00\" \/>\n<meta name=\"twitter:card\" content=\"summary_large_image\" \/>\n<meta name=\"twitter:label1\" content=\"Szacowany czas czytania\" \/>\n\t<meta name=\"twitter:data1\" content=\"1 minuta\" \/>\n<script type=\"application\/ld+json\" class=\"yoast-schema-graph\">{\"@context\":\"https:\\\/\\\/schema.org\",\"@graph\":[{\"@type\":\"WebPage\",\"@id\":\"https:\\\/\\\/sloncejewelry.pl\\\/?product=sky-is-blue-2\",\"url\":\"https:\\\/\\\/sloncejewelry.pl\\\/?product=sky-is-blue-2\",\"name\":\"Sky is blue -\",\"isPartOf\":{\"@id\":\"https:\\\/\\\/sloncejewelry.pl\\\/#website\"},\"primaryImageOfPage\":{\"@id\":\"https:\\\/\\\/sloncejewelry.pl\\\/?product=sky-is-blue-2#primaryimage\"},\"image\":{\"@id\":\"https:\\\/\\\/sloncejewelry.pl\\\/?product=sky-is-blue-2#primaryimage\"},\"thumbnailUrl\":\"https:\\\/\\\/sloncejewelry.pl\\\/wp-content\\\/uploads\\\/2025\\\/09\\\/IMG_4258-2-scaled.jpg\",\"datePublished\":\"2025-09-18T16:24:54+00:00\",\"dateModified\":\"2026-03-16T15:27:49+00:00\",\"breadcrumb\":{\"@id\":\"https:\\\/\\\/sloncejewelry.pl\\\/?product=sky-is-blue-2#breadcrumb\"},\"inLanguage\":\"pl-PL\",\"potentialAction\":[{\"@type\":\"ReadAction\",\"target\":[\"https:\\\/\\\/sloncejewelry.pl\\\/?product=sky-is-blue-2\"]}]},{\"@type\":\"ImageObject\",\"inLanguage\":\"pl-PL\",\"@id\":\"https:\\\/\\\/sloncejewelry.pl\\\/?product=sky-is-blue-2#primaryimage\",\"url\":\"https:\\\/\\\/sloncejewelry.pl\\\/wp-content\\\/uploads\\\/2025\\\/09\\\/IMG_4258-2-scaled.jpg\",\"contentUrl\":\"https:\\\/\\\/sloncejewelry.pl\\\/wp-content\\\/uploads\\\/2025\\\/09\\\/IMG_4258-2-scaled.jpg\",\"width\":1920,\"height\":2560,\"caption\":\"zestaw naszyjnik\u00f3w sky is blue\"},{\"@type\":\"BreadcrumbList\",\"@id\":\"https:\\\/\\\/sloncejewelry.pl\\\/?product=sky-is-blue-2#breadcrumb\",\"itemListElement\":[{\"@type\":\"ListItem\",\"position\":1,\"name\":\"Strona g\u0142\u00f3wna\",\"item\":\"https:\\\/\\\/sloncejewelry.pl\\\/\"},{\"@type\":\"ListItem\",\"position\":2,\"name\":\"Sklep\",\"item\":\"https:\\\/\\\/sloncejewelry.pl\\\/?page_id=408\"},{\"@type\":\"ListItem\",\"position\":3,\"name\":\"Sky is blue\"}]},{\"@type\":\"WebSite\",\"@id\":\"https:\\\/\\\/sloncejewelry.pl\\\/#website\",\"url\":\"https:\\\/\\\/sloncejewelry.pl\\\/\",\"name\":\"\",\"description\":\"\",\"potentialAction\":[{\"@type\":\"SearchAction\",\"target\":{\"@type\":\"EntryPoint\",\"urlTemplate\":\"https:\\\/\\\/sloncejewelry.pl\\\/?s={search_term_string}\"},\"query-input\":{\"@type\":\"PropertyValueSpecification\",\"valueRequired\":true,\"valueName\":\"search_term_string\"}}],\"inLanguage\":\"pl-PL\"}]}<\/script>\n<!-- \/ Yoast SEO plugin. -->","yoast_head_json":{"title":"Sky is blue -","robots":{"index":"index","follow":"follow","max-snippet":"max-snippet:-1","max-image-preview":"max-image-preview:large","max-video-preview":"max-video-preview:-1"},"canonical":"https:\/\/sloncejewelry.pl\/?product=sky-is-blue-2","og_locale":"pl_PL","og_type":"article","og_title":"Sky is blue -","og_description":"Zestaw naszyjnik\u00f3w w modnym po\u0142\u0105czeniu niebieskiego i pomara\u0144czowego Ten wyj\u0105tkowy zestaw naszyjnik\u00f3w to idealna propozycja na jesie\u0144, \u0142\u0105cz\u0105ca energetyczny pomara\u0144cz z g\u0142\u0119bi\u0105 niebieskich odcieni. Zar\u00f3wno noszone osobno, jak i razem, naszyjniki zachwycaj\u0105 kolorystyczn\u0105 harmoni\u0105, kt\u00f3ra doda \u015bwie\u017co\u015bci i charakteru ka\u017cdej stylizacji. Uniwersalny design pozwala dopasowa\u0107 je do wielu r\u00f3\u017cnych outfit\u00f3w \u2013 od casualowych po bardziej...","og_url":"https:\/\/sloncejewelry.pl\/?product=sky-is-blue-2","article_modified_time":"2026-03-16T15:27:49+00:00","twitter_card":"summary_large_image","twitter_misc":{"Szacowany czas czytania":"1 minuta"},"schema":{"@context":"https:\/\/schema.org","@graph":[{"@type":"WebPage","@id":"https:\/\/sloncejewelry.pl\/?product=sky-is-blue-2","url":"https:\/\/sloncejewelry.pl\/?product=sky-is-blue-2","name":"Sky is blue -","isPartOf":{"@id":"https:\/\/sloncejewelry.pl\/#website"},"primaryImageOfPage":{"@id":"https:\/\/sloncejewelry.pl\/?product=sky-is-blue-2#primaryimage"},"image":{"@id":"https:\/\/sloncejewelry.pl\/?product=sky-is-blue-2#primaryimage"},"thumbnailUrl":"https:\/\/sloncejewelry.pl\/wp-content\/uploads\/2025\/09\/IMG_4258-2-scaled.jpg","datePublished":"2025-09-18T16:24:54+00:00","dateModified":"2026-03-16T15:27:49+00:00","breadcrumb":{"@id":"https:\/\/sloncejewelry.pl\/?product=sky-is-blue-2#breadcrumb"},"inLanguage":"pl-PL","potentialAction":[{"@type":"ReadAction","target":["https:\/\/sloncejewelry.pl\/?product=sky-is-blue-2"]}]},{"@type":"ImageObject","inLanguage":"pl-PL","@id":"https:\/\/sloncejewelry.pl\/?product=sky-is-blue-2#primaryimage","url":"https:\/\/sloncejewelry.pl\/wp-content\/uploads\/2025\/09\/IMG_4258-2-scaled.jpg","contentUrl":"https:\/\/sloncejewelry.pl\/wp-content\/uploads\/2025\/09\/IMG_4258-2-scaled.jpg","width":1920,"height":2560,"caption":"zestaw naszyjnik\u00f3w sky is blue"},{"@type":"BreadcrumbList","@id":"https:\/\/sloncejewelry.pl\/?product=sky-is-blue-2#breadcrumb","itemListElement":[{"@type":"ListItem","position":1,"name":"Strona g\u0142\u00f3wna","item":"https:\/\/sloncejewelry.pl\/"},{"@type":"ListItem","position":2,"name":"Sklep","item":"https:\/\/sloncejewelry.pl\/?page_id=408"},{"@type":"ListItem","position":3,"name":"Sky is blue"}]},{"@type":"WebSite","@id":"https:\/\/sloncejewelry.pl\/#website","url":"https:\/\/sloncejewelry.pl\/","name":"","description":"","potentialAction":[{"@type":"SearchAction","target":{"@type":"EntryPoint","urlTemplate":"https:\/\/sloncejewelry.pl\/?s={search_term_string}"},"query-input":{"@type":"PropertyValueSpecification","valueRequired":true,"valueName":"search_term_string"}}],"inLanguage":"pl-PL"}]}},"jetpack_sharing_enabled":true,"_links":{"self":[{"href":"https:\/\/sloncejewelry.pl\/index.php?rest_route=\/wp\/v2\/product\/1656","targetHints":{"allow":["GET"]}}],"collection":[{"href":"https:\/\/sloncejewelry.pl\/index.php?rest_route=\/wp\/v2\/product"}],"about":[{"href":"https:\/\/sloncejewelry.pl\/index.php?rest_route=\/wp\/v2\/types\/product"}],"replies":[{"embeddable":true,"href":"https:\/\/sloncejewelry.pl\/index.php?rest_route=%2Fwp%2Fv2%2Fcomments&post=1656"}],"wp:featuredmedia":[{"embeddable":true,"href":"https:\/\/sloncejewelry.pl\/index.php?rest_route=\/wp\/v2\/media\/1657"}],"wp:attachment":[{"href":"https:\/\/sloncejewelry.pl\/index.php?rest_route=%2Fwp%2Fv2%2Fmedia&parent=1656"}],"wp:term":[{"taxonomy":"product_brand","embeddable":true,"href":"https:\/\/sloncejewelry.pl\/index.php?rest_route=%2Fwp%2Fv2%2Fproduct_brand&post=1656"},{"taxonomy":"product_cat","embeddable":true,"href":"https:\/\/sloncejewelry.pl\/index.php?rest_route=%2Fwp%2Fv2%2Fproduct_cat&post=1656"},{"taxonomy":"product_tag","embeddable":true,"href":"https:\/\/sloncejewelry.pl\/index.php?rest_route=%2Fwp%2Fv2%2Fproduct_tag&post=1656"}],"curies":[{"name":"wp","href":"https:\/\/api.w.org\/{rel}","templated":true}]}}