{"id":1633,"date":"2025-09-18T18:00:21","date_gmt":"2025-09-18T16:00:21","guid":{"rendered":"https:\/\/sloncejewelry.pl\/?post_type=product&#038;p=1633"},"modified":"2025-11-18T19:55:21","modified_gmt":"2025-11-18T18:55:21","slug":"autumn-starfish","status":"publish","type":"product","link":"https:\/\/sloncejewelry.pl\/?product=autumn-starfish","title":{"rendered":"Autumn starfish"},"content":{"rendered":"<h2 class=\"mb-2 mt-4 font-display font-semimedium text-base first:mt-0\">Wyj\u0105tkowy naszyjnik w kolorach jesieni<\/h2>\n<p class=\"my-2 [&amp;+p]:mt-4 [&amp;_strong:has(+br)]:inline-block [&amp;_strong:has(+br)]:pb-2\">Ten niecodzienny naszyjnik to pe\u0142ne \u017cycia po\u0142\u0105czenie pomara\u0144czy, czerwieni i zieleni \u2013 nasycone, a zarazem harmonijne kolory, kt\u00f3re przyci\u0105gaj\u0105 spojrzenia. Szklane koraliki misternie przeplatane naturalnym jadeitem tworz\u0105 fascynuj\u0105c\u0105 mozaik\u0119 barw, a r\u0119cznie szyta rozgwiazda dodaje ca\u0142o\u015bci niezwyk\u0142ego charakteru i oryginalno\u015bci.<\/p>\n<p class=\"my-2 [&amp;+p]:mt-4 [&amp;_strong:has(+br)]:inline-block [&amp;_strong:has(+br)]:pb-2\">To bi\u017cuteria, kt\u00f3ra o\u017cywia nawet najprostsze stylizacje, podkre\u015blaj\u0105c indywidualno\u015b\u0107 i dodaj\u0105c energii ka\u017cdemu dniu. Niezale\u017cnie czy wybierzesz j\u0105 do casualowego outfitu czy na specjaln\u0105 okazj\u0119, stanie si\u0119 wyj\u0105tkowym akcentem, kt\u00f3ry zwraca uwag\u0119 i wywo\u0142uje zachwyt.<\/p>\n<p class=\"my-2 [&amp;+p]:mt-4 [&amp;_strong:has(+br)]:inline-block [&amp;_strong:has(+br)]:pb-2\">Jak dba\u0107 o bi\u017cuteri\u0119:<br \/>\n1.Zdejmuj bi\u017cuteri\u0119 do snu oraz k\u0105pieli.<br \/>\n2.Unikaj kontaktu z detergentami, balsamami, perfumami.<br \/>\n3.Przechowuj bi\u017cuteri\u0119 w zamkni\u0119tym pude\u0142eczku.<br \/>\n4.Przecieraj specjalnie do tego przeznaczon\u0105 szmatk\u0105.<br \/>\n5.Zdejmuj podczas opalania i ograniczaj d\u0142ugotrwa\u0142y kontakt z promieniami s\u0142onecznymi.<\/p>\n<p class=\"my-2 [&amp;+p]:mt-4 [&amp;_strong:has(+br)]:inline-block [&amp;_strong:has(+br)]:pb-2\">Stosowanie si\u0119 do powy\u017cszych zasad pozwoli si\u0119 d\u0142ugo cieszy\u0107 pi\u0119kn\u0105 bi\u017cuteri\u0105.<\/p>\n","protected":false},"excerpt":{"rendered":"<p>Wyj\u0105tkowy naszyjnik w kolorach jesieni Ten niecodzienny naszyjnik to pe\u0142ne \u017cycia po\u0142\u0105czenie pomara\u0144czy, czerwieni i zieleni \u2013 nasycone, a zarazem harmonijne kolory, kt\u00f3re przyci\u0105gaj\u0105 spojrzenia. Szklane koraliki misternie przeplatane naturalnym jadeitem tworz\u0105 fascynuj\u0105c\u0105 mozaik\u0119 barw, a r\u0119cznie szyta rozgwiazda dodaje ca\u0142o\u015bci niezwyk\u0142ego charakteru i oryginalno\u015bci. To bi\u017cuteria, kt\u00f3ra o\u017cywia nawet najprostsze stylizacje, podkre\u015blaj\u0105c indywidualno\u015b\u0107 i&#8230;<\/p>\n","protected":false},"featured_media":1634,"comment_status":"open","ping_status":"closed","template":"","meta":{"_kadence_starter_templates_imported_post":false,"_kad_post_transparent":"default","_kad_post_title":"","_kad_post_layout":"default","_kad_post_sidebar_id":"","_kad_post_content_style":"default","_kad_post_vertical_padding":"default","_kad_post_feature":"","_kad_post_feature_position":"","_kad_post_header":false,"_kad_post_footer":false},"product_brand":[],"product_cat":[19],"product_tag":[40,61,68,48,47],"class_list":{"0":"post-1633","1":"product","2":"type-product","3":"status-publish","4":"has-post-thumbnail","6":"product_cat-naszyjniki","7":"product_tag-kolorowy-naszyjnik","8":"product_tag-naszyjnik-z-rozgwiazda","9":"product_tag-recznie-szyta-rozgwiazda","10":"product_tag-sloneczna-bizuteria","11":"product_tag-szklany-naszyjnik","13":"first","14":"instock","15":"shipping-taxable","16":"purchasable","17":"product-type-simple","18":"entry","19":"content-bg","20":"loop-entry"},"yoast_head":"<!-- This site is optimized with the Yoast SEO plugin v27.4 - https:\/\/yoast.com\/product\/yoast-seo-wordpress\/ -->\n<title>Autumn starfish -<\/title>\n<meta name=\"robots\" content=\"index, follow, max-snippet:-1, max-image-preview:large, max-video-preview:-1\" \/>\n<link rel=\"canonical\" href=\"https:\/\/sloncejewelry.pl\/?product=autumn-starfish\" \/>\n<meta property=\"og:locale\" content=\"pl_PL\" \/>\n<meta property=\"og:type\" content=\"article\" \/>\n<meta property=\"og:title\" content=\"Autumn starfish -\" \/>\n<meta property=\"og:description\" content=\"Wyj\u0105tkowy naszyjnik w kolorach jesieni Ten niecodzienny naszyjnik to pe\u0142ne \u017cycia po\u0142\u0105czenie pomara\u0144czy, czerwieni i zieleni \u2013 nasycone, a zarazem harmonijne kolory, kt\u00f3re przyci\u0105gaj\u0105 spojrzenia. Szklane koraliki misternie przeplatane naturalnym jadeitem tworz\u0105 fascynuj\u0105c\u0105 mozaik\u0119 barw, a r\u0119cznie szyta rozgwiazda dodaje ca\u0142o\u015bci niezwyk\u0142ego charakteru i oryginalno\u015bci. To bi\u017cuteria, kt\u00f3ra o\u017cywia nawet najprostsze stylizacje, podkre\u015blaj\u0105c indywidualno\u015b\u0107 i...\" \/>\n<meta property=\"og:url\" content=\"https:\/\/sloncejewelry.pl\/?product=autumn-starfish\" \/>\n<meta property=\"article:modified_time\" content=\"2025-11-18T18:55:21+00:00\" \/>\n<meta property=\"og:image\" content=\"https:\/\/sloncejewelry.pl\/wp-content\/uploads\/2025\/09\/IMG_4232-scaled.jpg\" \/>\n\t<meta property=\"og:image:width\" content=\"1920\" \/>\n\t<meta property=\"og:image:height\" content=\"2560\" \/>\n\t<meta property=\"og:image:type\" content=\"image\/jpeg\" \/>\n<meta name=\"twitter:card\" content=\"summary_large_image\" \/>\n<meta name=\"twitter:label1\" content=\"Szacowany czas czytania\" \/>\n\t<meta name=\"twitter:data1\" content=\"1 minuta\" \/>\n<script type=\"application\/ld+json\" class=\"yoast-schema-graph\">{\"@context\":\"https:\\\/\\\/schema.org\",\"@graph\":[{\"@type\":\"WebPage\",\"@id\":\"https:\\\/\\\/sloncejewelry.pl\\\/?product=autumn-starfish\",\"url\":\"https:\\\/\\\/sloncejewelry.pl\\\/?product=autumn-starfish\",\"name\":\"Autumn starfish -\",\"isPartOf\":{\"@id\":\"https:\\\/\\\/sloncejewelry.pl\\\/#website\"},\"primaryImageOfPage\":{\"@id\":\"https:\\\/\\\/sloncejewelry.pl\\\/?product=autumn-starfish#primaryimage\"},\"image\":{\"@id\":\"https:\\\/\\\/sloncejewelry.pl\\\/?product=autumn-starfish#primaryimage\"},\"thumbnailUrl\":\"https:\\\/\\\/sloncejewelry.pl\\\/wp-content\\\/uploads\\\/2025\\\/09\\\/IMG_4232-scaled.jpg\",\"datePublished\":\"2025-09-18T16:00:21+00:00\",\"dateModified\":\"2025-11-18T18:55:21+00:00\",\"breadcrumb\":{\"@id\":\"https:\\\/\\\/sloncejewelry.pl\\\/?product=autumn-starfish#breadcrumb\"},\"inLanguage\":\"pl-PL\",\"potentialAction\":[{\"@type\":\"ReadAction\",\"target\":[\"https:\\\/\\\/sloncejewelry.pl\\\/?product=autumn-starfish\"]}]},{\"@type\":\"ImageObject\",\"inLanguage\":\"pl-PL\",\"@id\":\"https:\\\/\\\/sloncejewelry.pl\\\/?product=autumn-starfish#primaryimage\",\"url\":\"https:\\\/\\\/sloncejewelry.pl\\\/wp-content\\\/uploads\\\/2025\\\/09\\\/IMG_4232-scaled.jpg\",\"contentUrl\":\"https:\\\/\\\/sloncejewelry.pl\\\/wp-content\\\/uploads\\\/2025\\\/09\\\/IMG_4232-scaled.jpg\",\"width\":1920,\"height\":2560,\"caption\":\"naszyjnik z rozgwiazd\u0105\"},{\"@type\":\"BreadcrumbList\",\"@id\":\"https:\\\/\\\/sloncejewelry.pl\\\/?product=autumn-starfish#breadcrumb\",\"itemListElement\":[{\"@type\":\"ListItem\",\"position\":1,\"name\":\"Strona g\u0142\u00f3wna\",\"item\":\"https:\\\/\\\/sloncejewelry.pl\\\/\"},{\"@type\":\"ListItem\",\"position\":2,\"name\":\"Sklep\",\"item\":\"https:\\\/\\\/sloncejewelry.pl\\\/?page_id=408\"},{\"@type\":\"ListItem\",\"position\":3,\"name\":\"Autumn starfish\"}]},{\"@type\":\"WebSite\",\"@id\":\"https:\\\/\\\/sloncejewelry.pl\\\/#website\",\"url\":\"https:\\\/\\\/sloncejewelry.pl\\\/\",\"name\":\"\",\"description\":\"\",\"potentialAction\":[{\"@type\":\"SearchAction\",\"target\":{\"@type\":\"EntryPoint\",\"urlTemplate\":\"https:\\\/\\\/sloncejewelry.pl\\\/?s={search_term_string}\"},\"query-input\":{\"@type\":\"PropertyValueSpecification\",\"valueRequired\":true,\"valueName\":\"search_term_string\"}}],\"inLanguage\":\"pl-PL\"}]}<\/script>\n<!-- \/ Yoast SEO plugin. -->","yoast_head_json":{"title":"Autumn starfish -","robots":{"index":"index","follow":"follow","max-snippet":"max-snippet:-1","max-image-preview":"max-image-preview:large","max-video-preview":"max-video-preview:-1"},"canonical":"https:\/\/sloncejewelry.pl\/?product=autumn-starfish","og_locale":"pl_PL","og_type":"article","og_title":"Autumn starfish -","og_description":"Wyj\u0105tkowy naszyjnik w kolorach jesieni Ten niecodzienny naszyjnik to pe\u0142ne \u017cycia po\u0142\u0105czenie pomara\u0144czy, czerwieni i zieleni \u2013 nasycone, a zarazem harmonijne kolory, kt\u00f3re przyci\u0105gaj\u0105 spojrzenia. Szklane koraliki misternie przeplatane naturalnym jadeitem tworz\u0105 fascynuj\u0105c\u0105 mozaik\u0119 barw, a r\u0119cznie szyta rozgwiazda dodaje ca\u0142o\u015bci niezwyk\u0142ego charakteru i oryginalno\u015bci. To bi\u017cuteria, kt\u00f3ra o\u017cywia nawet najprostsze stylizacje, podkre\u015blaj\u0105c indywidualno\u015b\u0107 i...","og_url":"https:\/\/sloncejewelry.pl\/?product=autumn-starfish","article_modified_time":"2025-11-18T18:55:21+00:00","og_image":[{"width":1920,"height":2560,"url":"https:\/\/sloncejewelry.pl\/wp-content\/uploads\/2025\/09\/IMG_4232-scaled.jpg","type":"image\/jpeg"}],"twitter_card":"summary_large_image","twitter_misc":{"Szacowany czas czytania":"1 minuta"},"schema":{"@context":"https:\/\/schema.org","@graph":[{"@type":"WebPage","@id":"https:\/\/sloncejewelry.pl\/?product=autumn-starfish","url":"https:\/\/sloncejewelry.pl\/?product=autumn-starfish","name":"Autumn starfish -","isPartOf":{"@id":"https:\/\/sloncejewelry.pl\/#website"},"primaryImageOfPage":{"@id":"https:\/\/sloncejewelry.pl\/?product=autumn-starfish#primaryimage"},"image":{"@id":"https:\/\/sloncejewelry.pl\/?product=autumn-starfish#primaryimage"},"thumbnailUrl":"https:\/\/sloncejewelry.pl\/wp-content\/uploads\/2025\/09\/IMG_4232-scaled.jpg","datePublished":"2025-09-18T16:00:21+00:00","dateModified":"2025-11-18T18:55:21+00:00","breadcrumb":{"@id":"https:\/\/sloncejewelry.pl\/?product=autumn-starfish#breadcrumb"},"inLanguage":"pl-PL","potentialAction":[{"@type":"ReadAction","target":["https:\/\/sloncejewelry.pl\/?product=autumn-starfish"]}]},{"@type":"ImageObject","inLanguage":"pl-PL","@id":"https:\/\/sloncejewelry.pl\/?product=autumn-starfish#primaryimage","url":"https:\/\/sloncejewelry.pl\/wp-content\/uploads\/2025\/09\/IMG_4232-scaled.jpg","contentUrl":"https:\/\/sloncejewelry.pl\/wp-content\/uploads\/2025\/09\/IMG_4232-scaled.jpg","width":1920,"height":2560,"caption":"naszyjnik z rozgwiazd\u0105"},{"@type":"BreadcrumbList","@id":"https:\/\/sloncejewelry.pl\/?product=autumn-starfish#breadcrumb","itemListElement":[{"@type":"ListItem","position":1,"name":"Strona g\u0142\u00f3wna","item":"https:\/\/sloncejewelry.pl\/"},{"@type":"ListItem","position":2,"name":"Sklep","item":"https:\/\/sloncejewelry.pl\/?page_id=408"},{"@type":"ListItem","position":3,"name":"Autumn starfish"}]},{"@type":"WebSite","@id":"https:\/\/sloncejewelry.pl\/#website","url":"https:\/\/sloncejewelry.pl\/","name":"","description":"","potentialAction":[{"@type":"SearchAction","target":{"@type":"EntryPoint","urlTemplate":"https:\/\/sloncejewelry.pl\/?s={search_term_string}"},"query-input":{"@type":"PropertyValueSpecification","valueRequired":true,"valueName":"search_term_string"}}],"inLanguage":"pl-PL"}]}},"jetpack_sharing_enabled":true,"_links":{"self":[{"href":"https:\/\/sloncejewelry.pl\/index.php?rest_route=\/wp\/v2\/product\/1633","targetHints":{"allow":["GET"]}}],"collection":[{"href":"https:\/\/sloncejewelry.pl\/index.php?rest_route=\/wp\/v2\/product"}],"about":[{"href":"https:\/\/sloncejewelry.pl\/index.php?rest_route=\/wp\/v2\/types\/product"}],"replies":[{"embeddable":true,"href":"https:\/\/sloncejewelry.pl\/index.php?rest_route=%2Fwp%2Fv2%2Fcomments&post=1633"}],"wp:featuredmedia":[{"embeddable":true,"href":"https:\/\/sloncejewelry.pl\/index.php?rest_route=\/wp\/v2\/media\/1634"}],"wp:attachment":[{"href":"https:\/\/sloncejewelry.pl\/index.php?rest_route=%2Fwp%2Fv2%2Fmedia&parent=1633"}],"wp:term":[{"taxonomy":"product_brand","embeddable":true,"href":"https:\/\/sloncejewelry.pl\/index.php?rest_route=%2Fwp%2Fv2%2Fproduct_brand&post=1633"},{"taxonomy":"product_cat","embeddable":true,"href":"https:\/\/sloncejewelry.pl\/index.php?rest_route=%2Fwp%2Fv2%2Fproduct_cat&post=1633"},{"taxonomy":"product_tag","embeddable":true,"href":"https:\/\/sloncejewelry.pl\/index.php?rest_route=%2Fwp%2Fv2%2Fproduct_tag&post=1633"}],"curies":[{"name":"wp","href":"https:\/\/api.w.org\/{rel}","templated":true}]}}