{"id":1611,"date":"2025-09-18T18:00:22","date_gmt":"2025-09-18T16:00:22","guid":{"rendered":"https:\/\/sloncejewelry.pl\/?post_type=product&#038;p=1611"},"modified":"2025-12-26T20:26:05","modified_gmt":"2025-12-26T19:26:05","slug":"autumn-sunset","status":"publish","type":"product","link":"https:\/\/sloncejewelry.pl\/?product=autumn-sunset","title":{"rendered":"Autumn sunset"},"content":{"rendered":"<p class=\"my-2 [&amp;+p]:mt-4 [&amp;_strong:has(+br)]:inline-block [&amp;_strong:has(+br)]:pb-2\">W ca\u0142o\u015bci kolekcji spotykaj\u0105 si\u0119 najpi\u0119kniejsze barwy jesieni \u2013 g\u0142\u0119boki bordowy, z\u0142ocisty \u017c\u00f3\u0142ty, subtelny fiolet i roz\u015bwietlaj\u0105cy r\u00f3\u017c splecione w okr\u0105g\u0142ym naszyjniku, kt\u00f3ry dope\u0142nia naturalny jaspis. Ta kompozycja mieni si\u0119 niczym niebo przy zachodzie s\u0142o\u0144ca \u2013 bogate odcienie przeplataj\u0105 si\u0119, tworz\u0105c jedyn\u0105 w swoim rodzaju bi\u017cuteri\u0119, kt\u00f3ra przyci\u0105ga spojrzenia i zachwyca ka\u017cdym detalem.<\/p>\n<p class=\"my-2 [&amp;+p]:mt-4 [&amp;_strong:has(+br)]:inline-block [&amp;_strong:has(+br)]:pb-2\">Drugim bohaterem tego jesiennego duetu jest naszyjnik z r\u0119cznie robionym buraczkiem w kolorze soczystego bordo \u2013 drobny, uroczy akcent, kt\u00f3ry dodaje energii i niepowtarzalnego charakteru ca\u0142emu zestawowi.<\/p>\n<p class=\"my-2 [&amp;+p]:mt-4 [&amp;_strong:has(+br)]:inline-block [&amp;_strong:has(+br)]:pb-2\">Oba naszyjniki mo\u017cesz ze sob\u0105 \u0142\u0105czy\u0107, nosi\u0107 solo, zestawia\u0107 z mi\u0119kk\u0105 bluz\u0105, jak i z romantyczn\u0105 sukienk\u0105. Stanowi\u0105 idealne towarzystwo na ch\u0142odne, jesienne dni \u2013 rozgrzewaj\u0105 barwami, zach\u0119caj\u0105 do zabawy stylem i pozwalaj\u0105 zabra\u0107 sobie kawa\u0142ek jesiennego nieba na co dzie\u0144.<\/p>\n<p class=\"my-2 [&amp;+p]:mt-4 [&amp;_strong:has(+br)]:inline-block [&amp;_strong:has(+br)]:pb-2\">Jak dba\u0107 o bi\u017cuteri\u0119:<br \/>\n1.Zdejmuj bi\u017cuteri\u0119 do snu oraz k\u0105pieli.<br \/>\n2.Unikaj kontaktu z detergentami, balsamami, perfumami.<br \/>\n3.Przechowuj bi\u017cuteri\u0119 w zamkni\u0119tym pude\u0142eczku.<br \/>\n4.Przecieraj specjalnie do tego przeznaczon\u0105 szmatk\u0105.<br \/>\n5.Zdejmuj podczas opalania i ograniczaj d\u0142ugotrwa\u0142y kontakt z promieniami s\u0142onecznymi.<\/p>\n<p class=\"my-2 [&amp;+p]:mt-4 [&amp;_strong:has(+br)]:inline-block [&amp;_strong:has(+br)]:pb-2\">Stosowanie si\u0119 do powy\u017cszych zasad pozwoli si\u0119 d\u0142ugo cieszy\u0107 pi\u0119kn\u0105 bi\u017cuteri\u0105.<\/p>\n","protected":false},"excerpt":{"rendered":"<p>W ca\u0142o\u015bci kolekcji spotykaj\u0105 si\u0119 najpi\u0119kniejsze barwy jesieni \u2013 g\u0142\u0119boki bordowy, z\u0142ocisty \u017c\u00f3\u0142ty, subtelny fiolet i roz\u015bwietlaj\u0105cy r\u00f3\u017c splecione w okr\u0105g\u0142ym naszyjniku, kt\u00f3ry dope\u0142nia naturalny jaspis. Ta kompozycja mieni si\u0119 niczym niebo przy zachodzie s\u0142o\u0144ca \u2013 bogate odcienie przeplataj\u0105 si\u0119, tworz\u0105c jedyn\u0105 w swoim rodzaju bi\u017cuteri\u0119, kt\u00f3ra przyci\u0105ga spojrzenia i zachwyca ka\u017cdym detalem. Drugim bohaterem&#8230;<\/p>\n","protected":false},"featured_media":1612,"comment_status":"open","ping_status":"closed","template":"","meta":{"_kadence_starter_templates_imported_post":false,"_kad_post_transparent":"default","_kad_post_title":"","_kad_post_layout":"default","_kad_post_sidebar_id":"","_kad_post_content_style":"default","_kad_post_vertical_padding":"default","_kad_post_feature":"","_kad_post_feature_position":"","_kad_post_header":false,"_kad_post_footer":false},"product_brand":[],"product_cat":[19],"product_tag":[46,69,25,38],"class_list":{"0":"post-1611","1":"product","2":"type-product","3":"status-publish","4":"has-post-thumbnail","6":"product_cat-naszyjniki","7":"product_tag-bizuteria","8":"product_tag-naszyjnik-z-burakiem","9":"product_tag-naszyjnik-z-owockami","10":"product_tag-sloneczny-naszyjnik","12":"first","13":"instock","14":"shipping-taxable","15":"purchasable","16":"product-type-variable","17":"entry","18":"content-bg","19":"loop-entry"},"yoast_head":"<!-- This site is optimized with the Yoast SEO plugin v27.4 - https:\/\/yoast.com\/product\/yoast-seo-wordpress\/ -->\n<title>Autumn sunset -<\/title>\n<meta name=\"robots\" content=\"index, follow, max-snippet:-1, max-image-preview:large, max-video-preview:-1\" \/>\n<link rel=\"canonical\" href=\"https:\/\/sloncejewelry.pl\/?product=autumn-sunset\" \/>\n<meta property=\"og:locale\" content=\"pl_PL\" \/>\n<meta property=\"og:type\" content=\"article\" \/>\n<meta property=\"og:title\" content=\"Autumn sunset -\" \/>\n<meta property=\"og:description\" content=\"W ca\u0142o\u015bci kolekcji spotykaj\u0105 si\u0119 najpi\u0119kniejsze barwy jesieni \u2013 g\u0142\u0119boki bordowy, z\u0142ocisty \u017c\u00f3\u0142ty, subtelny fiolet i roz\u015bwietlaj\u0105cy r\u00f3\u017c splecione w okr\u0105g\u0142ym naszyjniku, kt\u00f3ry dope\u0142nia naturalny jaspis. Ta kompozycja mieni si\u0119 niczym niebo przy zachodzie s\u0142o\u0144ca \u2013 bogate odcienie przeplataj\u0105 si\u0119, tworz\u0105c jedyn\u0105 w swoim rodzaju bi\u017cuteri\u0119, kt\u00f3ra przyci\u0105ga spojrzenia i zachwyca ka\u017cdym detalem. Drugim bohaterem...\" \/>\n<meta property=\"og:url\" content=\"https:\/\/sloncejewelry.pl\/?product=autumn-sunset\" \/>\n<meta property=\"article:modified_time\" content=\"2025-12-26T19:26:05+00:00\" \/>\n<meta name=\"twitter:card\" content=\"summary_large_image\" \/>\n<meta name=\"twitter:label1\" content=\"Szacowany czas czytania\" \/>\n\t<meta name=\"twitter:data1\" content=\"2 minuty\" \/>\n<script type=\"application\/ld+json\" class=\"yoast-schema-graph\">{\"@context\":\"https:\\\/\\\/schema.org\",\"@graph\":[{\"@type\":\"WebPage\",\"@id\":\"https:\\\/\\\/sloncejewelry.pl\\\/?product=autumn-sunset\",\"url\":\"https:\\\/\\\/sloncejewelry.pl\\\/?product=autumn-sunset\",\"name\":\"Autumn sunset -\",\"isPartOf\":{\"@id\":\"https:\\\/\\\/sloncejewelry.pl\\\/#website\"},\"primaryImageOfPage\":{\"@id\":\"https:\\\/\\\/sloncejewelry.pl\\\/?product=autumn-sunset#primaryimage\"},\"image\":{\"@id\":\"https:\\\/\\\/sloncejewelry.pl\\\/?product=autumn-sunset#primaryimage\"},\"thumbnailUrl\":\"https:\\\/\\\/sloncejewelry.pl\\\/wp-content\\\/uploads\\\/2025\\\/09\\\/IMG_4222-scaled.jpg\",\"datePublished\":\"2025-09-18T16:00:22+00:00\",\"dateModified\":\"2025-12-26T19:26:05+00:00\",\"breadcrumb\":{\"@id\":\"https:\\\/\\\/sloncejewelry.pl\\\/?product=autumn-sunset#breadcrumb\"},\"inLanguage\":\"pl-PL\",\"potentialAction\":[{\"@type\":\"ReadAction\",\"target\":[\"https:\\\/\\\/sloncejewelry.pl\\\/?product=autumn-sunset\"]}]},{\"@type\":\"ImageObject\",\"inLanguage\":\"pl-PL\",\"@id\":\"https:\\\/\\\/sloncejewelry.pl\\\/?product=autumn-sunset#primaryimage\",\"url\":\"https:\\\/\\\/sloncejewelry.pl\\\/wp-content\\\/uploads\\\/2025\\\/09\\\/IMG_4222-scaled.jpg\",\"contentUrl\":\"https:\\\/\\\/sloncejewelry.pl\\\/wp-content\\\/uploads\\\/2025\\\/09\\\/IMG_4222-scaled.jpg\",\"width\":1920,\"height\":2560,\"caption\":\"zestaw jesiennych naszyjnik\u00f3w\"},{\"@type\":\"BreadcrumbList\",\"@id\":\"https:\\\/\\\/sloncejewelry.pl\\\/?product=autumn-sunset#breadcrumb\",\"itemListElement\":[{\"@type\":\"ListItem\",\"position\":1,\"name\":\"Strona g\u0142\u00f3wna\",\"item\":\"https:\\\/\\\/sloncejewelry.pl\\\/\"},{\"@type\":\"ListItem\",\"position\":2,\"name\":\"Sklep\",\"item\":\"https:\\\/\\\/sloncejewelry.pl\\\/?page_id=408\"},{\"@type\":\"ListItem\",\"position\":3,\"name\":\"Autumn sunset\"}]},{\"@type\":\"WebSite\",\"@id\":\"https:\\\/\\\/sloncejewelry.pl\\\/#website\",\"url\":\"https:\\\/\\\/sloncejewelry.pl\\\/\",\"name\":\"\",\"description\":\"\",\"potentialAction\":[{\"@type\":\"SearchAction\",\"target\":{\"@type\":\"EntryPoint\",\"urlTemplate\":\"https:\\\/\\\/sloncejewelry.pl\\\/?s={search_term_string}\"},\"query-input\":{\"@type\":\"PropertyValueSpecification\",\"valueRequired\":true,\"valueName\":\"search_term_string\"}}],\"inLanguage\":\"pl-PL\"}]}<\/script>\n<!-- \/ Yoast SEO plugin. -->","yoast_head_json":{"title":"Autumn sunset -","robots":{"index":"index","follow":"follow","max-snippet":"max-snippet:-1","max-image-preview":"max-image-preview:large","max-video-preview":"max-video-preview:-1"},"canonical":"https:\/\/sloncejewelry.pl\/?product=autumn-sunset","og_locale":"pl_PL","og_type":"article","og_title":"Autumn sunset -","og_description":"W ca\u0142o\u015bci kolekcji spotykaj\u0105 si\u0119 najpi\u0119kniejsze barwy jesieni \u2013 g\u0142\u0119boki bordowy, z\u0142ocisty \u017c\u00f3\u0142ty, subtelny fiolet i roz\u015bwietlaj\u0105cy r\u00f3\u017c splecione w okr\u0105g\u0142ym naszyjniku, kt\u00f3ry dope\u0142nia naturalny jaspis. Ta kompozycja mieni si\u0119 niczym niebo przy zachodzie s\u0142o\u0144ca \u2013 bogate odcienie przeplataj\u0105 si\u0119, tworz\u0105c jedyn\u0105 w swoim rodzaju bi\u017cuteri\u0119, kt\u00f3ra przyci\u0105ga spojrzenia i zachwyca ka\u017cdym detalem. Drugim bohaterem...","og_url":"https:\/\/sloncejewelry.pl\/?product=autumn-sunset","article_modified_time":"2025-12-26T19:26:05+00:00","twitter_card":"summary_large_image","twitter_misc":{"Szacowany czas czytania":"2 minuty"},"schema":{"@context":"https:\/\/schema.org","@graph":[{"@type":"WebPage","@id":"https:\/\/sloncejewelry.pl\/?product=autumn-sunset","url":"https:\/\/sloncejewelry.pl\/?product=autumn-sunset","name":"Autumn sunset -","isPartOf":{"@id":"https:\/\/sloncejewelry.pl\/#website"},"primaryImageOfPage":{"@id":"https:\/\/sloncejewelry.pl\/?product=autumn-sunset#primaryimage"},"image":{"@id":"https:\/\/sloncejewelry.pl\/?product=autumn-sunset#primaryimage"},"thumbnailUrl":"https:\/\/sloncejewelry.pl\/wp-content\/uploads\/2025\/09\/IMG_4222-scaled.jpg","datePublished":"2025-09-18T16:00:22+00:00","dateModified":"2025-12-26T19:26:05+00:00","breadcrumb":{"@id":"https:\/\/sloncejewelry.pl\/?product=autumn-sunset#breadcrumb"},"inLanguage":"pl-PL","potentialAction":[{"@type":"ReadAction","target":["https:\/\/sloncejewelry.pl\/?product=autumn-sunset"]}]},{"@type":"ImageObject","inLanguage":"pl-PL","@id":"https:\/\/sloncejewelry.pl\/?product=autumn-sunset#primaryimage","url":"https:\/\/sloncejewelry.pl\/wp-content\/uploads\/2025\/09\/IMG_4222-scaled.jpg","contentUrl":"https:\/\/sloncejewelry.pl\/wp-content\/uploads\/2025\/09\/IMG_4222-scaled.jpg","width":1920,"height":2560,"caption":"zestaw jesiennych naszyjnik\u00f3w"},{"@type":"BreadcrumbList","@id":"https:\/\/sloncejewelry.pl\/?product=autumn-sunset#breadcrumb","itemListElement":[{"@type":"ListItem","position":1,"name":"Strona g\u0142\u00f3wna","item":"https:\/\/sloncejewelry.pl\/"},{"@type":"ListItem","position":2,"name":"Sklep","item":"https:\/\/sloncejewelry.pl\/?page_id=408"},{"@type":"ListItem","position":3,"name":"Autumn sunset"}]},{"@type":"WebSite","@id":"https:\/\/sloncejewelry.pl\/#website","url":"https:\/\/sloncejewelry.pl\/","name":"","description":"","potentialAction":[{"@type":"SearchAction","target":{"@type":"EntryPoint","urlTemplate":"https:\/\/sloncejewelry.pl\/?s={search_term_string}"},"query-input":{"@type":"PropertyValueSpecification","valueRequired":true,"valueName":"search_term_string"}}],"inLanguage":"pl-PL"}]}},"jetpack_sharing_enabled":true,"_links":{"self":[{"href":"https:\/\/sloncejewelry.pl\/index.php?rest_route=\/wp\/v2\/product\/1611","targetHints":{"allow":["GET"]}}],"collection":[{"href":"https:\/\/sloncejewelry.pl\/index.php?rest_route=\/wp\/v2\/product"}],"about":[{"href":"https:\/\/sloncejewelry.pl\/index.php?rest_route=\/wp\/v2\/types\/product"}],"replies":[{"embeddable":true,"href":"https:\/\/sloncejewelry.pl\/index.php?rest_route=%2Fwp%2Fv2%2Fcomments&post=1611"}],"wp:featuredmedia":[{"embeddable":true,"href":"https:\/\/sloncejewelry.pl\/index.php?rest_route=\/wp\/v2\/media\/1612"}],"wp:attachment":[{"href":"https:\/\/sloncejewelry.pl\/index.php?rest_route=%2Fwp%2Fv2%2Fmedia&parent=1611"}],"wp:term":[{"taxonomy":"product_brand","embeddable":true,"href":"https:\/\/sloncejewelry.pl\/index.php?rest_route=%2Fwp%2Fv2%2Fproduct_brand&post=1611"},{"taxonomy":"product_cat","embeddable":true,"href":"https:\/\/sloncejewelry.pl\/index.php?rest_route=%2Fwp%2Fv2%2Fproduct_cat&post=1611"},{"taxonomy":"product_tag","embeddable":true,"href":"https:\/\/sloncejewelry.pl\/index.php?rest_route=%2Fwp%2Fv2%2Fproduct_tag&post=1611"}],"curies":[{"name":"wp","href":"https:\/\/api.w.org\/{rel}","templated":true}]}}