{"id":1594,"date":"2025-09-18T18:00:04","date_gmt":"2025-09-18T16:00:04","guid":{"rendered":"https:\/\/sloncejewelry.pl\/?post_type=product&#038;p=1594"},"modified":"2026-03-16T13:33:11","modified_gmt":"2026-03-16T12:33:11","slug":"autumn-colors","status":"publish","type":"product","link":"https:\/\/sloncejewelry.pl\/?product=autumn-colors","title":{"rendered":"Autumn colors"},"content":{"rendered":"<h2 class=\"mb-2 mt-4 font-display font-semimedium text-base first:mt-0\">Jesienny naszyjnik z jadeitem i szklanymi koralikami<\/h2>\n<p class=\"my-2 [&amp;+p]:mt-4 [&amp;_strong:has(+br)]:inline-block [&amp;_strong:has(+br)]:pb-2\">Wyj\u0105tkowy naszyjnik stworzony z my\u015bl\u0105 o mi\u0142o\u015bniczkach jesiennych barw. Po\u0142\u0105czy\u0142am w nim szklane koraliki o r\u00f3\u017cnej wielko\u015bci i odcieniach z naturalnym jadeitem, kt\u00f3rego ciep\u0142a paleta przywodzi na my\u015bl z\u0142ote li\u015bcie i promienie jesiennego s\u0142o\u0144ca.<\/p>\n<p class=\"my-2 [&amp;+p]:mt-4 [&amp;_strong:has(+br)]:inline-block [&amp;_strong:has(+br)]:pb-2\">To uniwersalny dodatek \u2013 dzi\u0119ki subtelnemu przeplataniu kolor\u00f3w doskonale dopasowuje si\u0119 do ka\u017cdej stylizacji. Pi\u0119knie prezentuje si\u0119 noszony samodzielnie, ale r\u00f3wnie efektownie wygl\u0105da w zestawie z innymi naszyjnikami, podkre\u015blaj\u0105c Tw\u00f3j indywidualny styl.<\/p>\n<p class=\"my-2 [&amp;+p]:mt-4 [&amp;_strong:has(+br)]:inline-block [&amp;_strong:has(+br)]:pb-2\"><span style=\"font-family: var(--global-body-font-family);\">Jak dba\u0107 o bi\u017cuteri\u0119:<br \/>\n<\/span><span style=\"font-family: var(--global-body-font-family);\">1.Zdejmuj bi\u017cuteri\u0119 do snu oraz k\u0105pieli.<br \/>\n<\/span><span style=\"font-family: var(--global-body-font-family);\">2.Unikaj kontaktu z detergentami, balsamami, perfumami.<br \/>\n<\/span><span style=\"font-family: var(--global-body-font-family);\">3.Przechowuj bi\u017cuteri\u0119 w zamkni\u0119tym pude\u0142eczku.<br \/>\n<\/span><span style=\"font-family: var(--global-body-font-family);\">4.Przecieraj specjalnie do tego przeznaczon\u0105 szmatk\u0105.<br \/>\n<\/span><span style=\"font-family: var(--global-body-font-family);\">5.Zdejmuj podczas opalania i ograniczaj d\u0142ugotrwa\u0142y kontakt z promieniami <\/span><span style=\"font-family: var(--global-body-font-family);\">s\u0142onecznymi.<\/span><\/p>\n<p class=\"my-2 [&amp;+p]:mt-4 [&amp;_strong:has(+br)]:inline-block [&amp;_strong:has(+br)]:pb-2\"><span style=\"font-family: var(--global-body-font-family);\">Stosowanie si\u0119 do powy\u017cszych zasad pozwoli si\u0119 d\u0142ugo cieszy\u0107 pi\u0119kn\u0105 bi\u017cuteri\u0105.<\/span><\/p>\n","protected":false},"excerpt":{"rendered":"<p>Jesienny naszyjnik z jadeitem i szklanymi koralikami Wyj\u0105tkowy naszyjnik stworzony z my\u015bl\u0105 o mi\u0142o\u015bniczkach jesiennych barw. Po\u0142\u0105czy\u0142am w nim szklane koraliki o r\u00f3\u017cnej wielko\u015bci i odcieniach z naturalnym jadeitem, kt\u00f3rego ciep\u0142a paleta przywodzi na my\u015bl z\u0142ote li\u015bcie i promienie jesiennego s\u0142o\u0144ca. To uniwersalny dodatek \u2013 dzi\u0119ki subtelnemu przeplataniu kolor\u00f3w doskonale dopasowuje si\u0119 do ka\u017cdej stylizacji&#8230;.<\/p>\n","protected":false},"featured_media":1595,"comment_status":"open","ping_status":"closed","template":"","meta":{"_kadence_starter_templates_imported_post":false,"_kad_post_transparent":"default","_kad_post_title":"","_kad_post_layout":"default","_kad_post_sidebar_id":"","_kad_post_content_style":"default","_kad_post_vertical_padding":"default","_kad_post_feature":"","_kad_post_feature_position":"","_kad_post_header":false,"_kad_post_footer":false},"product_brand":[],"product_cat":[19],"product_tag":[46,40,20,48,27,23],"class_list":{"0":"post-1594","1":"product","2":"type-product","3":"status-publish","4":"has-post-thumbnail","6":"product_cat-naszyjniki","7":"product_tag-bizuteria","8":"product_tag-kolorowy-naszyjnik","9":"product_tag-naszyjnik","10":"product_tag-sloneczna-bizuteria","11":"product_tag-szklana-bizuteria","12":"product_tag-szklane-koraliki","14":"first","15":"instock","16":"shipping-taxable","17":"purchasable","18":"product-type-simple","19":"entry","20":"content-bg","21":"loop-entry"},"yoast_head":"<!-- This site is optimized with the Yoast SEO plugin v27.4 - https:\/\/yoast.com\/product\/yoast-seo-wordpress\/ -->\n<title>Autumn colors -<\/title>\n<meta name=\"robots\" content=\"index, follow, max-snippet:-1, max-image-preview:large, max-video-preview:-1\" \/>\n<link rel=\"canonical\" href=\"https:\/\/sloncejewelry.pl\/?product=autumn-colors\" \/>\n<meta property=\"og:locale\" content=\"pl_PL\" \/>\n<meta property=\"og:type\" content=\"article\" \/>\n<meta property=\"og:title\" content=\"Autumn colors -\" \/>\n<meta property=\"og:description\" content=\"Jesienny naszyjnik z jadeitem i szklanymi koralikami Wyj\u0105tkowy naszyjnik stworzony z my\u015bl\u0105 o mi\u0142o\u015bniczkach jesiennych barw. Po\u0142\u0105czy\u0142am w nim szklane koraliki o r\u00f3\u017cnej wielko\u015bci i odcieniach z naturalnym jadeitem, kt\u00f3rego ciep\u0142a paleta przywodzi na my\u015bl z\u0142ote li\u015bcie i promienie jesiennego s\u0142o\u0144ca. To uniwersalny dodatek \u2013 dzi\u0119ki subtelnemu przeplataniu kolor\u00f3w doskonale dopasowuje si\u0119 do ka\u017cdej stylizacji....\" \/>\n<meta property=\"og:url\" content=\"https:\/\/sloncejewelry.pl\/?product=autumn-colors\" \/>\n<meta property=\"article:modified_time\" content=\"2026-03-16T12:33:11+00:00\" \/>\n<meta name=\"twitter:card\" content=\"summary_large_image\" \/>\n<meta name=\"twitter:label1\" content=\"Szacowany czas czytania\" \/>\n\t<meta name=\"twitter:data1\" content=\"1 minuta\" \/>\n<script type=\"application\/ld+json\" class=\"yoast-schema-graph\">{\"@context\":\"https:\\\/\\\/schema.org\",\"@graph\":[{\"@type\":\"WebPage\",\"@id\":\"https:\\\/\\\/sloncejewelry.pl\\\/?product=autumn-colors\",\"url\":\"https:\\\/\\\/sloncejewelry.pl\\\/?product=autumn-colors\",\"name\":\"Autumn colors -\",\"isPartOf\":{\"@id\":\"https:\\\/\\\/sloncejewelry.pl\\\/#website\"},\"primaryImageOfPage\":{\"@id\":\"https:\\\/\\\/sloncejewelry.pl\\\/?product=autumn-colors#primaryimage\"},\"image\":{\"@id\":\"https:\\\/\\\/sloncejewelry.pl\\\/?product=autumn-colors#primaryimage\"},\"thumbnailUrl\":\"https:\\\/\\\/sloncejewelry.pl\\\/wp-content\\\/uploads\\\/2025\\\/09\\\/IMG_4217-2-scaled.jpg\",\"datePublished\":\"2025-09-18T16:00:04+00:00\",\"dateModified\":\"2026-03-16T12:33:11+00:00\",\"breadcrumb\":{\"@id\":\"https:\\\/\\\/sloncejewelry.pl\\\/?product=autumn-colors#breadcrumb\"},\"inLanguage\":\"pl-PL\",\"potentialAction\":[{\"@type\":\"ReadAction\",\"target\":[\"https:\\\/\\\/sloncejewelry.pl\\\/?product=autumn-colors\"]}]},{\"@type\":\"ImageObject\",\"inLanguage\":\"pl-PL\",\"@id\":\"https:\\\/\\\/sloncejewelry.pl\\\/?product=autumn-colors#primaryimage\",\"url\":\"https:\\\/\\\/sloncejewelry.pl\\\/wp-content\\\/uploads\\\/2025\\\/09\\\/IMG_4217-2-scaled.jpg\",\"contentUrl\":\"https:\\\/\\\/sloncejewelry.pl\\\/wp-content\\\/uploads\\\/2025\\\/09\\\/IMG_4217-2-scaled.jpg\",\"width\":1920,\"height\":2560,\"caption\":\"jesienny naszyjnik\"},{\"@type\":\"BreadcrumbList\",\"@id\":\"https:\\\/\\\/sloncejewelry.pl\\\/?product=autumn-colors#breadcrumb\",\"itemListElement\":[{\"@type\":\"ListItem\",\"position\":1,\"name\":\"Strona g\u0142\u00f3wna\",\"item\":\"https:\\\/\\\/sloncejewelry.pl\\\/\"},{\"@type\":\"ListItem\",\"position\":2,\"name\":\"Sklep\",\"item\":\"https:\\\/\\\/sloncejewelry.pl\\\/?page_id=408\"},{\"@type\":\"ListItem\",\"position\":3,\"name\":\"Autumn colors\"}]},{\"@type\":\"WebSite\",\"@id\":\"https:\\\/\\\/sloncejewelry.pl\\\/#website\",\"url\":\"https:\\\/\\\/sloncejewelry.pl\\\/\",\"name\":\"\",\"description\":\"\",\"potentialAction\":[{\"@type\":\"SearchAction\",\"target\":{\"@type\":\"EntryPoint\",\"urlTemplate\":\"https:\\\/\\\/sloncejewelry.pl\\\/?s={search_term_string}\"},\"query-input\":{\"@type\":\"PropertyValueSpecification\",\"valueRequired\":true,\"valueName\":\"search_term_string\"}}],\"inLanguage\":\"pl-PL\"}]}<\/script>\n<!-- \/ Yoast SEO plugin. -->","yoast_head_json":{"title":"Autumn colors -","robots":{"index":"index","follow":"follow","max-snippet":"max-snippet:-1","max-image-preview":"max-image-preview:large","max-video-preview":"max-video-preview:-1"},"canonical":"https:\/\/sloncejewelry.pl\/?product=autumn-colors","og_locale":"pl_PL","og_type":"article","og_title":"Autumn colors -","og_description":"Jesienny naszyjnik z jadeitem i szklanymi koralikami Wyj\u0105tkowy naszyjnik stworzony z my\u015bl\u0105 o mi\u0142o\u015bniczkach jesiennych barw. Po\u0142\u0105czy\u0142am w nim szklane koraliki o r\u00f3\u017cnej wielko\u015bci i odcieniach z naturalnym jadeitem, kt\u00f3rego ciep\u0142a paleta przywodzi na my\u015bl z\u0142ote li\u015bcie i promienie jesiennego s\u0142o\u0144ca. To uniwersalny dodatek \u2013 dzi\u0119ki subtelnemu przeplataniu kolor\u00f3w doskonale dopasowuje si\u0119 do ka\u017cdej stylizacji....","og_url":"https:\/\/sloncejewelry.pl\/?product=autumn-colors","article_modified_time":"2026-03-16T12:33:11+00:00","twitter_card":"summary_large_image","twitter_misc":{"Szacowany czas czytania":"1 minuta"},"schema":{"@context":"https:\/\/schema.org","@graph":[{"@type":"WebPage","@id":"https:\/\/sloncejewelry.pl\/?product=autumn-colors","url":"https:\/\/sloncejewelry.pl\/?product=autumn-colors","name":"Autumn colors -","isPartOf":{"@id":"https:\/\/sloncejewelry.pl\/#website"},"primaryImageOfPage":{"@id":"https:\/\/sloncejewelry.pl\/?product=autumn-colors#primaryimage"},"image":{"@id":"https:\/\/sloncejewelry.pl\/?product=autumn-colors#primaryimage"},"thumbnailUrl":"https:\/\/sloncejewelry.pl\/wp-content\/uploads\/2025\/09\/IMG_4217-2-scaled.jpg","datePublished":"2025-09-18T16:00:04+00:00","dateModified":"2026-03-16T12:33:11+00:00","breadcrumb":{"@id":"https:\/\/sloncejewelry.pl\/?product=autumn-colors#breadcrumb"},"inLanguage":"pl-PL","potentialAction":[{"@type":"ReadAction","target":["https:\/\/sloncejewelry.pl\/?product=autumn-colors"]}]},{"@type":"ImageObject","inLanguage":"pl-PL","@id":"https:\/\/sloncejewelry.pl\/?product=autumn-colors#primaryimage","url":"https:\/\/sloncejewelry.pl\/wp-content\/uploads\/2025\/09\/IMG_4217-2-scaled.jpg","contentUrl":"https:\/\/sloncejewelry.pl\/wp-content\/uploads\/2025\/09\/IMG_4217-2-scaled.jpg","width":1920,"height":2560,"caption":"jesienny naszyjnik"},{"@type":"BreadcrumbList","@id":"https:\/\/sloncejewelry.pl\/?product=autumn-colors#breadcrumb","itemListElement":[{"@type":"ListItem","position":1,"name":"Strona g\u0142\u00f3wna","item":"https:\/\/sloncejewelry.pl\/"},{"@type":"ListItem","position":2,"name":"Sklep","item":"https:\/\/sloncejewelry.pl\/?page_id=408"},{"@type":"ListItem","position":3,"name":"Autumn colors"}]},{"@type":"WebSite","@id":"https:\/\/sloncejewelry.pl\/#website","url":"https:\/\/sloncejewelry.pl\/","name":"","description":"","potentialAction":[{"@type":"SearchAction","target":{"@type":"EntryPoint","urlTemplate":"https:\/\/sloncejewelry.pl\/?s={search_term_string}"},"query-input":{"@type":"PropertyValueSpecification","valueRequired":true,"valueName":"search_term_string"}}],"inLanguage":"pl-PL"}]}},"jetpack_sharing_enabled":true,"_links":{"self":[{"href":"https:\/\/sloncejewelry.pl\/index.php?rest_route=\/wp\/v2\/product\/1594","targetHints":{"allow":["GET"]}}],"collection":[{"href":"https:\/\/sloncejewelry.pl\/index.php?rest_route=\/wp\/v2\/product"}],"about":[{"href":"https:\/\/sloncejewelry.pl\/index.php?rest_route=\/wp\/v2\/types\/product"}],"replies":[{"embeddable":true,"href":"https:\/\/sloncejewelry.pl\/index.php?rest_route=%2Fwp%2Fv2%2Fcomments&post=1594"}],"wp:featuredmedia":[{"embeddable":true,"href":"https:\/\/sloncejewelry.pl\/index.php?rest_route=\/wp\/v2\/media\/1595"}],"wp:attachment":[{"href":"https:\/\/sloncejewelry.pl\/index.php?rest_route=%2Fwp%2Fv2%2Fmedia&parent=1594"}],"wp:term":[{"taxonomy":"product_brand","embeddable":true,"href":"https:\/\/sloncejewelry.pl\/index.php?rest_route=%2Fwp%2Fv2%2Fproduct_brand&post=1594"},{"taxonomy":"product_cat","embeddable":true,"href":"https:\/\/sloncejewelry.pl\/index.php?rest_route=%2Fwp%2Fv2%2Fproduct_cat&post=1594"},{"taxonomy":"product_tag","embeddable":true,"href":"https:\/\/sloncejewelry.pl\/index.php?rest_route=%2Fwp%2Fv2%2Fproduct_tag&post=1594"}],"curies":[{"name":"wp","href":"https:\/\/api.w.org\/{rel}","templated":true}]}}