{"id":1525,"date":"2025-08-27T20:48:58","date_gmt":"2025-08-27T18:48:58","guid":{"rendered":"https:\/\/sloncejewelry.pl\/?post_type=product&#038;p=1525"},"modified":"2025-09-18T18:07:59","modified_gmt":"2025-09-18T16:07:59","slug":"summer-mojito","status":"publish","type":"product","link":"https:\/\/sloncejewelry.pl\/?product=summer-mojito","title":{"rendered":"Summer mojito"},"content":{"rendered":"<p class=\"my-2 [&amp;+p]:mt-4 [&amp;_strong:has(+br)]:inline-block [&amp;_strong:has(+br)]:pb-2\">\ud83d\udc8e <strong>Zestaw naszyjnik\u00f3w \u2013 z\u0142oto, b\u0142\u0119kit i ziele\u0144 w najpi\u0119kniejszym wydaniu<\/strong> \ud83d\udc8e<\/p>\n<p class=\"my-2 [&amp;+p]:mt-4 [&amp;_strong:has(+br)]:inline-block [&amp;_strong:has(+br)]:pb-2\">Ten wyj\u0105tkowy komplet to po\u0142\u0105czenie harmonii kolor\u00f3w i r\u0119kodzielniczej precyzji. Delikatny b\u0142\u0119kit spotyka si\u0119 tutaj z soczyst\u0105 zieleni\u0105 i szlachetnym z\u0142otem, tworz\u0105c kompozycj\u0119, kt\u00f3ra zachwyca \u015bwie\u017co\u015bci\u0105 i elegancj\u0105 jednocze\u015bnie.<\/p>\n<p class=\"my-2 [&amp;+p]:mt-4 [&amp;_strong:has(+br)]:inline-block [&amp;_strong:has(+br)]:pb-2\">Pierwszy z naszyjnik\u00f3w to okr\u0105g\u0142a forma wykonana ze szklanych kulek o r\u00f3\u017cnych rozmiarach \u2013 ich r\u00f3\u017cnorodno\u015b\u0107 nadaje ca\u0142o\u015bci lekko\u015bci i efektu subtelnej gry \u015bwiat\u0142a. Drugi to unikatowy projekt z r\u0119cznie robion\u0105, koralikow\u0105 limonk\u0105, zawieszon\u0105 na naszyjniku \u0142\u0105cz\u0105cym w sobie odcienie zieleni, b\u0142\u0119kitu i z\u0142ota, dodatkowo ozdobionym male\u0144kimi, l\u015bni\u0105cymi z\u0142otymi kuleczkami przypominaj\u0105cymi diamentowy py\u0142.<\/p>\n<p class=\"my-2 [&amp;+p]:mt-4 [&amp;_strong:has(+br)]:inline-block [&amp;_strong:has(+br)]:pb-2\">Razem tworz\u0105 duet pe\u0142en energii, \u015bwie\u017co\u015bci i elegancji. To zestaw, kt\u00f3ry \u015bwietnie komponuje si\u0119 zar\u00f3wno w codziennych stylizacjach \u2013 z ulubion\u0105 bluz\u0105 czy koszul\u0105 \u2013 jak i w tych bardziej kobiecych, np. z lekk\u0105 sukienk\u0105.<\/p>\n<p class=\"my-2 [&amp;+p]:mt-4 [&amp;_strong:has(+br)]:inline-block [&amp;_strong:has(+br)]:pb-2\">\u2728 <strong>Bi\u017cuteria, kt\u00f3ra wnosi promie\u0144 radosnej \u015bwie\u017co\u015bci i sprawia, \u017ce ka\u017cda stylizacja nabiera wyj\u0105tkowego charakteru.<\/strong><\/p>\n<p class=\"my-2 [&amp;+p]:mt-4 [&amp;_strong:has(+br)]:inline-block [&amp;_strong:has(+br)]:pb-2\"><span style=\"font-family: var(--global-body-font-family);\">Jak dba\u0107 o bi\u017cuteri\u0119:<\/span><\/p>\n<p class=\"my-2 [&amp;+p]:mt-4 [&amp;_strong:has(+br)]:inline-block [&amp;_strong:has(+br)]:pb-2\"><span style=\"font-family: var(--global-body-font-family);\">1.Zdejmuj bi\u017cuteri\u0119 do snu oraz k\u0105pieli.<\/span><\/p>\n<p class=\"my-2 [&amp;+p]:mt-4 [&amp;_strong:has(+br)]:inline-block [&amp;_strong:has(+br)]:pb-2\"><span style=\"font-family: var(--global-body-font-family);\">2.Unikaj kontaktu z detergentami, balsamami, perfumami.<\/span><\/p>\n<p class=\"my-2 [&amp;+p]:mt-4 [&amp;_strong:has(+br)]:inline-block [&amp;_strong:has(+br)]:pb-2\"><span style=\"font-family: var(--global-body-font-family);\">3.Przechowuj bi\u017cuteri\u0119 w zamkni\u0119tym pude\u0142eczku.<\/span><\/p>\n<p class=\"my-2 [&amp;+p]:mt-4 [&amp;_strong:has(+br)]:inline-block [&amp;_strong:has(+br)]:pb-2\"><span style=\"font-family: var(--global-body-font-family);\">4.Przecieraj specjalnie do tego przeznaczon\u0105 szmatk\u0105.<\/span><\/p>\n<p class=\"my-2 [&amp;+p]:mt-4 [&amp;_strong:has(+br)]:inline-block [&amp;_strong:has(+br)]:pb-2\"><span style=\"font-family: var(--global-body-font-family);\">5.Zdejmuj podczas opalania i ograniczaj d\u0142ugotrwa\u0142y kontakt z promieniami s\u0142onecznymi.<\/span><\/p>\n<p class=\"my-2 [&amp;+p]:mt-4 [&amp;_strong:has(+br)]:inline-block [&amp;_strong:has(+br)]:pb-2\"><span style=\"font-family: var(--global-body-font-family);\">Stosowanie si\u0119 do powy\u017cszych zasad pozwoli si\u0119 d\u0142ugo cieszy\u0107 pi\u0119kn\u0105 bi\u017cuteri\u0105.<\/span><\/p>\n<hr class=\"bg-offsetPlus h-px border-0\" \/>\n","protected":false},"excerpt":{"rendered":"<p>\ud83d\udc8e Zestaw naszyjnik\u00f3w \u2013 z\u0142oto, b\u0142\u0119kit i ziele\u0144 w najpi\u0119kniejszym wydaniu \ud83d\udc8e Ten wyj\u0105tkowy komplet to po\u0142\u0105czenie harmonii kolor\u00f3w i r\u0119kodzielniczej precyzji. Delikatny b\u0142\u0119kit spotyka si\u0119 tutaj z soczyst\u0105 zieleni\u0105 i szlachetnym z\u0142otem, tworz\u0105c kompozycj\u0119, kt\u00f3ra zachwyca \u015bwie\u017co\u015bci\u0105 i elegancj\u0105 jednocze\u015bnie. Pierwszy z naszyjnik\u00f3w to okr\u0105g\u0142a forma wykonana ze szklanych kulek o r\u00f3\u017cnych rozmiarach \u2013&#8230;<\/p>\n","protected":false},"featured_media":1526,"comment_status":"open","ping_status":"closed","template":"","meta":{"_kadence_starter_templates_imported_post":false,"_kad_post_transparent":"default","_kad_post_title":"","_kad_post_layout":"default","_kad_post_sidebar_id":"","_kad_post_content_style":"default","_kad_post_vertical_padding":"default","_kad_post_feature":"","_kad_post_feature_position":"","_kad_post_header":false,"_kad_post_footer":false},"product_brand":[],"product_cat":[19],"product_tag":[40,65,47],"class_list":{"0":"post-1525","1":"product","2":"type-product","3":"status-publish","4":"has-post-thumbnail","6":"product_cat-naszyjniki","7":"product_tag-kolorowy-naszyjnik","8":"product_tag-naszyjnik-z-limonka","9":"product_tag-szklany-naszyjnik","11":"first","12":"instock","13":"shipping-taxable","14":"purchasable","15":"product-type-variable","16":"entry","17":"content-bg","18":"loop-entry"},"yoast_head":"<!-- This site is optimized with the Yoast SEO plugin v27.4 - https:\/\/yoast.com\/product\/yoast-seo-wordpress\/ -->\n<title>Summer mojito -<\/title>\n<meta name=\"robots\" content=\"index, follow, max-snippet:-1, max-image-preview:large, max-video-preview:-1\" \/>\n<link rel=\"canonical\" href=\"https:\/\/sloncejewelry.pl\/?product=summer-mojito\" \/>\n<meta property=\"og:locale\" content=\"pl_PL\" \/>\n<meta property=\"og:type\" content=\"article\" \/>\n<meta property=\"og:title\" content=\"Summer mojito -\" \/>\n<meta property=\"og:description\" content=\"\ud83d\udc8e Zestaw naszyjnik\u00f3w \u2013 z\u0142oto, b\u0142\u0119kit i ziele\u0144 w najpi\u0119kniejszym wydaniu \ud83d\udc8e Ten wyj\u0105tkowy komplet to po\u0142\u0105czenie harmonii kolor\u00f3w i r\u0119kodzielniczej precyzji. Delikatny b\u0142\u0119kit spotyka si\u0119 tutaj z soczyst\u0105 zieleni\u0105 i szlachetnym z\u0142otem, tworz\u0105c kompozycj\u0119, kt\u00f3ra zachwyca \u015bwie\u017co\u015bci\u0105 i elegancj\u0105 jednocze\u015bnie. Pierwszy z naszyjnik\u00f3w to okr\u0105g\u0142a forma wykonana ze szklanych kulek o r\u00f3\u017cnych rozmiarach \u2013...\" \/>\n<meta property=\"og:url\" content=\"https:\/\/sloncejewelry.pl\/?product=summer-mojito\" \/>\n<meta property=\"article:modified_time\" content=\"2025-09-18T16:07:59+00:00\" \/>\n<meta name=\"twitter:card\" content=\"summary_large_image\" \/>\n<meta name=\"twitter:label1\" content=\"Szacowany czas czytania\" \/>\n\t<meta name=\"twitter:data1\" content=\"2 minuty\" \/>\n<script type=\"application\/ld+json\" class=\"yoast-schema-graph\">{\"@context\":\"https:\\\/\\\/schema.org\",\"@graph\":[{\"@type\":\"WebPage\",\"@id\":\"https:\\\/\\\/sloncejewelry.pl\\\/?product=summer-mojito\",\"url\":\"https:\\\/\\\/sloncejewelry.pl\\\/?product=summer-mojito\",\"name\":\"Summer mojito -\",\"isPartOf\":{\"@id\":\"https:\\\/\\\/sloncejewelry.pl\\\/#website\"},\"primaryImageOfPage\":{\"@id\":\"https:\\\/\\\/sloncejewelry.pl\\\/?product=summer-mojito#primaryimage\"},\"image\":{\"@id\":\"https:\\\/\\\/sloncejewelry.pl\\\/?product=summer-mojito#primaryimage\"},\"thumbnailUrl\":\"https:\\\/\\\/sloncejewelry.pl\\\/wp-content\\\/uploads\\\/2025\\\/08\\\/IMG_3559-scaled.jpg\",\"datePublished\":\"2025-08-27T18:48:58+00:00\",\"dateModified\":\"2025-09-18T16:07:59+00:00\",\"breadcrumb\":{\"@id\":\"https:\\\/\\\/sloncejewelry.pl\\\/?product=summer-mojito#breadcrumb\"},\"inLanguage\":\"pl-PL\",\"potentialAction\":[{\"@type\":\"ReadAction\",\"target\":[\"https:\\\/\\\/sloncejewelry.pl\\\/?product=summer-mojito\"]}]},{\"@type\":\"ImageObject\",\"inLanguage\":\"pl-PL\",\"@id\":\"https:\\\/\\\/sloncejewelry.pl\\\/?product=summer-mojito#primaryimage\",\"url\":\"https:\\\/\\\/sloncejewelry.pl\\\/wp-content\\\/uploads\\\/2025\\\/08\\\/IMG_3559-scaled.jpg\",\"contentUrl\":\"https:\\\/\\\/sloncejewelry.pl\\\/wp-content\\\/uploads\\\/2025\\\/08\\\/IMG_3559-scaled.jpg\",\"width\":1920,\"height\":2560,\"caption\":\"zestaw naszyjnik\u00f3w z limonk\u0105\"},{\"@type\":\"BreadcrumbList\",\"@id\":\"https:\\\/\\\/sloncejewelry.pl\\\/?product=summer-mojito#breadcrumb\",\"itemListElement\":[{\"@type\":\"ListItem\",\"position\":1,\"name\":\"Strona g\u0142\u00f3wna\",\"item\":\"https:\\\/\\\/sloncejewelry.pl\\\/\"},{\"@type\":\"ListItem\",\"position\":2,\"name\":\"Sklep\",\"item\":\"https:\\\/\\\/sloncejewelry.pl\\\/?page_id=408\"},{\"@type\":\"ListItem\",\"position\":3,\"name\":\"Summer mojito\"}]},{\"@type\":\"WebSite\",\"@id\":\"https:\\\/\\\/sloncejewelry.pl\\\/#website\",\"url\":\"https:\\\/\\\/sloncejewelry.pl\\\/\",\"name\":\"\",\"description\":\"\",\"potentialAction\":[{\"@type\":\"SearchAction\",\"target\":{\"@type\":\"EntryPoint\",\"urlTemplate\":\"https:\\\/\\\/sloncejewelry.pl\\\/?s={search_term_string}\"},\"query-input\":{\"@type\":\"PropertyValueSpecification\",\"valueRequired\":true,\"valueName\":\"search_term_string\"}}],\"inLanguage\":\"pl-PL\"}]}<\/script>\n<!-- \/ Yoast SEO plugin. -->","yoast_head_json":{"title":"Summer mojito -","robots":{"index":"index","follow":"follow","max-snippet":"max-snippet:-1","max-image-preview":"max-image-preview:large","max-video-preview":"max-video-preview:-1"},"canonical":"https:\/\/sloncejewelry.pl\/?product=summer-mojito","og_locale":"pl_PL","og_type":"article","og_title":"Summer mojito -","og_description":"\ud83d\udc8e Zestaw naszyjnik\u00f3w \u2013 z\u0142oto, b\u0142\u0119kit i ziele\u0144 w najpi\u0119kniejszym wydaniu \ud83d\udc8e Ten wyj\u0105tkowy komplet to po\u0142\u0105czenie harmonii kolor\u00f3w i r\u0119kodzielniczej precyzji. Delikatny b\u0142\u0119kit spotyka si\u0119 tutaj z soczyst\u0105 zieleni\u0105 i szlachetnym z\u0142otem, tworz\u0105c kompozycj\u0119, kt\u00f3ra zachwyca \u015bwie\u017co\u015bci\u0105 i elegancj\u0105 jednocze\u015bnie. Pierwszy z naszyjnik\u00f3w to okr\u0105g\u0142a forma wykonana ze szklanych kulek o r\u00f3\u017cnych rozmiarach \u2013...","og_url":"https:\/\/sloncejewelry.pl\/?product=summer-mojito","article_modified_time":"2025-09-18T16:07:59+00:00","twitter_card":"summary_large_image","twitter_misc":{"Szacowany czas czytania":"2 minuty"},"schema":{"@context":"https:\/\/schema.org","@graph":[{"@type":"WebPage","@id":"https:\/\/sloncejewelry.pl\/?product=summer-mojito","url":"https:\/\/sloncejewelry.pl\/?product=summer-mojito","name":"Summer mojito -","isPartOf":{"@id":"https:\/\/sloncejewelry.pl\/#website"},"primaryImageOfPage":{"@id":"https:\/\/sloncejewelry.pl\/?product=summer-mojito#primaryimage"},"image":{"@id":"https:\/\/sloncejewelry.pl\/?product=summer-mojito#primaryimage"},"thumbnailUrl":"https:\/\/sloncejewelry.pl\/wp-content\/uploads\/2025\/08\/IMG_3559-scaled.jpg","datePublished":"2025-08-27T18:48:58+00:00","dateModified":"2025-09-18T16:07:59+00:00","breadcrumb":{"@id":"https:\/\/sloncejewelry.pl\/?product=summer-mojito#breadcrumb"},"inLanguage":"pl-PL","potentialAction":[{"@type":"ReadAction","target":["https:\/\/sloncejewelry.pl\/?product=summer-mojito"]}]},{"@type":"ImageObject","inLanguage":"pl-PL","@id":"https:\/\/sloncejewelry.pl\/?product=summer-mojito#primaryimage","url":"https:\/\/sloncejewelry.pl\/wp-content\/uploads\/2025\/08\/IMG_3559-scaled.jpg","contentUrl":"https:\/\/sloncejewelry.pl\/wp-content\/uploads\/2025\/08\/IMG_3559-scaled.jpg","width":1920,"height":2560,"caption":"zestaw naszyjnik\u00f3w z limonk\u0105"},{"@type":"BreadcrumbList","@id":"https:\/\/sloncejewelry.pl\/?product=summer-mojito#breadcrumb","itemListElement":[{"@type":"ListItem","position":1,"name":"Strona g\u0142\u00f3wna","item":"https:\/\/sloncejewelry.pl\/"},{"@type":"ListItem","position":2,"name":"Sklep","item":"https:\/\/sloncejewelry.pl\/?page_id=408"},{"@type":"ListItem","position":3,"name":"Summer mojito"}]},{"@type":"WebSite","@id":"https:\/\/sloncejewelry.pl\/#website","url":"https:\/\/sloncejewelry.pl\/","name":"","description":"","potentialAction":[{"@type":"SearchAction","target":{"@type":"EntryPoint","urlTemplate":"https:\/\/sloncejewelry.pl\/?s={search_term_string}"},"query-input":{"@type":"PropertyValueSpecification","valueRequired":true,"valueName":"search_term_string"}}],"inLanguage":"pl-PL"}]}},"jetpack_sharing_enabled":true,"_links":{"self":[{"href":"https:\/\/sloncejewelry.pl\/index.php?rest_route=\/wp\/v2\/product\/1525","targetHints":{"allow":["GET"]}}],"collection":[{"href":"https:\/\/sloncejewelry.pl\/index.php?rest_route=\/wp\/v2\/product"}],"about":[{"href":"https:\/\/sloncejewelry.pl\/index.php?rest_route=\/wp\/v2\/types\/product"}],"replies":[{"embeddable":true,"href":"https:\/\/sloncejewelry.pl\/index.php?rest_route=%2Fwp%2Fv2%2Fcomments&post=1525"}],"wp:featuredmedia":[{"embeddable":true,"href":"https:\/\/sloncejewelry.pl\/index.php?rest_route=\/wp\/v2\/media\/1526"}],"wp:attachment":[{"href":"https:\/\/sloncejewelry.pl\/index.php?rest_route=%2Fwp%2Fv2%2Fmedia&parent=1525"}],"wp:term":[{"taxonomy":"product_brand","embeddable":true,"href":"https:\/\/sloncejewelry.pl\/index.php?rest_route=%2Fwp%2Fv2%2Fproduct_brand&post=1525"},{"taxonomy":"product_cat","embeddable":true,"href":"https:\/\/sloncejewelry.pl\/index.php?rest_route=%2Fwp%2Fv2%2Fproduct_cat&post=1525"},{"taxonomy":"product_tag","embeddable":true,"href":"https:\/\/sloncejewelry.pl\/index.php?rest_route=%2Fwp%2Fv2%2Fproduct_tag&post=1525"}],"curies":[{"name":"wp","href":"https:\/\/api.w.org\/{rel}","templated":true}]}}