{"id":1395,"date":"2026-01-20T11:00:26","date_gmt":"2026-01-20T10:00:26","guid":{"rendered":"https:\/\/sloncejewelry.pl\/?post_type=product&#038;p=1395"},"modified":"2026-01-26T10:20:05","modified_gmt":"2026-01-26T09:20:05","slug":"1-warsztaty-lodz-13-08","status":"publish","type":"product","link":"https:\/\/sloncejewelry.pl\/?product=1-warsztaty-lodz-13-08","title":{"rendered":"..1. WARSZTATY Krak\u00f3w 19.02"},"content":{"rendered":"<h2 id=\"\" class=\"mb-2 mt-6 text-lg font-[500] first:mt-0 dark:font-[475] [hr+&amp;]:mt-4\"><button class=\"hover:duration-80 duration-800 cursor-pointer text-left align-baseline inline underline decoration-textOff\/25 decoration-1 underline-offset-[5px] animate-underlineFade after:content-[&quot;&quot;] hover:text-super hover:decoration-super\/80 hover:underline-offset-[7px] dark:decoration-textOffDark\/30 dark:hover:text-superDark dark:hover:decoration-superDark\/80 transition-all motion-reduce:transition-none appearance-none bg-transparent border-0 p-0 m-0 [td_&amp;]:table-cell align-baseline inline-block align-top\" type=\"button\" data-state=\"closed\">Wyj\u0105tkowe Warsztaty Tworzenia Bi\u017cuterii \u2013 Zr\u00f3b Swoj\u0105 Cytrynk\u0119!<\/button><\/h2>\n<p class=\"my-0\">Podaruj sobie prezent i we\u017a udzia\u0142 w s\u0142onecznych, kreatywnych warsztatach! Naucz\u0119 Ci\u0119 krok po kroku, jak w\u0142asnor\u0119cznie wykona\u0107 urocz\u0105 cytrynk\u0119 ze szklanych koralik\u00f3w. Poka\u017c\u0119 Ci, jak zamieni\u0107 j\u0105 w wyj\u0105tkowy naszyjnik, kt\u00f3ry b\u0119dzie przyci\u0105ga\u0142 spojrzenia i dodawa\u0142 energii ka\u017cdej stylizacji.<\/p>\n<p class=\"my-0\">Ale to nie wszystko! Do kompletu stworzysz drugi naszyjnik z r\u0119cznie szytym serduszkiem, kt\u00f3re specjalnie dla Ciebie przygotuj\u0119. To idealny zestaw na ka\u017cd\u0105 por\u0119 roku \u2013 radosny, kolorowy i jedyny w swoim rodzaju.<\/p>\n<p class=\"my-0\">Podczas warsztat\u00f3w czeka na Ciebie:<\/p>\n<ul class=\"marker:text-textOff list-disc\">\n<li>\n<p class=\"my-0\"><strong><button class=\"hover:duration-80 duration-800 cursor-pointer text-left align-baseline inline underline decoration-textOff\/25 decoration-1 underline-offset-[5px] animate-underlineFade after:content-[&quot;&quot;] hover:text-super hover:decoration-super\/80 hover:underline-offset-[7px] dark:decoration-textOffDark\/30 dark:hover:text-superDark dark:hover:decoration-superDark\/80 transition-all motion-reduce:transition-none appearance-none bg-transparent border-0 p-0 m-0 [td_&amp;]:table-cell align-baseline inline-block align-top\" type=\"button\" data-state=\"closed\">Krok po kroku instrukcja<\/button><\/strong> tworzenia cytrynki ze szklanych koralik\u00f3w<\/p>\n<\/li>\n<li>\n<p class=\"my-0\"><strong><button class=\"hover:duration-80 duration-800 cursor-pointer text-left align-baseline inline underline decoration-textOff\/25 decoration-1 underline-offset-[5px] animate-underlineFade after:content-[&quot;&quot;] hover:text-super hover:decoration-super\/80 hover:underline-offset-[7px] dark:decoration-textOffDark\/30 dark:hover:text-superDark dark:hover:decoration-superDark\/80 transition-all motion-reduce:transition-none appearance-none bg-transparent border-0 p-0 m-0 [td_&amp;]:table-cell align-baseline inline-block align-top\" type=\"button\" data-state=\"closed\">Tworzenie w\u0142asnego naszyjnika<\/button><\/strong> z cytrynk\u0105<\/p>\n<\/li>\n<li>\n<p class=\"my-0\"><strong><button class=\"hover:duration-80 duration-800 cursor-pointer text-left align-baseline inline underline decoration-textOff\/25 decoration-1 underline-offset-[5px] animate-underlineFade after:content-[&quot;&quot;] hover:text-super hover:decoration-super\/80 hover:underline-offset-[7px] dark:decoration-textOffDark\/30 dark:hover:text-superDark dark:hover:decoration-superDark\/80 transition-all motion-reduce:transition-none appearance-none bg-transparent border-0 p-0 m-0 [td_&amp;]:table-cell align-baseline inline-block align-top\" type=\"button\" data-state=\"closed\">Drugi naszyjnik<\/button><\/strong> z r\u0119cznie szytym serduszkiem<\/p>\n<\/li>\n<li>\n<p class=\"my-0\"><strong><button class=\"hover:duration-80 duration-800 cursor-pointer text-left align-baseline inline underline decoration-textOff\/25 decoration-1 underline-offset-[5px] animate-underlineFade after:content-[&quot;&quot;] hover:text-super hover:decoration-super\/80 hover:underline-offset-[7px] dark:decoration-textOffDark\/30 dark:hover:text-superDark dark:hover:decoration-superDark\/80 transition-all motion-reduce:transition-none appearance-none bg-transparent border-0 p-0 m-0 [td_&amp;]:table-cell align-baseline inline-block align-top\" type=\"button\" data-state=\"closed\">Przyjazna, radosna atmosfera<\/button><\/strong> \u2013 b\u0119dzie s\u0142onecznie, b\u0119dzie weso\u0142o!<\/p>\n<\/li>\n<li>\n<p class=\"my-0\"><strong><button class=\"hover:duration-80 duration-800 cursor-pointer text-left align-baseline inline underline decoration-textOff\/25 decoration-1 underline-offset-[5px] animate-underlineFade after:content-[&quot;&quot;] hover:text-super hover:decoration-super\/80 hover:underline-offset-[7px] dark:decoration-textOffDark\/30 dark:hover:text-superDark dark:hover:decoration-superDark\/80 transition-all motion-reduce:transition-none appearance-none bg-transparent border-0 p-0 m-0 [td_&amp;]:table-cell align-baseline inline-block align-top\" type=\"button\" data-state=\"closed\">Kawka, herbatka i co\u015b na os\u0142od\u0119<\/button><\/strong> \u2013 bo tw\u00f3rcza praca wymaga ma\u0142ych przyjemno\u015bci<\/p>\n<\/li>\n<li>a po wszystkim dostaniesz na email mojego autorskiego E-booka z instrukcj\u0105 tworzenia cytrynki, kt\u00f3ry pomo\u017ce Ci kontynuowa\u0107 t\u0105 przygod\u0119 w domu<\/li>\n<\/ul>\n<p class=\"my-0\">Nie musisz mie\u0107 \u017cadnego do\u015bwiadczenia \u2013 wszystko wyja\u015bni\u0119 i poka\u017c\u0119, a Ty wyjdziesz z pi\u0119knym, autorskim zestawem bi\u017cuterii i mn\u00f3stwem pozytywnej energii!<\/p>\n<p class=\"my-0\">Zarezerwuj miejsce i rozpocznij now\u0105 pasj\u0119 w wyj\u0105tkowym stylu!<\/p>\n<p><strong>Termin: 19.02 (czwartek) g. 16.00 &#8211; 20.00\u00a0<\/strong><br \/>\n<strong>Miejsce: Pracownia Enjoytufting, Ul. Kordeckiego 5 , Krak\u00f3w<\/strong><\/p>\n","protected":false},"excerpt":{"rendered":"<p>Wyj\u0105tkowe Warsztaty Tworzenia Bi\u017cuterii \u2013 Zr\u00f3b Swoj\u0105 Cytrynk\u0119! Podaruj sobie prezent i we\u017a udzia\u0142 w s\u0142onecznych, kreatywnych warsztatach! Naucz\u0119 Ci\u0119 krok po kroku, jak w\u0142asnor\u0119cznie wykona\u0107 urocz\u0105 cytrynk\u0119 ze szklanych koralik\u00f3w. Poka\u017c\u0119 Ci, jak zamieni\u0107 j\u0105 w wyj\u0105tkowy naszyjnik, kt\u00f3ry b\u0119dzie przyci\u0105ga\u0142 spojrzenia i dodawa\u0142 energii ka\u017cdej stylizacji. Ale to nie wszystko! Do kompletu stworzysz&#8230;<\/p>\n","protected":false},"featured_media":1910,"comment_status":"open","ping_status":"closed","template":"","meta":{"_kadence_starter_templates_imported_post":false,"_kad_post_transparent":"default","_kad_post_title":"","_kad_post_layout":"default","_kad_post_sidebar_id":"","_kad_post_content_style":"default","_kad_post_vertical_padding":"default","_kad_post_feature":"","_kad_post_feature_position":"","_kad_post_header":false,"_kad_post_footer":false},"product_brand":[],"product_cat":[57],"product_tag":[],"class_list":{"0":"post-1395","1":"product","2":"type-product","3":"status-publish","4":"has-post-thumbnail","6":"product_cat-warsztaty","8":"first","9":"instock","10":"downloadable","11":"virtual","12":"purchasable","13":"product-type-simple","14":"entry","15":"content-bg","16":"loop-entry"},"yoast_head":"<!-- This site is optimized with the Yoast SEO plugin v27.4 - https:\/\/yoast.com\/product\/yoast-seo-wordpress\/ -->\n<title>..1. WARSZTATY Krak\u00f3w 19.02 -<\/title>\n<meta name=\"robots\" content=\"index, follow, max-snippet:-1, max-image-preview:large, max-video-preview:-1\" \/>\n<link rel=\"canonical\" href=\"https:\/\/sloncejewelry.pl\/?product=1-warsztaty-lodz-13-08\" \/>\n<meta property=\"og:locale\" content=\"pl_PL\" \/>\n<meta property=\"og:type\" content=\"article\" \/>\n<meta property=\"og:title\" content=\"..1. WARSZTATY Krak\u00f3w 19.02 -\" \/>\n<meta property=\"og:description\" content=\"Wyj\u0105tkowe Warsztaty Tworzenia Bi\u017cuterii \u2013 Zr\u00f3b Swoj\u0105 Cytrynk\u0119! Podaruj sobie prezent i we\u017a udzia\u0142 w s\u0142onecznych, kreatywnych warsztatach! Naucz\u0119 Ci\u0119 krok po kroku, jak w\u0142asnor\u0119cznie wykona\u0107 urocz\u0105 cytrynk\u0119 ze szklanych koralik\u00f3w. Poka\u017c\u0119 Ci, jak zamieni\u0107 j\u0105 w wyj\u0105tkowy naszyjnik, kt\u00f3ry b\u0119dzie przyci\u0105ga\u0142 spojrzenia i dodawa\u0142 energii ka\u017cdej stylizacji. Ale to nie wszystko! Do kompletu stworzysz...\" \/>\n<meta property=\"og:url\" content=\"https:\/\/sloncejewelry.pl\/?product=1-warsztaty-lodz-13-08\" \/>\n<meta property=\"article:modified_time\" content=\"2026-01-26T09:20:05+00:00\" \/>\n<meta property=\"og:image\" content=\"https:\/\/sloncejewelry.pl\/wp-content\/uploads\/2025\/07\/Czerwony-Bezowy-Nowoczesny-Prosty-Nowa-Kolekcja-Plakat-1-724x1024.png\" \/>\n\t<meta property=\"og:image:width\" content=\"724\" \/>\n\t<meta property=\"og:image:height\" content=\"1024\" \/>\n\t<meta property=\"og:image:type\" content=\"image\/png\" \/>\n<meta name=\"twitter:card\" content=\"summary_large_image\" \/>\n<meta name=\"twitter:label1\" content=\"Szacowany czas czytania\" \/>\n\t<meta name=\"twitter:data1\" content=\"2 minuty\" \/>\n<script type=\"application\/ld+json\" class=\"yoast-schema-graph\">{\"@context\":\"https:\\\/\\\/schema.org\",\"@graph\":[{\"@type\":\"WebPage\",\"@id\":\"https:\\\/\\\/sloncejewelry.pl\\\/?product=1-warsztaty-lodz-13-08\",\"url\":\"https:\\\/\\\/sloncejewelry.pl\\\/?product=1-warsztaty-lodz-13-08\",\"name\":\"..1. WARSZTATY Krak\u00f3w 19.02 -\",\"isPartOf\":{\"@id\":\"https:\\\/\\\/sloncejewelry.pl\\\/#website\"},\"primaryImageOfPage\":{\"@id\":\"https:\\\/\\\/sloncejewelry.pl\\\/?product=1-warsztaty-lodz-13-08#primaryimage\"},\"image\":{\"@id\":\"https:\\\/\\\/sloncejewelry.pl\\\/?product=1-warsztaty-lodz-13-08#primaryimage\"},\"thumbnailUrl\":\"https:\\\/\\\/sloncejewelry.pl\\\/wp-content\\\/uploads\\\/2025\\\/07\\\/Czerwony-Bezowy-Nowoczesny-Prosty-Nowa-Kolekcja-Plakat-1.png\",\"datePublished\":\"2026-01-20T10:00:26+00:00\",\"dateModified\":\"2026-01-26T09:20:05+00:00\",\"breadcrumb\":{\"@id\":\"https:\\\/\\\/sloncejewelry.pl\\\/?product=1-warsztaty-lodz-13-08#breadcrumb\"},\"inLanguage\":\"pl-PL\",\"potentialAction\":[{\"@type\":\"ReadAction\",\"target\":[\"https:\\\/\\\/sloncejewelry.pl\\\/?product=1-warsztaty-lodz-13-08\"]}]},{\"@type\":\"ImageObject\",\"inLanguage\":\"pl-PL\",\"@id\":\"https:\\\/\\\/sloncejewelry.pl\\\/?product=1-warsztaty-lodz-13-08#primaryimage\",\"url\":\"https:\\\/\\\/sloncejewelry.pl\\\/wp-content\\\/uploads\\\/2025\\\/07\\\/Czerwony-Bezowy-Nowoczesny-Prosty-Nowa-Kolekcja-Plakat-1.png\",\"contentUrl\":\"https:\\\/\\\/sloncejewelry.pl\\\/wp-content\\\/uploads\\\/2025\\\/07\\\/Czerwony-Bezowy-Nowoczesny-Prosty-Nowa-Kolekcja-Plakat-1.png\",\"width\":1588,\"height\":2245},{\"@type\":\"BreadcrumbList\",\"@id\":\"https:\\\/\\\/sloncejewelry.pl\\\/?product=1-warsztaty-lodz-13-08#breadcrumb\",\"itemListElement\":[{\"@type\":\"ListItem\",\"position\":1,\"name\":\"Strona g\u0142\u00f3wna\",\"item\":\"https:\\\/\\\/sloncejewelry.pl\\\/\"},{\"@type\":\"ListItem\",\"position\":2,\"name\":\"Sklep\",\"item\":\"https:\\\/\\\/sloncejewelry.pl\\\/?page_id=408\"},{\"@type\":\"ListItem\",\"position\":3,\"name\":\"..1. WARSZTATY Krak\u00f3w 19.02\"}]},{\"@type\":\"WebSite\",\"@id\":\"https:\\\/\\\/sloncejewelry.pl\\\/#website\",\"url\":\"https:\\\/\\\/sloncejewelry.pl\\\/\",\"name\":\"\",\"description\":\"\",\"potentialAction\":[{\"@type\":\"SearchAction\",\"target\":{\"@type\":\"EntryPoint\",\"urlTemplate\":\"https:\\\/\\\/sloncejewelry.pl\\\/?s={search_term_string}\"},\"query-input\":{\"@type\":\"PropertyValueSpecification\",\"valueRequired\":true,\"valueName\":\"search_term_string\"}}],\"inLanguage\":\"pl-PL\"}]}<\/script>\n<!-- \/ Yoast SEO plugin. -->","yoast_head_json":{"title":"..1. WARSZTATY Krak\u00f3w 19.02 -","robots":{"index":"index","follow":"follow","max-snippet":"max-snippet:-1","max-image-preview":"max-image-preview:large","max-video-preview":"max-video-preview:-1"},"canonical":"https:\/\/sloncejewelry.pl\/?product=1-warsztaty-lodz-13-08","og_locale":"pl_PL","og_type":"article","og_title":"..1. WARSZTATY Krak\u00f3w 19.02 -","og_description":"Wyj\u0105tkowe Warsztaty Tworzenia Bi\u017cuterii \u2013 Zr\u00f3b Swoj\u0105 Cytrynk\u0119! Podaruj sobie prezent i we\u017a udzia\u0142 w s\u0142onecznych, kreatywnych warsztatach! Naucz\u0119 Ci\u0119 krok po kroku, jak w\u0142asnor\u0119cznie wykona\u0107 urocz\u0105 cytrynk\u0119 ze szklanych koralik\u00f3w. Poka\u017c\u0119 Ci, jak zamieni\u0107 j\u0105 w wyj\u0105tkowy naszyjnik, kt\u00f3ry b\u0119dzie przyci\u0105ga\u0142 spojrzenia i dodawa\u0142 energii ka\u017cdej stylizacji. Ale to nie wszystko! Do kompletu stworzysz...","og_url":"https:\/\/sloncejewelry.pl\/?product=1-warsztaty-lodz-13-08","article_modified_time":"2026-01-26T09:20:05+00:00","og_image":[{"width":724,"height":1024,"url":"https:\/\/sloncejewelry.pl\/wp-content\/uploads\/2025\/07\/Czerwony-Bezowy-Nowoczesny-Prosty-Nowa-Kolekcja-Plakat-1-724x1024.png","type":"image\/png"}],"twitter_card":"summary_large_image","twitter_misc":{"Szacowany czas czytania":"2 minuty"},"schema":{"@context":"https:\/\/schema.org","@graph":[{"@type":"WebPage","@id":"https:\/\/sloncejewelry.pl\/?product=1-warsztaty-lodz-13-08","url":"https:\/\/sloncejewelry.pl\/?product=1-warsztaty-lodz-13-08","name":"..1. WARSZTATY Krak\u00f3w 19.02 -","isPartOf":{"@id":"https:\/\/sloncejewelry.pl\/#website"},"primaryImageOfPage":{"@id":"https:\/\/sloncejewelry.pl\/?product=1-warsztaty-lodz-13-08#primaryimage"},"image":{"@id":"https:\/\/sloncejewelry.pl\/?product=1-warsztaty-lodz-13-08#primaryimage"},"thumbnailUrl":"https:\/\/sloncejewelry.pl\/wp-content\/uploads\/2025\/07\/Czerwony-Bezowy-Nowoczesny-Prosty-Nowa-Kolekcja-Plakat-1.png","datePublished":"2026-01-20T10:00:26+00:00","dateModified":"2026-01-26T09:20:05+00:00","breadcrumb":{"@id":"https:\/\/sloncejewelry.pl\/?product=1-warsztaty-lodz-13-08#breadcrumb"},"inLanguage":"pl-PL","potentialAction":[{"@type":"ReadAction","target":["https:\/\/sloncejewelry.pl\/?product=1-warsztaty-lodz-13-08"]}]},{"@type":"ImageObject","inLanguage":"pl-PL","@id":"https:\/\/sloncejewelry.pl\/?product=1-warsztaty-lodz-13-08#primaryimage","url":"https:\/\/sloncejewelry.pl\/wp-content\/uploads\/2025\/07\/Czerwony-Bezowy-Nowoczesny-Prosty-Nowa-Kolekcja-Plakat-1.png","contentUrl":"https:\/\/sloncejewelry.pl\/wp-content\/uploads\/2025\/07\/Czerwony-Bezowy-Nowoczesny-Prosty-Nowa-Kolekcja-Plakat-1.png","width":1588,"height":2245},{"@type":"BreadcrumbList","@id":"https:\/\/sloncejewelry.pl\/?product=1-warsztaty-lodz-13-08#breadcrumb","itemListElement":[{"@type":"ListItem","position":1,"name":"Strona g\u0142\u00f3wna","item":"https:\/\/sloncejewelry.pl\/"},{"@type":"ListItem","position":2,"name":"Sklep","item":"https:\/\/sloncejewelry.pl\/?page_id=408"},{"@type":"ListItem","position":3,"name":"..1. WARSZTATY Krak\u00f3w 19.02"}]},{"@type":"WebSite","@id":"https:\/\/sloncejewelry.pl\/#website","url":"https:\/\/sloncejewelry.pl\/","name":"","description":"","potentialAction":[{"@type":"SearchAction","target":{"@type":"EntryPoint","urlTemplate":"https:\/\/sloncejewelry.pl\/?s={search_term_string}"},"query-input":{"@type":"PropertyValueSpecification","valueRequired":true,"valueName":"search_term_string"}}],"inLanguage":"pl-PL"}]}},"jetpack_sharing_enabled":true,"_links":{"self":[{"href":"https:\/\/sloncejewelry.pl\/index.php?rest_route=\/wp\/v2\/product\/1395","targetHints":{"allow":["GET"]}}],"collection":[{"href":"https:\/\/sloncejewelry.pl\/index.php?rest_route=\/wp\/v2\/product"}],"about":[{"href":"https:\/\/sloncejewelry.pl\/index.php?rest_route=\/wp\/v2\/types\/product"}],"replies":[{"embeddable":true,"href":"https:\/\/sloncejewelry.pl\/index.php?rest_route=%2Fwp%2Fv2%2Fcomments&post=1395"}],"wp:featuredmedia":[{"embeddable":true,"href":"https:\/\/sloncejewelry.pl\/index.php?rest_route=\/wp\/v2\/media\/1910"}],"wp:attachment":[{"href":"https:\/\/sloncejewelry.pl\/index.php?rest_route=%2Fwp%2Fv2%2Fmedia&parent=1395"}],"wp:term":[{"taxonomy":"product_brand","embeddable":true,"href":"https:\/\/sloncejewelry.pl\/index.php?rest_route=%2Fwp%2Fv2%2Fproduct_brand&post=1395"},{"taxonomy":"product_cat","embeddable":true,"href":"https:\/\/sloncejewelry.pl\/index.php?rest_route=%2Fwp%2Fv2%2Fproduct_cat&post=1395"},{"taxonomy":"product_tag","embeddable":true,"href":"https:\/\/sloncejewelry.pl\/index.php?rest_route=%2Fwp%2Fv2%2Fproduct_tag&post=1395"}],"curies":[{"name":"wp","href":"https:\/\/api.w.org\/{rel}","templated":true}]}}