{"id":1031,"date":"2025-05-28T20:01:18","date_gmt":"2025-05-28T18:01:18","guid":{"rendered":"https:\/\/sloncejewelry.pl\/?post_type=product&#038;p=1031"},"modified":"2025-05-28T20:01:18","modified_gmt":"2025-05-28T18:01:18","slug":"sicily-lemon","status":"publish","type":"product","link":"https:\/\/sloncejewelry.pl\/?product=sicily-lemon","title":{"rendered":"Sicily lemon."},"content":{"rendered":"<p class=\"my-0\">Przenie\u015b si\u0119 my\u015blami na s\u0142oneczn\u0105 Sycyli\u0119 dzi\u0119ki naszemu wyj\u0105tkowemu zestawowi naszyjnik\u00f3w w soczystych, energetycznych kolorach! Ta kolekcja to kwintesencja rado\u015bci, wakacyjnej lekko\u015bci i w\u0142oskiego stylu, kt\u00f3ry roz\u015bwietli ka\u017cd\u0105 stylizacj\u0119.<\/p>\n<p class=\"my-0\">W zestawie znajdziesz:<\/p>\n<ul class=\"marker:text-textOff list-disc\">\n<li>\n<p class=\"my-0\"><strong><button class=\"hover:duration-80 duration-800 cursor-pointer text-left align-baseline inline underline decoration-textOff\/25 decoration-1 underline-offset-[5px] animate-underlineFade after:content-[&quot;&quot;] hover:text-super hover:decoration-super\/80 hover:underline-offset-[7px] dark:decoration-textOffDark\/30 dark:hover:text-superDark dark:hover:decoration-superDark\/80 transition-all motion-reduce:transition-none appearance-none bg-transparent border-0 p-0 m-0 [td_&amp;]:table-cell align-baseline inline-block align-top\" type=\"button\" data-state=\"closed\">Okr\u0105g\u0142y naszyjnik z ma\u0142ych szklanych kuleczek<\/button><\/strong> \u2013 po\u0142\u0105czenie r\u00f3\u017cu i \u017c\u00f3\u0142tego tworzy efekt promieni s\u0142onecznych odbijaj\u0105cych si\u0119 od sycylijskich pla\u017c. To idealny, s\u0142oneczny dodatek, kt\u00f3ry subtelnie podkre\u015bli Twoj\u0105 urod\u0119.<\/p>\n<\/li>\n<li>\n<p class=\"my-0\"><strong><button class=\"hover:duration-80 duration-800 cursor-pointer text-left align-baseline inline underline decoration-textOff\/25 decoration-1 underline-offset-[5px] animate-underlineFade after:content-[&quot;&quot;] hover:text-super hover:decoration-super\/80 hover:underline-offset-[7px] dark:decoration-textOffDark\/30 dark:hover:text-superDark dark:hover:decoration-superDark\/80 transition-all motion-reduce:transition-none appearance-none bg-transparent border-0 p-0 m-0 [td_&amp;]:table-cell align-baseline inline-block align-top\" type=\"button\" data-state=\"closed\">Naszyjnik z mase\u0142kow\u0105 cytrynk\u0105<\/button><\/strong> \u2013 zawieszka w kszta\u0142cie cytryny na tle r\u00f3\u017cu z czerwieni\u0105 dodaje ca\u0142o\u015bci charakteru i przyci\u0105ga wzrok pi\u0119knym, wyrazistym kolorem. To bi\u017cuteria, kt\u00f3ra natychmiast poprawia nastr\u00f3j!<\/p>\n<\/li>\n<\/ul>\n<p class=\"my-0\">Ten wakacyjny i wiosenny zestaw doskonale prezentuje si\u0119 zar\u00f3wno razem, jak i osobno. No\u015b je, kiedy chcesz poczu\u0107 si\u0119 wyj\u0105tkowo, doda\u0107 sobie energii i przenie\u015b\u0107 si\u0119 cho\u0107 na chwil\u0119 do s\u0142onecznej Italii. To bi\u017cuteria, kt\u00f3ra sprawia, \u017ce ka\u017cdy dzie\u0144 staje si\u0119 pi\u0119kniejszy!<\/p>\n<p class=\"my-0\"><span style=\"font-family: var(--global-body-font-family);\">Jak dba\u0107 o bi\u017cuteri\u0119:<\/span><\/p>\n<p class=\"my-0\"><span style=\"font-family: var(--global-body-font-family);\">1.Zdejmuj bi\u017cuteri\u0119 do snu oraz k\u0105pieli.<\/span><\/p>\n<p class=\"my-0\"><span style=\"font-family: var(--global-body-font-family);\">2.Unikaj kontaktu z detergentami, balsamami, perfumami.<\/span><\/p>\n<p class=\"my-0\"><span style=\"font-family: var(--global-body-font-family);\">3.Przechowuj bi\u017cuteri\u0119 w zamkni\u0119tym pude\u0142eczku.<\/span><\/p>\n<p class=\"my-0\"><span style=\"font-family: var(--global-body-font-family);\">4.Przecieraj specjalnie do tego przeznaczon\u0105 szmatk\u0105.<\/span><\/p>\n<p class=\"my-0\"><span style=\"font-family: var(--global-body-font-family);\">5.Zdejmuj podczas opalania i ograniczaj d\u0142ugotrwa\u0142y kontakt z promieniami s\u0142onecznymi.<\/span><\/p>\n<p class=\"my-0\"><span style=\"font-family: var(--global-body-font-family);\">Stosowanie si\u0119 do powy\u017cszych zasad pozwoli si\u0119 d\u0142ugo cieszy\u0107 pi\u0119kn\u0105 bi\u017cuteri\u0105.<\/span><\/p>\n","protected":false},"excerpt":{"rendered":"<p>Przenie\u015b si\u0119 my\u015blami na s\u0142oneczn\u0105 Sycyli\u0119 dzi\u0119ki naszemu wyj\u0105tkowemu zestawowi naszyjnik\u00f3w w soczystych, energetycznych kolorach! Ta kolekcja to kwintesencja rado\u015bci, wakacyjnej lekko\u015bci i w\u0142oskiego stylu, kt\u00f3ry roz\u015bwietli ka\u017cd\u0105 stylizacj\u0119. W zestawie znajdziesz: Okr\u0105g\u0142y naszyjnik z ma\u0142ych szklanych kuleczek \u2013 po\u0142\u0105czenie r\u00f3\u017cu i \u017c\u00f3\u0142tego tworzy efekt promieni s\u0142onecznych odbijaj\u0105cych si\u0119 od sycylijskich pla\u017c. To idealny, s\u0142oneczny&#8230;<\/p>\n","protected":false},"featured_media":1032,"comment_status":"open","ping_status":"closed","template":"","meta":{"_kadence_starter_templates_imported_post":false,"_kad_post_transparent":"default","_kad_post_title":"","_kad_post_layout":"default","_kad_post_sidebar_id":"","_kad_post_content_style":"default","_kad_post_vertical_padding":"default","_kad_post_feature":"","_kad_post_feature_position":"","_kad_post_header":false,"_kad_post_footer":false},"product_brand":[],"product_cat":[19],"product_tag":[46,20,31,38,27],"class_list":{"0":"post-1031","1":"product","2":"type-product","3":"status-publish","4":"has-post-thumbnail","6":"product_cat-naszyjniki","7":"product_tag-bizuteria","8":"product_tag-naszyjnik","9":"product_tag-naszyjnik-owoce","10":"product_tag-sloneczny-naszyjnik","11":"product_tag-szklana-bizuteria","13":"first","14":"onbackorder","15":"shipping-taxable","16":"purchasable","17":"product-type-variable","18":"entry","19":"content-bg","20":"loop-entry"},"yoast_head":"<!-- This site is optimized with the Yoast SEO plugin v27.4 - https:\/\/yoast.com\/product\/yoast-seo-wordpress\/ -->\n<title>Sicily lemon. -<\/title>\n<meta name=\"robots\" content=\"index, follow, max-snippet:-1, max-image-preview:large, max-video-preview:-1\" \/>\n<link rel=\"canonical\" href=\"https:\/\/sloncejewelry.pl\/?product=sicily-lemon\" \/>\n<meta property=\"og:locale\" content=\"pl_PL\" \/>\n<meta property=\"og:type\" content=\"article\" \/>\n<meta property=\"og:title\" content=\"Sicily lemon. -\" \/>\n<meta property=\"og:description\" content=\"Przenie\u015b si\u0119 my\u015blami na s\u0142oneczn\u0105 Sycyli\u0119 dzi\u0119ki naszemu wyj\u0105tkowemu zestawowi naszyjnik\u00f3w w soczystych, energetycznych kolorach! Ta kolekcja to kwintesencja rado\u015bci, wakacyjnej lekko\u015bci i w\u0142oskiego stylu, kt\u00f3ry roz\u015bwietli ka\u017cd\u0105 stylizacj\u0119. W zestawie znajdziesz: Okr\u0105g\u0142y naszyjnik z ma\u0142ych szklanych kuleczek \u2013 po\u0142\u0105czenie r\u00f3\u017cu i \u017c\u00f3\u0142tego tworzy efekt promieni s\u0142onecznych odbijaj\u0105cych si\u0119 od sycylijskich pla\u017c. To idealny, s\u0142oneczny...\" \/>\n<meta property=\"og:url\" content=\"https:\/\/sloncejewelry.pl\/?product=sicily-lemon\" \/>\n<meta name=\"twitter:card\" content=\"summary_large_image\" \/>\n<meta name=\"twitter:label1\" content=\"Szacowany czas czytania\" \/>\n\t<meta name=\"twitter:data1\" content=\"2 minuty\" \/>\n<script type=\"application\/ld+json\" class=\"yoast-schema-graph\">{\"@context\":\"https:\\\/\\\/schema.org\",\"@graph\":[{\"@type\":\"WebPage\",\"@id\":\"https:\\\/\\\/sloncejewelry.pl\\\/?product=sicily-lemon\",\"url\":\"https:\\\/\\\/sloncejewelry.pl\\\/?product=sicily-lemon\",\"name\":\"Sicily lemon. -\",\"isPartOf\":{\"@id\":\"https:\\\/\\\/sloncejewelry.pl\\\/#website\"},\"primaryImageOfPage\":{\"@id\":\"https:\\\/\\\/sloncejewelry.pl\\\/?product=sicily-lemon#primaryimage\"},\"image\":{\"@id\":\"https:\\\/\\\/sloncejewelry.pl\\\/?product=sicily-lemon#primaryimage\"},\"thumbnailUrl\":\"https:\\\/\\\/sloncejewelry.pl\\\/wp-content\\\/uploads\\\/2025\\\/05\\\/IMG_8349-scaled.jpg\",\"datePublished\":\"2025-05-28T18:01:18+00:00\",\"breadcrumb\":{\"@id\":\"https:\\\/\\\/sloncejewelry.pl\\\/?product=sicily-lemon#breadcrumb\"},\"inLanguage\":\"pl-PL\",\"potentialAction\":[{\"@type\":\"ReadAction\",\"target\":[\"https:\\\/\\\/sloncejewelry.pl\\\/?product=sicily-lemon\"]}]},{\"@type\":\"ImageObject\",\"inLanguage\":\"pl-PL\",\"@id\":\"https:\\\/\\\/sloncejewelry.pl\\\/?product=sicily-lemon#primaryimage\",\"url\":\"https:\\\/\\\/sloncejewelry.pl\\\/wp-content\\\/uploads\\\/2025\\\/05\\\/IMG_8349-scaled.jpg\",\"contentUrl\":\"https:\\\/\\\/sloncejewelry.pl\\\/wp-content\\\/uploads\\\/2025\\\/05\\\/IMG_8349-scaled.jpg\",\"width\":1920,\"height\":2560,\"caption\":\"naszyjnik ze szklanych kulek, naszyjnik z cytrynk\u0105\"},{\"@type\":\"BreadcrumbList\",\"@id\":\"https:\\\/\\\/sloncejewelry.pl\\\/?product=sicily-lemon#breadcrumb\",\"itemListElement\":[{\"@type\":\"ListItem\",\"position\":1,\"name\":\"Strona g\u0142\u00f3wna\",\"item\":\"https:\\\/\\\/sloncejewelry.pl\\\/\"},{\"@type\":\"ListItem\",\"position\":2,\"name\":\"Sklep\",\"item\":\"https:\\\/\\\/sloncejewelry.pl\\\/?page_id=408\"},{\"@type\":\"ListItem\",\"position\":3,\"name\":\"Sicily lemon.\"}]},{\"@type\":\"WebSite\",\"@id\":\"https:\\\/\\\/sloncejewelry.pl\\\/#website\",\"url\":\"https:\\\/\\\/sloncejewelry.pl\\\/\",\"name\":\"\",\"description\":\"\",\"potentialAction\":[{\"@type\":\"SearchAction\",\"target\":{\"@type\":\"EntryPoint\",\"urlTemplate\":\"https:\\\/\\\/sloncejewelry.pl\\\/?s={search_term_string}\"},\"query-input\":{\"@type\":\"PropertyValueSpecification\",\"valueRequired\":true,\"valueName\":\"search_term_string\"}}],\"inLanguage\":\"pl-PL\"}]}<\/script>\n<!-- \/ Yoast SEO plugin. -->","yoast_head_json":{"title":"Sicily lemon. -","robots":{"index":"index","follow":"follow","max-snippet":"max-snippet:-1","max-image-preview":"max-image-preview:large","max-video-preview":"max-video-preview:-1"},"canonical":"https:\/\/sloncejewelry.pl\/?product=sicily-lemon","og_locale":"pl_PL","og_type":"article","og_title":"Sicily lemon. -","og_description":"Przenie\u015b si\u0119 my\u015blami na s\u0142oneczn\u0105 Sycyli\u0119 dzi\u0119ki naszemu wyj\u0105tkowemu zestawowi naszyjnik\u00f3w w soczystych, energetycznych kolorach! Ta kolekcja to kwintesencja rado\u015bci, wakacyjnej lekko\u015bci i w\u0142oskiego stylu, kt\u00f3ry roz\u015bwietli ka\u017cd\u0105 stylizacj\u0119. W zestawie znajdziesz: Okr\u0105g\u0142y naszyjnik z ma\u0142ych szklanych kuleczek \u2013 po\u0142\u0105czenie r\u00f3\u017cu i \u017c\u00f3\u0142tego tworzy efekt promieni s\u0142onecznych odbijaj\u0105cych si\u0119 od sycylijskich pla\u017c. To idealny, s\u0142oneczny...","og_url":"https:\/\/sloncejewelry.pl\/?product=sicily-lemon","twitter_card":"summary_large_image","twitter_misc":{"Szacowany czas czytania":"2 minuty"},"schema":{"@context":"https:\/\/schema.org","@graph":[{"@type":"WebPage","@id":"https:\/\/sloncejewelry.pl\/?product=sicily-lemon","url":"https:\/\/sloncejewelry.pl\/?product=sicily-lemon","name":"Sicily lemon. -","isPartOf":{"@id":"https:\/\/sloncejewelry.pl\/#website"},"primaryImageOfPage":{"@id":"https:\/\/sloncejewelry.pl\/?product=sicily-lemon#primaryimage"},"image":{"@id":"https:\/\/sloncejewelry.pl\/?product=sicily-lemon#primaryimage"},"thumbnailUrl":"https:\/\/sloncejewelry.pl\/wp-content\/uploads\/2025\/05\/IMG_8349-scaled.jpg","datePublished":"2025-05-28T18:01:18+00:00","breadcrumb":{"@id":"https:\/\/sloncejewelry.pl\/?product=sicily-lemon#breadcrumb"},"inLanguage":"pl-PL","potentialAction":[{"@type":"ReadAction","target":["https:\/\/sloncejewelry.pl\/?product=sicily-lemon"]}]},{"@type":"ImageObject","inLanguage":"pl-PL","@id":"https:\/\/sloncejewelry.pl\/?product=sicily-lemon#primaryimage","url":"https:\/\/sloncejewelry.pl\/wp-content\/uploads\/2025\/05\/IMG_8349-scaled.jpg","contentUrl":"https:\/\/sloncejewelry.pl\/wp-content\/uploads\/2025\/05\/IMG_8349-scaled.jpg","width":1920,"height":2560,"caption":"naszyjnik ze szklanych kulek, naszyjnik z cytrynk\u0105"},{"@type":"BreadcrumbList","@id":"https:\/\/sloncejewelry.pl\/?product=sicily-lemon#breadcrumb","itemListElement":[{"@type":"ListItem","position":1,"name":"Strona g\u0142\u00f3wna","item":"https:\/\/sloncejewelry.pl\/"},{"@type":"ListItem","position":2,"name":"Sklep","item":"https:\/\/sloncejewelry.pl\/?page_id=408"},{"@type":"ListItem","position":3,"name":"Sicily lemon."}]},{"@type":"WebSite","@id":"https:\/\/sloncejewelry.pl\/#website","url":"https:\/\/sloncejewelry.pl\/","name":"","description":"","potentialAction":[{"@type":"SearchAction","target":{"@type":"EntryPoint","urlTemplate":"https:\/\/sloncejewelry.pl\/?s={search_term_string}"},"query-input":{"@type":"PropertyValueSpecification","valueRequired":true,"valueName":"search_term_string"}}],"inLanguage":"pl-PL"}]}},"jetpack_sharing_enabled":true,"_links":{"self":[{"href":"https:\/\/sloncejewelry.pl\/index.php?rest_route=\/wp\/v2\/product\/1031","targetHints":{"allow":["GET"]}}],"collection":[{"href":"https:\/\/sloncejewelry.pl\/index.php?rest_route=\/wp\/v2\/product"}],"about":[{"href":"https:\/\/sloncejewelry.pl\/index.php?rest_route=\/wp\/v2\/types\/product"}],"replies":[{"embeddable":true,"href":"https:\/\/sloncejewelry.pl\/index.php?rest_route=%2Fwp%2Fv2%2Fcomments&post=1031"}],"wp:featuredmedia":[{"embeddable":true,"href":"https:\/\/sloncejewelry.pl\/index.php?rest_route=\/wp\/v2\/media\/1032"}],"wp:attachment":[{"href":"https:\/\/sloncejewelry.pl\/index.php?rest_route=%2Fwp%2Fv2%2Fmedia&parent=1031"}],"wp:term":[{"taxonomy":"product_brand","embeddable":true,"href":"https:\/\/sloncejewelry.pl\/index.php?rest_route=%2Fwp%2Fv2%2Fproduct_brand&post=1031"},{"taxonomy":"product_cat","embeddable":true,"href":"https:\/\/sloncejewelry.pl\/index.php?rest_route=%2Fwp%2Fv2%2Fproduct_cat&post=1031"},{"taxonomy":"product_tag","embeddable":true,"href":"https:\/\/sloncejewelry.pl\/index.php?rest_route=%2Fwp%2Fv2%2Fproduct_tag&post=1031"}],"curies":[{"name":"wp","href":"https:\/\/api.w.org\/{rel}","templated":true}]}}