{"id":461,"date":"2025-01-30T23:47:32","date_gmt":"2025-01-30T22:47:32","guid":{"rendered":"https:\/\/sloncejewelry.pl\/?page_id=461"},"modified":"2025-04-19T17:48:51","modified_gmt":"2025-04-19T15:48:51","slug":"polityka-prywatnosci-2","status":"publish","type":"page","link":"https:\/\/sloncejewelry.pl\/?page_id=461","title":{"rendered":"Polityka prywatno\u015bci"},"content":{"rendered":"\t\t<div data-elementor-type=\"wp-page\" data-elementor-id=\"461\" class=\"elementor elementor-461\">\n\t\t\t\t<div class=\"elementor-element elementor-element-5e03274c e-flex e-con-boxed e-con e-parent\" data-id=\"5e03274c\" data-element_type=\"container\" data-e-type=\"container\">\n\t\t\t\t\t<div class=\"e-con-inner\">\n\t\t\t\t<div class=\"elementor-element elementor-element-69438dae elementor-widget elementor-widget-text-editor\" data-id=\"69438dae\" data-element_type=\"widget\" data-e-type=\"widget\" data-widget_type=\"text-editor.default\">\n\t\t\t\t<div class=\"elementor-widget-container\">\n\t\t\t\t\t\t\t\t\t\n<p><mark><strong>I. Postanowienia og\u00f3lne<\/strong><\/mark><\/p>\n\n<ol class=\"wp-block-list\">\n<li><mark>Polityka prywatno\u015bci okre\u015bla, jak zbierane, przetwarzane i przechowywane s\u0105 dane osobowe U\u017cytkownik\u00f3w niezb\u0119dne do \u015bwiadczenia us\u0142ug drog\u0105 elektroniczn\u0105 za po\u015brednictwem serwisu internetowego\u00a0www.sloncejewelry.pl\u00a0.<\/mark><\/li>\n\n<li><mark>Serwis zbiera wy\u0142\u0105cznie dane osobowe niezb\u0119dne do \u015bwiadczenia i rozwoju us\u0142ug w nim oferowanych.<\/mark><\/li>\n\n<li><mark>Dane osobowe zbierane za po\u015brednictwem Serwisu s\u0105 przetwarzane zgodnie z\u00a0Rozporz\u0105dzeniem Parlamentu Europejskiego i\u00a0Rady (UE) 2016\/679 z\u00a0dnia 27 kwietnia 2016 r. w\u00a0sprawie ochrony os\u00f3b fizycznych w\u00a0zwi\u0105zku z\u00a0przetwarzaniem danych osobowych i\u00a0w sprawie swobodnego przep\u0142ywu takich danych oraz uchylenia dyrektywy 95\/46\/WE (og\u00f3lne rozporz\u0105dzenie o\u00a0ochronie danych, dalej RODO) oraz ustaw\u0105 o ochronie danych osobowych z dnia 10 maja 2018 r.<\/mark><\/li>\n<\/ol>\n\n<p><mark><strong>II. Administrator danych<\/strong><\/mark><\/p>\n\n<p><mark>Administratorem danych osobowych zbieranych poprzez Serwis jest S\u0142o\u0144ce Jewelry Malwina Staro\u0144, adres: Ul.Wysoka 8A\/76 41-209 Sosnowiec, NIP: 6443546221, REGON: 381868364, adres poczty elektronicznej: s\u0142o\u0144ce.jewelry@onet.pl.<\/mark><\/p>\n\n<p><mark><strong>III. Cel zbierania danych osobowych<\/strong><\/mark><\/p>\n\n<ol class=\"wp-block-list\">\n<li><mark>Dane osobowe wykorzystywane s\u0105 w celu:<\/mark>\n<ul class=\"wp-block-list\">\n<li><mark>rejestracji konta i weryfikacji to\u017csamo\u015bci U\u017cytkownika,<\/mark><\/li>\n\n<li><mark>umo\u017cliwienia logowania do Serwisu,<\/mark><\/li>\n\n<li><mark>realizacji umowy dotycz\u0105cej us\u0142ug i e-us\u0142ug,<\/mark><\/li>\n\n<li><mark>komunikacji z U\u017cytkownikiem (livechat, formularz kontaktowy itp.)<\/mark><\/li>\n\n<li><mark>wysy\u0142ki newslettera (po wyra\u017ceniu zgody U\u017cytkownika na jego otrzymywanie),<\/mark><\/li>\n\n<li><mark>prowadzenia systemu komentarzy,<\/mark><\/li>\n\n<li><mark>\u015bwiadczenia us\u0142ug spo\u0142eczno\u015bciowych,<\/mark><\/li>\n\n<li><mark>promocji oferty Administratora,<\/mark><\/li>\n\n<li><mark>marketingu, remarketingu, afiliacji,<\/mark><\/li>\n\n<li><mark>personalizacji Serwisu dla U\u017cytkownik\u00f3w,<\/mark><\/li>\n\n<li><mark>dzia\u0142a\u0144 analitycznych i statystycznych,<\/mark><\/li>\n\n<li><mark>windykacji nale\u017cno\u015bci,<\/mark><\/li>\n\n<li><mark>ustalenia i dochodzenia roszcze\u0144\u00a0albo obrony przed nimi.<\/mark><\/li>\n<\/ul>\n<\/li>\n\n<li><mark>Podanie danych jest dobrowolne, ale niezb\u0119dne do zawarcia umowy albo skorzystania z innych funkcjonalno\u015bci Serwisu.<\/mark><\/li>\n<\/ol>\n\n<p><mark><strong>IV. Rodzaj przetwarzanych danych osobowych<\/strong><\/mark><\/p>\n\n<p><mark>Administrator mo\u017ce przetwarza\u0107\u00a0dane osobowe U\u017cytkownika: imi\u0119 i nazwisko, data urodzenia, adres zamieszkania, adres e-mail, numer telefonu, NIP.<\/mark><\/p>\n\n<p><mark><strong>V. Okres przetwarzania danych osobowych<\/strong><\/mark><\/p>\n\n<p><mark>Dane osobowe U\u017cytkownik\u00f3w b\u0119d\u0105 przetwarzane przez okres:<\/mark><\/p>\n\n<ul class=\"wp-block-list\">\n<li><mark>gdy podstaw\u0105 przetwarzania danych jest wykonanie umowy \u2013 do momentu przedawnienia roszcze\u0144 po jej wykonaniu,<\/mark><\/li>\n\n<li><mark>gdy podstaw\u0105 przetwarzania danych jest zgoda \u2013 do momentu jej odwo\u0142ania, a\u00a0po odwo\u0142aniu zgody do przedawnienia roszcze\u0144.<\/mark><\/li>\n<\/ul>\n\n<p><mark>W obu przypadkach termin przedawnienia wynosi 6 lat, a\u00a0dla roszcze\u0144 o\u00a0\u015bwiadczenia okresowe i roszcze\u0144 dotycz\u0105cych\u00a0prowadzenia dzia\u0142alno\u015bci gospodarczej \u2013 3 lata (je\u015bli przepis szczeg\u00f3lny nie stanowi inaczej).<\/mark><\/p>\n\n<p><mark><strong>VI. Udost\u0119pnianie danych osobowych<\/strong><\/mark><\/p>\n\n<ol class=\"wp-block-list\">\n<li><mark>Dane osobowe U\u017cytkownik\u00f3w mog\u0105 by\u0107 przekazywane: podmiotom powi\u0105zanym z Administratorem, jego podwykonawcom, podmiotom wsp\u00f3\u0142pracuj\u0105cym z Administratorem np. firmom obs\u0142uguj\u0105cym e-p\u0142atno\u015bci, firmom \u015bwiadcz\u0105cym us\u0142ugi kurierskie\/pocztowe, kancelariom prawnym.<\/mark><\/li>\n\n<li><mark>Dane osobowe U\u017cytkownik\u00f3w\u00a0nie b\u0119d\u0105\u00a0przekazywane poza teren Europejskiego Obszaru Gospodarczego (EOG).<\/mark><\/li>\n<\/ol>\n\n<p><mark><strong>VII. Prawa U\u017cytkownik\u00f3w<\/strong><\/mark><\/p>\n\n<ol class=\"wp-block-list\">\n<li><mark>U\u017cytkownik Serwisu ma prawo do: dost\u0119pu do tre\u015bci swoich danych osobowych, ich sprostowania, usuni\u0119cia, ograniczenia przetwarzania, przenoszenia, wniesienia sprzeciwu wobec przetwarzania, cofni\u0119cia zgody w ka\u017cdej chwili (co nie ma\u00a0wp\u0142ywu na zgodno\u015b\u0107 z prawem przetwarzania dokonanego w oparciu o zgod\u0119 przed jej cofni\u0119ciem).<\/mark><\/li>\n\n<li><mark>Zg\u0142oszenie o wyst\u0105pieniu przez U\u017cytkownika z\u00a0uprawnieniem wynikaj\u0105cym z\u00a0wymienionych praw nale\u017cy przes\u0142a\u0107 na adres\u00a0s\u0142o\u0144ce.jewelry@onet.pl.<\/mark><\/li>\n\n<li><mark>Administrator spe\u0142nia lub odmawia\u00a0spe\u0142nienia \u017c\u0105dania\u00a0niezw\u0142ocznie \u2013 maksymalnie w ci\u0105gu miesi\u0105ca od jego otrzymania.<\/mark><\/li>\n\n<li><mark>U\u017cytkownik ma prawo z\u0142o\u017cy\u0107 skarg\u0119 do Prezesa Urz\u0119du Ochrony Danych Osobowych, je\u015bli uzna, \u017ce przetwarzanie narusza jego prawa i wolno\u015bci (RODO).<\/mark><\/li>\n<\/ol>\n\n<p><mark><strong>VIII. Pliki cookies<\/strong><\/mark><\/p>\n\n<ol class=\"wp-block-list\">\n<li><mark>Serwis zbiera informacje za pomoc\u0105 plik\u00f3w cookies \u2013 sesyjnych, sta\u0142ych i podmiot\u00f3w zewn\u0119trznych.<\/mark><\/li>\n\n<li><mark>Zbieranie plik\u00f3w cookies wspiera poprawne \u015bwiadczenie us\u0142ug w Serwisie i s\u0142u\u017cy celom statystycznym.<\/mark><\/li>\n\n<li><mark>U\u017cytkownik mo\u017ce okre\u015bli\u0107 zakres dost\u0119pu plik\u00f3w cookies do swojego urz\u0105dzenia w ustawieniach przegl\u0105darki.<\/mark><\/li>\n<\/ol>\n\n<p><mark><strong>IX. Zautomatyzowane podejmowanie decyzji i profilowanie<\/strong><\/mark><\/p>\n\n<ol class=\"wp-block-list\">\n<li><mark>Dane U\u017cytkownik\u00f3w nie mog\u0105 by\u0107\u00a0przetwarzane w zautomatyzowany spos\u00f3b tak, \u017ce na skutek tego mog\u0142yby zapa\u015b\u0107 wobec nich jakiekolwiek decyzje.<\/mark><\/li>\n\n<li><mark>Dane U\u017cytkownik\u00f3w mog\u0105 by\u0107 profilowane celem dostosowania tre\u015bci i personalizacji oferty po wyra\u017ceniu przez nich zgody.<\/mark><\/li>\n<\/ol>\n\n<p><mark><strong>X. Postanowienia ko\u0144cowe<\/strong><\/mark><\/p>\n\n<ol class=\"wp-block-list\">\n<li><mark>Administrator ma prawo do wprowadzenia zmian w Polityce prywatno\u015bci, przy czym prawa U\u017cytkownik\u00f3w nie zostan\u0105 ograniczone.<\/mark><\/li>\n\n<li><mark>Informacja o wprowadzonych zmianach pojawi si\u0119 w formie komunikatu dost\u0119pnego w Serwisie.<\/mark><\/li>\n\n<li><mark>W sprawach nieuregulowanych w niniejszej Polityce prywatno\u015bci obowi\u0105zuj\u0105 przepisy RODO i przepisy prawa polskiego.<\/mark><\/li>\n<\/ol>\n\n<p><mark>Informacje na temat polityki prywatno\u015bci i plik\u00f3w cookies znajdziesz na\u00a0<a href=\"https:\/\/www.wygranaonline.com\/polityka-prywatnosci-wzor-generator\/\" target=\"_blank\" rel=\"noreferrer noopener\">WygranaOnline<\/a>.<\/mark><\/p>\n\n<h2 class=\"wp-block-heading\">\u00a0<\/h2>\n\t\t\t\t\t\t\t\t<\/div>\n\t\t\t\t<\/div>\n\t\t\t\t\t<\/div>\n\t\t\t\t<\/div>\n\t\t\t\t<\/div>\n\t\t","protected":false},"excerpt":{"rendered":"<p>I. Postanowienia og\u00f3lne II. Administrator danych Administratorem danych osobowych zbieranych poprzez Serwis jest S\u0142o\u0144ce Jewelry Malwina Staro\u0144, adres: Ul.Wysoka 8A\/76 41-209 Sosnowiec, NIP: 6443546221, REGON: 381868364, adres poczty elektronicznej: s\u0142o\u0144ce.jewelry@onet.pl. III. Cel zbierania danych osobowych IV. Rodzaj przetwarzanych danych osobowych Administrator mo\u017ce przetwarza\u0107\u00a0dane osobowe U\u017cytkownika: imi\u0119 i nazwisko, data urodzenia, adres zamieszkania, adres e-mail, numer&#8230;<\/p>\n","protected":false},"author":1,"featured_media":0,"parent":0,"menu_order":0,"comment_status":"closed","ping_status":"closed","template":"","meta":{"_kadence_starter_templates_imported_post":false,"_kad_post_transparent":"","_kad_post_title":"","_kad_post_layout":"","_kad_post_sidebar_id":"","_kad_post_content_style":"","_kad_post_vertical_padding":"","_kad_post_feature":"","_kad_post_feature_position":"","_kad_post_header":false,"_kad_post_footer":false,"footnotes":""},"class_list":["post-461","page","type-page","status-publish","hentry"],"yoast_head":"<!-- This site is optimized with the Yoast SEO plugin v27.4 - https:\/\/yoast.com\/product\/yoast-seo-wordpress\/ -->\n<title>Polityka prywatno\u015bci -<\/title>\n<meta name=\"robots\" content=\"index, follow, max-snippet:-1, max-image-preview:large, max-video-preview:-1\" \/>\n<link rel=\"canonical\" href=\"https:\/\/sloncejewelry.pl\/?page_id=461\" \/>\n<meta property=\"og:locale\" content=\"pl_PL\" \/>\n<meta property=\"og:type\" content=\"article\" \/>\n<meta property=\"og:title\" content=\"Polityka prywatno\u015bci -\" \/>\n<meta property=\"og:description\" content=\"I. Postanowienia og\u00f3lne II. Administrator danych Administratorem danych osobowych zbieranych poprzez Serwis jest S\u0142o\u0144ce Jewelry Malwina Staro\u0144, adres: Ul.Wysoka 8A\/76 41-209 Sosnowiec, NIP: 6443546221, REGON: 381868364, adres poczty elektronicznej: s\u0142o\u0144ce.jewelry@onet.pl. III. Cel zbierania danych osobowych IV. Rodzaj przetwarzanych danych osobowych Administrator mo\u017ce przetwarza\u0107\u00a0dane osobowe U\u017cytkownika: imi\u0119 i nazwisko, data urodzenia, adres zamieszkania, adres e-mail, numer...\" \/>\n<meta property=\"og:url\" content=\"https:\/\/sloncejewelry.pl\/?page_id=461\" \/>\n<meta property=\"article:modified_time\" content=\"2025-04-19T15:48:51+00:00\" \/>\n<meta name=\"twitter:card\" content=\"summary_large_image\" \/>\n<meta name=\"twitter:label1\" content=\"Szacowany czas czytania\" \/>\n\t<meta name=\"twitter:data1\" content=\"4 minuty\" \/>\n<script type=\"application\/ld+json\" class=\"yoast-schema-graph\">{\"@context\":\"https:\\\/\\\/schema.org\",\"@graph\":[{\"@type\":\"WebPage\",\"@id\":\"https:\\\/\\\/sloncejewelry.pl\\\/?page_id=461\",\"url\":\"https:\\\/\\\/sloncejewelry.pl\\\/?page_id=461\",\"name\":\"Polityka prywatno\u015bci -\",\"isPartOf\":{\"@id\":\"https:\\\/\\\/sloncejewelry.pl\\\/#website\"},\"datePublished\":\"2025-01-30T22:47:32+00:00\",\"dateModified\":\"2025-04-19T15:48:51+00:00\",\"breadcrumb\":{\"@id\":\"https:\\\/\\\/sloncejewelry.pl\\\/?page_id=461#breadcrumb\"},\"inLanguage\":\"pl-PL\",\"potentialAction\":[{\"@type\":\"ReadAction\",\"target\":[\"https:\\\/\\\/sloncejewelry.pl\\\/?page_id=461\"]}]},{\"@type\":\"BreadcrumbList\",\"@id\":\"https:\\\/\\\/sloncejewelry.pl\\\/?page_id=461#breadcrumb\",\"itemListElement\":[{\"@type\":\"ListItem\",\"position\":1,\"name\":\"Strona g\u0142\u00f3wna\",\"item\":\"https:\\\/\\\/sloncejewelry.pl\\\/\"},{\"@type\":\"ListItem\",\"position\":2,\"name\":\"Polityka prywatno\u015bci\"}]},{\"@type\":\"WebSite\",\"@id\":\"https:\\\/\\\/sloncejewelry.pl\\\/#website\",\"url\":\"https:\\\/\\\/sloncejewelry.pl\\\/\",\"name\":\"\",\"description\":\"\",\"potentialAction\":[{\"@type\":\"SearchAction\",\"target\":{\"@type\":\"EntryPoint\",\"urlTemplate\":\"https:\\\/\\\/sloncejewelry.pl\\\/?s={search_term_string}\"},\"query-input\":{\"@type\":\"PropertyValueSpecification\",\"valueRequired\":true,\"valueName\":\"search_term_string\"}}],\"inLanguage\":\"pl-PL\"}]}<\/script>\n<!-- \/ Yoast SEO plugin. -->","yoast_head_json":{"title":"Polityka prywatno\u015bci -","robots":{"index":"index","follow":"follow","max-snippet":"max-snippet:-1","max-image-preview":"max-image-preview:large","max-video-preview":"max-video-preview:-1"},"canonical":"https:\/\/sloncejewelry.pl\/?page_id=461","og_locale":"pl_PL","og_type":"article","og_title":"Polityka prywatno\u015bci -","og_description":"I. Postanowienia og\u00f3lne II. Administrator danych Administratorem danych osobowych zbieranych poprzez Serwis jest S\u0142o\u0144ce Jewelry Malwina Staro\u0144, adres: Ul.Wysoka 8A\/76 41-209 Sosnowiec, NIP: 6443546221, REGON: 381868364, adres poczty elektronicznej: s\u0142o\u0144ce.jewelry@onet.pl. III. Cel zbierania danych osobowych IV. Rodzaj przetwarzanych danych osobowych Administrator mo\u017ce przetwarza\u0107\u00a0dane osobowe U\u017cytkownika: imi\u0119 i nazwisko, data urodzenia, adres zamieszkania, adres e-mail, numer...","og_url":"https:\/\/sloncejewelry.pl\/?page_id=461","article_modified_time":"2025-04-19T15:48:51+00:00","twitter_card":"summary_large_image","twitter_misc":{"Szacowany czas czytania":"4 minuty"},"schema":{"@context":"https:\/\/schema.org","@graph":[{"@type":"WebPage","@id":"https:\/\/sloncejewelry.pl\/?page_id=461","url":"https:\/\/sloncejewelry.pl\/?page_id=461","name":"Polityka prywatno\u015bci -","isPartOf":{"@id":"https:\/\/sloncejewelry.pl\/#website"},"datePublished":"2025-01-30T22:47:32+00:00","dateModified":"2025-04-19T15:48:51+00:00","breadcrumb":{"@id":"https:\/\/sloncejewelry.pl\/?page_id=461#breadcrumb"},"inLanguage":"pl-PL","potentialAction":[{"@type":"ReadAction","target":["https:\/\/sloncejewelry.pl\/?page_id=461"]}]},{"@type":"BreadcrumbList","@id":"https:\/\/sloncejewelry.pl\/?page_id=461#breadcrumb","itemListElement":[{"@type":"ListItem","position":1,"name":"Strona g\u0142\u00f3wna","item":"https:\/\/sloncejewelry.pl\/"},{"@type":"ListItem","position":2,"name":"Polityka prywatno\u015bci"}]},{"@type":"WebSite","@id":"https:\/\/sloncejewelry.pl\/#website","url":"https:\/\/sloncejewelry.pl\/","name":"","description":"","potentialAction":[{"@type":"SearchAction","target":{"@type":"EntryPoint","urlTemplate":"https:\/\/sloncejewelry.pl\/?s={search_term_string}"},"query-input":{"@type":"PropertyValueSpecification","valueRequired":true,"valueName":"search_term_string"}}],"inLanguage":"pl-PL"}]}},"jetpack_sharing_enabled":true,"_links":{"self":[{"href":"https:\/\/sloncejewelry.pl\/index.php?rest_route=\/wp\/v2\/pages\/461","targetHints":{"allow":["GET"]}}],"collection":[{"href":"https:\/\/sloncejewelry.pl\/index.php?rest_route=\/wp\/v2\/pages"}],"about":[{"href":"https:\/\/sloncejewelry.pl\/index.php?rest_route=\/wp\/v2\/types\/page"}],"author":[{"embeddable":true,"href":"https:\/\/sloncejewelry.pl\/index.php?rest_route=\/wp\/v2\/users\/1"}],"replies":[{"embeddable":true,"href":"https:\/\/sloncejewelry.pl\/index.php?rest_route=%2Fwp%2Fv2%2Fcomments&post=461"}],"version-history":[{"count":7,"href":"https:\/\/sloncejewelry.pl\/index.php?rest_route=\/wp\/v2\/pages\/461\/revisions"}],"predecessor-version":[{"id":527,"href":"https:\/\/sloncejewelry.pl\/index.php?rest_route=\/wp\/v2\/pages\/461\/revisions\/527"}],"wp:attachment":[{"href":"https:\/\/sloncejewelry.pl\/index.php?rest_route=%2Fwp%2Fv2%2Fmedia&parent=461"}],"curies":[{"name":"wp","href":"https:\/\/api.w.org\/{rel}","templated":true}]}}